{"id":171,"date":"2021-01-11T18:40:38","date_gmt":"2021-01-11T18:40:38","guid":{"rendered":"https:\/\/koiliako.com\/?page_id=171"},"modified":"2021-02-01T10:21:52","modified_gmt":"2021-02-01T09:21:52","slug":"avis-legal","status":"publish","type":"page","link":"https:\/\/koiliako.com\/ca\/avis-legal\/","title":{"rendered":"Av\u00eds legal"},"content":{"rendered":"<p>[et_pb_section fb_built=&#8221;1&#8243; module_id=&#8221;theTitle&#8221; _builder_version=&#8221;4.4.0&#8243;][et_pb_row _builder_version=&#8221;4.4.0&#8243;][et_pb_column type=&#8221;4_4&#8243; _builder_version=&#8221;4.4.0&#8243;][et_pb_text _builder_version=&#8221;4.4.0&#8243;]<\/p>\n<h1>Av\u00eds legal\u00a0<\/h1>\n<p>[\/et_pb_text][\/et_pb_column][\/et_pb_row][\/et_pb_section][et_pb_section fb_built=&#8221;1&#8243; _builder_version=&#8221;4.4.0&#8243;][et_pb_row _builder_version=&#8221;4.4.0&#8243;][et_pb_column type=&#8221;4_4&#8243; _builder_version=&#8221;4.4.0&#8243;][et_pb_text _builder_version=&#8221;4.4.0&#8243; hover_enabled=&#8221;0&#8243;]<\/p>\n<div class=\"et_builder_inner_content et_pb_gutters3\">\n<p><strong class=\"condicionesHeader\">1.Dades identificatives del \u2018Prestador de Serveis de la Societat de la Informaci\u00f3\u2019<\/strong><\/p>\n<p>De conformitat amb l\u2019article 10 de la Llei 34\/2002, de Serveis de la Societat de la Informaci\u00f3 i Comer\u00e7 Electr\u00f2nic, es posa en el seu coneixement que Bendito Problema\u00a0S.L. (d\u2019ara endavant, KOILIA KO), amb C.I.F. B02926715, \u00e9s el titular de l\u2019activitat desplegada a trav\u00e9s del lloc web\u00a0<a href=\"http:\/\/www.koiliako.com\">www.koiliako.com<\/a>, amb domicili social a aquest efecte al C\/Sant Pau 12, 08182 Sant Feliu de Codines, Barcelona.<\/p>\n<p>KOILIA KO (Bendito Problema\u00a0S.L.) \u00e9s una empresa inscrita en el Registre Mercantil de Barcelona, volum 47599, foli 137, fulla 556750.<\/p>\n<p>En cas de voler posar-se en contacte amb nosaltres, pot dirigir-se al domicili a dalt indicat, aix\u00ed com al Correu-e:\u00a0<a href=\"mailto:info@koiliako.com\">info@koiliako.com<\/a>.<\/p>\n<p><strong class=\"condicionesHeader\">2. Car\u00e0cter de la informaci\u00f3 publicada en la web\/blog<\/strong><\/p>\n<p>Les informacions ofertes mitjan\u00e7ant aquest mitj\u00e0 tenen exclusivament car\u00e0cter il\u00b7lustratiu i informatiu i no es fa responsable dels continguts accessibles mitjan\u00e7ant enlla\u00e7os o documents existents en altres dominis.<\/p>\n<p>KOILIA KO procura que aquesta informaci\u00f3 sigui exacta i precisa, i procedeix a la seva actualitzaci\u00f3 amb la m\u00e0xima celeritat possible, tractant d\u2019evitar errors i corregint-los tan aviat com els detecta. No obstant aix\u00f2, KOILIA KO no pot garantir la inexist\u00e8ncia d\u2019errors ni que el contingut de la informaci\u00f3 es trobi permanentment actualitzat.<\/p>\n<p>La informaci\u00f3 continguda en la web pot ser modificada i actualitzada per\u00a0KOILIA KO, sense necessitat d\u2019av\u00eds previ, tant quant al seu contingut com al seu disseny i presentaci\u00f3.<\/p>\n<p>La informaci\u00f3 proporcionada en resposta a qualsevol consulta o petici\u00f3 d\u2019informaci\u00f3 t\u00e9 car\u00e0cter merament orientatiu.<\/p>\n<p>KOILIA KO procura que la informaci\u00f3 sigui exacta i precisa, i procediran a la seva actualitzaci\u00f3 amb la m\u00e0xima celeritat possible, tractant d\u2019evitar errors i corregint-los tan aviat com els detectin. KOILIA KO no pot garantir la inexist\u00e8ncia d\u2019errors, ni que el contingut de la informaci\u00f3 es trobi, permanentment, actualitzat.<\/p>\n<p><strong class=\"condicionesHeader\">3. Condicions i termes generals d\u2019\u00fas de la web<\/strong><\/p>\n<p>Per l\u2019acc\u00e9s, navegaci\u00f3 per la p\u00e0gina web de KOILIA KO i\/o per la utilitzaci\u00f3 dels serveis inclosos en aquesta, Vost\u00e8 adquireix la condici\u00f3 d\u2019Usuari, sense reserves de cap classe, a totes i cadascuna de les presents Condicions i Termes Generals d\u2019\u00das i de les Condicions Particulars, que si escau regeixin la prestaci\u00f3 dels serveis que es disposessin en el lloc web, sense perjudici de l\u2019atenci\u00f3 i compliment per part de l\u2019Usuari, si escau, de les condicions fixades i previstes pels llocs web\u00a0hipervinculats\u00a0des de\u00a0<a href=\"http:\/\/www.koiliako.com\">www.koiliako.com<\/a>.<\/p>\n<p>KOILIA KO podr\u00e0, en tot moment i sense previ av\u00eds, modificar les Condicions i Termes Generals d\u2019\u00das, aix\u00ed com les Condicions Particulars, que s\u2019establissin.<\/p>\n<p>En tot cas, l\u2019Usuari es compromet a fer un \u00fas adequat dels continguts i serveis que KOILIA KO ofereix a trav\u00e9s de la p\u00e0gina web i, amb car\u00e0cter enunciatiu per\u00f2 no limitatiu:<\/p>\n<p>(i) Inc\u00f3rrer en activitats il\u00b7l\u00edcites, il\u00b7legals o contr\u00e0ries a la bona fe i a l\u2019ordre p\u00fablic.<\/p>\n<p>(ii)\u00a0No introduir, emmagatzemar o difondre en o des de la web, qualsevol informaci\u00f3 o material que, expl\u00edcita o impl\u00edcitament, fora difamatori, injuri\u00f3s, obsc\u00e8, amena\u00e7ador, xen\u00f2fob, d\u2019apologia del terrorisme, pornogr\u00e0fic o inciti a la viol\u00e8ncia, a la discriminaci\u00f3 per ra\u00f3 de ra\u00e7a, sexe, ideologia, religi\u00f3 o que de qualsevol forma atempti contra la moral, l\u2019ordre p\u00fablic, els drets fonamentals, les llibertats p\u00fabliques, amb especial atenci\u00f3 a l\u2019honor, la intimitat o la imatge de tercers i, en general, contra els drets humans.<\/p>\n<p>(iii)\u00a0No utilitzar identitats falses, ni suplantar la identitat d\u2019uns altres en la utilitzaci\u00f3 de la web o en la utilitzaci\u00f3 de qualsevol dels serveis disposats, incloent la utilitzaci\u00f3 si escau de contrasenyes o claus d\u2019acc\u00e9s de tercers o de qualsevol altra forma.<\/p>\n<p>(iv)\u00a0No introduir, emmagatzemar o difondre mitjan\u00e7ant el Portal cap programa d\u2019ordinador, dades, virus, codi, equip de maquinari o de telecomunicacions o qualsevol altre instrument o dispositiu electr\u00f2nic o f\u00edsic que sigui susceptible de causar danys en el Portal, en qualsevol dels serveis, o en qualsevol dels equips, sistemes o xarxes de KOILIA KO o, en general, de qualsevol tercer, o que de qualsevol altra forma sigui capa\u00e7 de causar-los qualsevol tipus d\u2019alteraci\u00f3 o impedir el normal funcionament d\u2019aquests.<\/p>\n<p>(v)\u00a0No destruir, alterar, utilitzar per al seu \u00fas, inutilitzar o danyar les dades, informacions, programes o documents electr\u00f2nics de KOILIA KO o qualssevol tercers<\/p>\n<p>(vi) No introduir, emmagatzemar o difondre mitjan\u00e7ant el Portal qualsevol contingut que infringeixi drets de propietat intel\u00b7lectual, industrial o secrets empresarials de tercers, ni en general cap contingut del qual no ostent\u00e9s, de conformitat amb la llei, el dret a posar-lo a la disposici\u00f3 de tercer.<\/p>\n<p>(vii)\u00a0No utilitzar els serveis oferts en el Portal amb l\u2019objectiu de promocionar empreses i serveis externs, altres p\u00e0gines web i fer campanyes de publicitat o comercials, ni per a actuar en benefici de persones jur\u00eddiques.<\/p>\n<p>En cas de contravenir les condicions anteriors, KOILIA KO es reserva la facultat i estar\u00e0 legitimat per a bloquejar, suspendre o cancel\u00b7lar, de forma immediata i sense previ av\u00eds, l\u2019acc\u00e9s i \u00fas de la p\u00e0gina web i, si escau, per a retirar els continguts presumpta o declaradament il\u00b7legals, ja ho realitzi al seu exclusiu criteri, i a petici\u00f3 de tercer afectat o d\u2019autoritat competent.<\/p>\n<p><strong class=\"condicionesHeader\">4. Responsabilitat<\/strong><\/p>\n<p>KOILIA KO no es fa responsable dels danys i perjudicis que es poguessin derivar de, amb car\u00e0cter merament enunciatiu i no limitatiu:<\/p>\n<p>(i) Infer\u00e8ncies, omissions, interrupcions, virus inform\u00e0tics, avaries i\/o desconnexions en el funcionament operatiu d\u2019aquest sistema electr\u00f2nic o en els aparells i equips inform\u00e0tics dels Usuaris, motivades per causes alienes a KOILIA KO, que impedeixin o retardin la prestaci\u00f3 dels serveis o la navegaci\u00f3 pel Sistema.<\/p>\n<p>(ii)\u00a0Retards o bloquejos en l\u2019\u00fas causats per defici\u00e8ncies o sobrec\u00e0rregues d\u2019Internet o en altres sistemes electr\u00f2nics.<\/p>\n<p>(iii)\u00a0Que puguin ser causats per terceres persones mitjan\u00e7ant intromissions il\u00b7leg\u00edtimes fora del control i que no siguin atribu\u00efbles a KOILIA KO.<\/p>\n<p>(iv)\u00a0De la impossibilitat de donar el servei o permetre l\u2019acc\u00e9s per causes no imputables a KOILIA KO, degudes a l\u2019Usuari, a tercers, o a sup\u00f2sits de for\u00e7a major.<\/p>\n<p><strong>5. Propietat intel\u00b7lectual i industrial<\/strong><\/p>\n<p>El codi font, els dissenys gr\u00e0fics, les imatges, les fotografies, els sons, les animacions, el programari, els textos, els noms de domini, les marques, aix\u00ed com la informaci\u00f3 i els continguts recollits al llarg de tot el Portal estan protegits per la legislaci\u00f3 espanyola, a favor KOILIA KO o dels titulars que si escau s\u2019indiquin.<\/p>\n<p>El seu \u00fas, reproducci\u00f3, distribuci\u00f3, comunicaci\u00f3 p\u00fablica, transformaci\u00f3 o qualsevol altra activitat similar o an\u00e0loga, queda totalment prohibida tret que medi\u00ef autoritzaci\u00f3 expressa KOILIA KO.<\/p>\n<p><strong>6. Utilitzaci\u00f3 de hiperenlla\u00e7os<\/strong><\/p>\n<p>L\u2019usuari d\u2019Internet que vulgui introduir enlla\u00e7os des de les seves pr\u00f2pies Webs a la P\u00e0gina Web haur\u00e0 de complir amb les condicions que es detallen a continuaci\u00f3 sense que el desconeixement de les mateixes eviti les responsabilitats derivades de la Llei.<\/p>\n<p>L\u2019enlla\u00e7 \u00fanicament vincular\u00e0 amb la\u00a0home\u00a0page o p\u00e0gina principal de la p\u00e0gina Web per\u00f2 no podr\u00e0 reproduir-la de cap manera (inline\u00a0links, c\u00f2pia dels textos, gr\u00e0fics, etc). Quedar\u00e0 en tot cas prohibit, d\u2019acord amb la legislaci\u00f3 aplicable i vigent a cada moment, establir\u00a0frames\u00a0o marcs de qualsevol tipus que emboliquin a la p\u00e0gina Web o permetin la visualitzaci\u00f3 dels continguts a trav\u00e9s d\u2019adreces d\u2019Internet diferents a les de la p\u00e0gina Web i, en qualsevol cas, quan es visualitzin conjuntament amb continguts aliens a la P\u00e0gina Web de manera que: (I) produeixi, o pugui produir, error, confusi\u00f3 o engany en els usuaris sobre la veritable proced\u00e8ncia del servei o Continguts; (II) suposi un acte de comparaci\u00f3 o imitaci\u00f3 deslleial; (III) serveixi per a aprofitar la reputaci\u00f3 de la marca i prestigi de KOILIA KO; o (IV) de qualsevol altra forma resulti prohibit per la legislaci\u00f3 vigent.<\/p>\n<p>No es realitzaran des de la p\u00e0gina que introdueix l\u2019enlla\u00e7 cap mena de manifestaci\u00f3 falsa, inexacta o incorrecta sobre KOILIA KO, la seva adre\u00e7a, empleats, clients o sobre la qualitat dels serveis que presta.<\/p>\n<p>En cap cas, s\u2019expressar\u00e0 en la p\u00e0gina on se situ\u00ef l\u2019enlla\u00e7 que KOILIA KO ha prestat el seu consentiment per a la inserci\u00f3 de l\u2019enlla\u00e7 o que d\u2019una altra forma patrocina, col\u00b7labora, verifica o supervisa els serveis del remitent.<\/p>\n<p>Est\u00e0 prohibida la utilitzaci\u00f3 de qualsevol marca denominativa, gr\u00e0fica o mixta o qualsevol altre signe distintiu de KOILIA KO dins de la p\u00e0gina del remitent excepte en els casos permesos per la llei o expressament autoritzats per KOILIA KO i sempre que es permeti, en aquests casos, un enlla\u00e7 directe amb la p\u00e0gina Web en la forma establerta en aquesta cl\u00e0usula.<\/p>\n<p>La p\u00e0gina que estableixi l\u2019enlla\u00e7 haur\u00e0 de complir fidelment amb la llei i no podr\u00e0 en cap cas disposar o enlla\u00e7ar amb continguts propis o de tercers que: (I) siguin il\u00b7l\u00edcits, nocius o contraris a la moral i als bons costums (pornogr\u00e0fics, violents, racistes, etc); (II) indueixin o puguin induir en l\u2019Usuari la falsa concepci\u00f3 que KOILIA KO subscriu, recolza, s\u2019adhereix o de qualsevol manera d\u00f3na suport, les idees, manifestacions o expressions, l\u00edcites o il\u00b7l\u00edcites, del remitent; (III) resultin inapropiats o no pertinents amb l\u2019activitat de KOILIA KO en atenci\u00f3 al lloc, continguts i tem\u00e0tica de la p\u00e0gina Web del remitent. Igualment, l\u2019Usuari s\u2019abstindr\u00e0 d\u2019incloure en la p\u00e0gina Web qualsevol\u00a0hiperenlla\u00e7 (d\u2019ara endavant, \u201clink\u201d) dirigit a una p\u00e0gina Web que contingui informaci\u00f3 o continguts il\u00b7l\u00edcits, contraris a la moral i bons costums generalment acceptades, i a l\u2019ordre p\u00fablic.<\/p>\n<p><strong>7. Legislaci\u00f3 aplicable i fur competent<\/strong><\/p>\n<p>Qualsevol controv\u00e8rsia relativa a aquest lloc web es regir\u00e0 per la legislaci\u00f3 espanyola, renunciant expressament les parts al fur que els correspongui, i sotmetent-se als Jutjats i Tribunals de la ciutat de Barcelona, excepte fur imperatiu aplicable, com per exemple el domicili del consumidor.<\/p>\n<p>&nbsp;<\/p>\n<\/div>\n<p>[\/et_pb_text][\/et_pb_column][\/et_pb_row][\/et_pb_section]<\/p>\n","protected":false},"excerpt":{"rendered":"<p>Av\u00eds legal\u00a0 1.Dades identificatives del \u2018Prestador de Serveis de la Societat de la Informaci\u00f3\u2019 De conformitat amb l\u2019article 10 de la Llei 34\/2002, de Serveis de la Societat de la Informaci\u00f3 i Comer\u00e7 Electr\u00f2nic, es posa en el seu coneixement que Bendito Problema\u00a0S.L. (d\u2019ara endavant, KOILIA KO), amb C.I.F. B02926715, \u00e9s el titular de l\u2019activitat [&hellip;]<\/p>\n","protected":false},"author":1,"featured_media":0,"parent":0,"menu_order":0,"comment_status":"closed","ping_status":"closed","template":"","meta":{"_et_pb_use_builder":"on","_et_pb_old_content":"","_et_gb_content_width":"","inline_featured_image":false,"footnotes":""},"class_list":["post-171","page","type-page","status-publish","hentry"],"yoast_head":"<!-- This site is optimized with the Yoast SEO plugin v25.3.1 - https:\/\/yoast.com\/wordpress\/plugins\/seo\/ -->\n<title>Av\u00eds legal - Koilia ko<\/title>\n<meta name=\"robots\" content=\"index, follow, max-snippet:-1, max-image-preview:large, max-video-preview:-1\" \/>\n<link rel=\"canonical\" href=\"https:\/\/koiliako.com\/ca\/avis-legal\/\" \/>\n<meta property=\"og:locale\" content=\"ca_ES\" \/>\n<meta property=\"og:type\" content=\"article\" \/>\n<meta property=\"og:title\" content=\"Av\u00eds legal - Koilia ko\" \/>\n<meta property=\"og:description\" content=\"Av\u00eds legal\u00a0 1.Dades identificatives del \u2018Prestador de Serveis de la Societat de la Informaci\u00f3\u2019 De conformitat amb l\u2019article 10 de la Llei 34\/2002, de Serveis de la Societat de la Informaci\u00f3 i Comer\u00e7 Electr\u00f2nic, es posa en el seu coneixement que Bendito Problema\u00a0S.L. (d\u2019ara endavant, KOILIA KO), amb C.I.F. B02926715, \u00e9s el titular de l\u2019activitat [&hellip;]\" \/>\n<meta property=\"og:url\" content=\"https:\/\/koiliako.com\/ca\/avis-legal\/\" \/>\n<meta property=\"og:site_name\" content=\"Koilia ko\" \/>\n<meta property=\"article:publisher\" content=\"https:\/\/www.facebook.com\/koiliako.shop\" \/>\n<meta property=\"article:modified_time\" content=\"2021-02-01T09:21:52+00:00\" \/>\n<meta name=\"twitter:card\" content=\"summary_large_image\" \/>\n<meta name=\"twitter:label1\" content=\"Temps estimat de lectura\" \/>\n\t<meta name=\"twitter:data1\" content=\"9 minuts\" \/>\n<script type=\"application\/ld+json\" class=\"yoast-schema-graph\">{\"@context\":\"https:\/\/schema.org\",\"@graph\":[{\"@type\":\"WebPage\",\"@id\":\"https:\/\/koiliako.com\/ca\/avis-legal\/\",\"url\":\"https:\/\/koiliako.com\/ca\/avis-legal\/\",\"name\":\"Av\u00eds legal - Koilia ko\",\"isPartOf\":{\"@id\":\"https:\/\/koiliako.com\/ca\/#website\"},\"datePublished\":\"2021-01-11T18:40:38+00:00\",\"dateModified\":\"2021-02-01T09:21:52+00:00\",\"breadcrumb\":{\"@id\":\"https:\/\/koiliako.com\/ca\/avis-legal\/#breadcrumb\"},\"inLanguage\":\"ca\",\"potentialAction\":[{\"@type\":\"ReadAction\",\"target\":[\"https:\/\/koiliako.com\/ca\/avis-legal\/\"]}]},{\"@type\":\"BreadcrumbList\",\"@id\":\"https:\/\/koiliako.com\/ca\/avis-legal\/#breadcrumb\",\"itemListElement\":[{\"@type\":\"ListItem\",\"position\":1,\"name\":\"Portada\",\"item\":\"https:\/\/koiliako.com\/ca\/home\/\"},{\"@type\":\"ListItem\",\"position\":2,\"name\":\"Av\u00eds legal\"}]},{\"@type\":\"WebSite\",\"@id\":\"https:\/\/koiliako.com\/ca\/#website\",\"url\":\"https:\/\/koiliako.com\/ca\/\",\"name\":\"Koilia ko\",\"description\":\"La teva botiga de pastes i sales sense gluten\",\"publisher\":{\"@id\":\"https:\/\/koiliako.com\/ca\/#organization\"},\"potentialAction\":[{\"@type\":\"SearchAction\",\"target\":{\"@type\":\"EntryPoint\",\"urlTemplate\":\"https:\/\/koiliako.com\/ca\/?s={search_term_string}\"},\"query-input\":{\"@type\":\"PropertyValueSpecification\",\"valueRequired\":true,\"valueName\":\"search_term_string\"}}],\"inLanguage\":\"ca\"},{\"@type\":\"Organization\",\"@id\":\"https:\/\/koiliako.com\/ca\/#organization\",\"name\":\"Koiliako\",\"url\":\"https:\/\/koiliako.com\/ca\/\",\"logo\":{\"@type\":\"ImageObject\",\"inLanguage\":\"ca\",\"@id\":\"https:\/\/koiliako.com\/ca\/#\/schema\/logo\/image\/\",\"url\":\"https:\/\/koiliako.com\/wp-content\/uploads\/2021\/11\/LOGO-KOILIAKOS-FINAL-scaled.jpg\",\"contentUrl\":\"https:\/\/koiliako.com\/wp-content\/uploads\/2021\/11\/LOGO-KOILIAKOS-FINAL-scaled.jpg\",\"width\":2560,\"height\":1810,\"caption\":\"Koiliako\"},\"image\":{\"@id\":\"https:\/\/koiliako.com\/ca\/#\/schema\/logo\/image\/\"},\"sameAs\":[\"https:\/\/www.facebook.com\/koiliako.shop\",\"https:\/\/www.instagram.com\/koiliako.shop\/\"]}]}<\/script>\n<!-- \/ Yoast SEO plugin. -->","yoast_head_json":{"title":"Av\u00eds legal - Koilia ko","robots":{"index":"index","follow":"follow","max-snippet":"max-snippet:-1","max-image-preview":"max-image-preview:large","max-video-preview":"max-video-preview:-1"},"canonical":"https:\/\/koiliako.com\/ca\/avis-legal\/","og_locale":"ca_ES","og_type":"article","og_title":"Av\u00eds legal - Koilia ko","og_description":"Av\u00eds legal\u00a0 1.Dades identificatives del \u2018Prestador de Serveis de la Societat de la Informaci\u00f3\u2019 De conformitat amb l\u2019article 10 de la Llei 34\/2002, de Serveis de la Societat de la Informaci\u00f3 i Comer\u00e7 Electr\u00f2nic, es posa en el seu coneixement que Bendito Problema\u00a0S.L. (d\u2019ara endavant, KOILIA KO), amb C.I.F. B02926715, \u00e9s el titular de l\u2019activitat [&hellip;]","og_url":"https:\/\/koiliako.com\/ca\/avis-legal\/","og_site_name":"Koilia ko","article_publisher":"https:\/\/www.facebook.com\/koiliako.shop","article_modified_time":"2021-02-01T09:21:52+00:00","twitter_card":"summary_large_image","twitter_misc":{"Temps estimat de lectura":"9 minuts"},"schema":{"@context":"https:\/\/schema.org","@graph":[{"@type":"WebPage","@id":"https:\/\/koiliako.com\/ca\/avis-legal\/","url":"https:\/\/koiliako.com\/ca\/avis-legal\/","name":"Av\u00eds legal - Koilia ko","isPartOf":{"@id":"https:\/\/koiliako.com\/ca\/#website"},"datePublished":"2021-01-11T18:40:38+00:00","dateModified":"2021-02-01T09:21:52+00:00","breadcrumb":{"@id":"https:\/\/koiliako.com\/ca\/avis-legal\/#breadcrumb"},"inLanguage":"ca","potentialAction":[{"@type":"ReadAction","target":["https:\/\/koiliako.com\/ca\/avis-legal\/"]}]},{"@type":"BreadcrumbList","@id":"https:\/\/koiliako.com\/ca\/avis-legal\/#breadcrumb","itemListElement":[{"@type":"ListItem","position":1,"name":"Portada","item":"https:\/\/koiliako.com\/ca\/home\/"},{"@type":"ListItem","position":2,"name":"Av\u00eds legal"}]},{"@type":"WebSite","@id":"https:\/\/koiliako.com\/ca\/#website","url":"https:\/\/koiliako.com\/ca\/","name":"Koilia ko","description":"La teva botiga de pastes i sales sense gluten","publisher":{"@id":"https:\/\/koiliako.com\/ca\/#organization"},"potentialAction":[{"@type":"SearchAction","target":{"@type":"EntryPoint","urlTemplate":"https:\/\/koiliako.com\/ca\/?s={search_term_string}"},"query-input":{"@type":"PropertyValueSpecification","valueRequired":true,"valueName":"search_term_string"}}],"inLanguage":"ca"},{"@type":"Organization","@id":"https:\/\/koiliako.com\/ca\/#organization","name":"Koiliako","url":"https:\/\/koiliako.com\/ca\/","logo":{"@type":"ImageObject","inLanguage":"ca","@id":"https:\/\/koiliako.com\/ca\/#\/schema\/logo\/image\/","url":"https:\/\/koiliako.com\/wp-content\/uploads\/2021\/11\/LOGO-KOILIAKOS-FINAL-scaled.jpg","contentUrl":"https:\/\/koiliako.com\/wp-content\/uploads\/2021\/11\/LOGO-KOILIAKOS-FINAL-scaled.jpg","width":2560,"height":1810,"caption":"Koiliako"},"image":{"@id":"https:\/\/koiliako.com\/ca\/#\/schema\/logo\/image\/"},"sameAs":["https:\/\/www.facebook.com\/koiliako.shop","https:\/\/www.instagram.com\/koiliako.shop\/"]}]}},"_links":{"self":[{"href":"https:\/\/koiliako.com\/ca\/wp-json\/wp\/v2\/pages\/171","targetHints":{"allow":["GET"]}}],"collection":[{"href":"https:\/\/koiliako.com\/ca\/wp-json\/wp\/v2\/pages"}],"about":[{"href":"https:\/\/koiliako.com\/ca\/wp-json\/wp\/v2\/types\/page"}],"author":[{"embeddable":true,"href":"https:\/\/koiliako.com\/ca\/wp-json\/wp\/v2\/users\/1"}],"replies":[{"embeddable":true,"href":"https:\/\/koiliako.com\/ca\/wp-json\/wp\/v2\/comments?post=171"}],"version-history":[{"count":5,"href":"https:\/\/koiliako.com\/ca\/wp-json\/wp\/v2\/pages\/171\/revisions"}],"predecessor-version":[{"id":1061,"href":"https:\/\/koiliako.com\/ca\/wp-json\/wp\/v2\/pages\/171\/revisions\/1061"}],"wp:attachment":[{"href":"https:\/\/koiliako.com\/ca\/wp-json\/wp\/v2\/media?parent=171"}],"curies":[{"name":"wp","href":"https:\/\/api.w.org\/{rel}","templated":true}]}}