{"id":174,"date":"2021-01-11T18:54:11","date_gmt":"2021-01-11T18:54:11","guid":{"rendered":"https:\/\/koiliako.com\/?page_id=174"},"modified":"2021-03-19T10:15:13","modified_gmt":"2021-03-19T09:15:13","slug":"politica-de-privacitat","status":"publish","type":"page","link":"https:\/\/koiliako.com\/ca\/politica-de-privacitat\/","title":{"rendered":"POL\u00cdTICA DE PRIVACITAT"},"content":{"rendered":"<p>[et_pb_section fb_built=&#8221;1&#8243; module_id=&#8221;theTitle&#8221; _builder_version=&#8221;4.4.0&#8243;][et_pb_row _builder_version=&#8221;4.4.0&#8243;][et_pb_column type=&#8221;4_4&#8243; _builder_version=&#8221;4.4.0&#8243;][et_pb_text _builder_version=&#8221;4.4.0&#8243;]<\/p>\n<h1>Pol\u00edtica de privacitat<\/h1>\n<p>[\/et_pb_text][\/et_pb_column][\/et_pb_row][\/et_pb_section][et_pb_section fb_built=&#8221;1&#8243; _builder_version=&#8221;4.4.0&#8243;][et_pb_row _builder_version=&#8221;4.4.0&#8243;][et_pb_column type=&#8221;4_4&#8243; _builder_version=&#8221;4.4.0&#8243;][et_pb_text _builder_version=&#8221;4.4.0&#8243; hover_enabled=&#8221;0&#8243;]<\/p>\n<div class=\"et_builder_inner_content et_pb_gutters3\">\n<p>A BENDITO PROBLEMA, SL, d\u2019ara endavant, COLMADO SINGULAR, estem compromesos amb la protecci\u00f3 de la privacitat i l\u2019\u00fas correcte de les dades personals.<\/p>\n<p>\u00c9s per aix\u00f2 que la present Pol\u00edtica de Privacitat t\u00e9 com a objecte informar sobre el tractament de dades de car\u00e0cter personal que KOILIA KOefectua en aquest lloc web:<\/p>\n<p><strong class=\"condicionesHeader\">1. Qui \u00e9s el Responsable del tractament de les seves dades personals?<\/strong><\/p>\n<p>BENDITO PROBLEMA, SL \u00e9s qui ostenta la condici\u00f3 de Responsable de Tractament.<br \/> Pot contactar-nos en l\u2019adre\u00e7a\u00a0C\/Sant Pau 12, 08182 Sant Feliu de Codines, Barcelona o a \u00a0<a href=\"mailto:info@koiliako.com\">info@koiliako.com<\/a>.<\/p>\n<p><strong class=\"condicionesHeader\">2. Per a qu\u00e8 tractem les seves dades personals de contacte?<\/strong><\/p>\n<p>Les dades personals recollides mitjan\u00e7ant el formulari de contacte, seran tractades per KOILIA KO, en qualitat de Responsable del tractament, amb la finalitat de gestionar i atendre les sol\u00b7licituds d\u2019informaci\u00f3, dubtes, queixes, con\u00e8ixer l\u2019opini\u00f3 dels usuaris, respecte als productes oferts en la present p\u00e0gina web, o espec\u00edficament per a la finalitat indicada en el propi formulari.<\/p>\n<p>En el cas que ho hagi autoritzat expressament mitjan\u00e7ant la marcaci\u00f3 de la casella corresponent o realitzant la subscripci\u00f3 a la\u00a0newsletter\u00a0en l\u2019apartat espec\u00edfic per a aix\u00f2 en aquesta web, tractarem les seves dades per remetre\u2019l informaci\u00f3 peri\u00f2dica sobre noves promocions, productes, serveis o activitats de KOILIA KO relacionades amb el sector alimentari.<\/p>\n<p><strong class=\"condicionesHeader\">3.\u00a0Quina \u00e9s la base jur\u00eddica que legitima el tractament de les seves dades personals? \u00c9s a dir, quina condici\u00f3 fonamenta o habilita el que puguem tractar les seves dades personals?<\/strong><\/p>\n<p>La base jur\u00eddica que legitima el tractament de les seves dades de car\u00e0cter personal \u00e9s el consentiment manifestat per l\u2019usuari mitjan\u00e7ant l\u2019emplenament i enviament del formulari corresponent, per a les finalitats anteriorment expressades.<\/p>\n<p>L\u2019aportaci\u00f3 de les dades sol\u00b7licitades \u00e9s obligat\u00f2ria per ser imprescindibles per a atendre la seva petici\u00f3 i\/o prestar els nostres serveis; si no els facilita, no podrem dur-la a terme o prestar-los.<\/p>\n<p>Quan el tractament es basi en el seu consentiment, el mateix s\u2019entendr\u00e0 atorgat de forma inequ\u00edvoca, considerant-se aquesta aportaci\u00f3 un acte afirmatiu clar per part seva, que manifesta aquest consentiment.<\/p>\n<p><strong class=\"condicionesHeader\">4. Per quan de temps conservem les seves dades personals?<\/strong><\/p>\n<p>Les dades personals es conservaran pel temps que precisi l\u2019atenci\u00f3 de l\u2019objecte de la comunicaci\u00f3 i, si s\u2019escau, pel temps que no hagi manifestat l\u2019oposici\u00f3 a l\u2019enviament de comunicacions comercials.<\/p>\n<p>Si no desitja continuar rebent e-mails de KOILIA KO nom\u00e9s ha d\u2019enviar un missatge a\u00a0<a href=\"mailto:info@koiliako.com\">info@koiliako.com<\/a>\u00a0\u00a0indicant la seva adre\u00e7a d\u2019e-mail i que desitja donar-se de baixa de la\u00a0Newsletter. No obstant aix\u00f2, en cada comunicaci\u00f3 s\u2019indicar\u00e0 l\u2019adre\u00e7a electr\u00f2nica on pot sol\u00b7licitar la baixa.<\/p>\n<p>D\u2019altra banda, amb la finalitat que les dades que consten en els nostres fitxers, inform\u00e0tics i\/o en paper, sempre corresponguin a la realitat, es tractar\u00e0 de mantenir-los actualitzats. De manera que, a aquest efecte, l\u2019Usuari podr\u00e0 comunicar-nos-ho, per correu electr\u00f2nic a\u00a0<a href=\"mailto:info@koiliako.com\">info@koiliako.com<\/a>.<\/p>\n<p><strong class=\"condicionesHeader\">5. Qui poden ser cessionaris o destinataris de les seves dades\u00a0 personals?<\/strong><\/p>\n<p>Les dades personals no seran cedides o comunicades a tercers, excepte en els sup\u00f2sits necessaris per a l\u2019atenci\u00f3 de la consulta formulada i\/o en els sup\u00f2sits previstos segons Llei.<\/p>\n<p>En el cas de subscriure\u2019s a la nostra\u00a0Newsletter, l\u2019informem que utilitzem l\u2019aplicaci\u00f3 Hubspot per a la seva gesti\u00f3, la qual cosa implica una transfer\u00e8ncia internacional de dades a\u00a0Hubspot, Inc.\u00a0per a la prestaci\u00f3 del servei, basada en una decisi\u00f3 d\u2019adequaci\u00f3 de la Comissi\u00f3 Europea (Decisi\u00f3 d\u2019Execuci\u00f3 (UE) 2016\/1250 de la Comissi\u00f3, de 12 de juliol de 2016, conforme a la Directiva 95\/46\/CE del Parlament Europeu i del Consell, sobre l\u2019adequaci\u00f3 de la protecci\u00f3 conferida per l\u2019Escut de la privacitat UE-EEUU).<\/p>\n<p>Aix\u00ed mateix, l\u2019informem que aquesta empresa utilitza dispositius de seguiment de l\u2019activitat dels destinataris, a fi de controlar l\u2019obertura dels correus i la pulsaci\u00f3 dels enlla\u00e7os continguts en els correus i recollir informaci\u00f3 com l\u2019adre\u00e7a IP, navegador, tipus de client de correu electr\u00f2nic i detalls similars, per a poder elaborar amb la informaci\u00f3 recaptada informes de seguiment de les campanyes aix\u00ed com millorar l\u2019efectivitat dels serveis de Hubspot. Per a m\u00e9s informaci\u00f3 pot consultar la Pol\u00edtica de\u00a0Hubspot.<\/p>\n<p><strong class=\"condicionesHeader\">6. Quins s\u00f3n els seus drets en protecci\u00f3 de dades i com pot exercir-los?<\/strong><\/p>\n<p>L\u2019interessat podr\u00e0 exercitar els seg\u00fcents drets en protecci\u00f3 de dades:<\/p>\n<p>\u2013 Dret a sol\u00b7licitar l\u2019acc\u00e9s a les dades personals relatives a l\u2019interessat.<br \/> \u2013 Dret a sol\u00b7licitar la seva rectificaci\u00f3 o supressi\u00f3.<br \/> \u2013 Dret a sol\u00b7licitar la limitaci\u00f3 del seu tractament.<br \/> \u2013 Dret a oposar-se al tractament.<br \/> \u2013 Dret a la portabilitat de les dades.<\/p>\n<p>L\u2019interessat podr\u00e0 exercitar tals drets mitjan\u00e7ant escrit de sol\u00b7licitud, acompanyada d\u2019una fotoc\u00f2pia del seu D.N.I o document identificatiu equivalent, dirigit a direcci\u00f3\u00a0C\/Sant Pau 12, 08182 Sant Feliu de Codines.<\/p>\n<p>En cas que actu\u00e9s mitjan\u00e7ant representant, legal o voluntari, haur\u00e0 d\u2019aportar tamb\u00e9 document que acrediti la representaci\u00f3 i document identificatiu d\u2019aquest.<\/p>\n<p>En cas de considerar vulnerat el seu dret a la protecci\u00f3 de dades personals, podr\u00e0 interposar una reclamaci\u00f3 davant l\u2019Ag\u00e8ncia Espanyola de Protecci\u00f3 de Dades\u00a0(<a href=\"http:\/\/www.aepd.es\">www.aepd.es<\/a>).<\/p>\n<\/div>\n<p>[\/et_pb_text][\/et_pb_column][\/et_pb_row][\/et_pb_section]<\/p>\n","protected":false},"excerpt":{"rendered":"<p>Pol\u00edtica de privacitat A BENDITO PROBLEMA, SL, d\u2019ara endavant, COLMADO SINGULAR, estem compromesos amb la protecci\u00f3 de la privacitat i l\u2019\u00fas correcte de les dades personals. \u00c9s per aix\u00f2 que la present Pol\u00edtica de Privacitat t\u00e9 com a objecte informar sobre el tractament de dades de car\u00e0cter personal que KOILIA KOefectua en aquest lloc web: [&hellip;]<\/p>\n","protected":false},"author":1,"featured_media":0,"parent":0,"menu_order":0,"comment_status":"closed","ping_status":"open","template":"","meta":{"_et_pb_use_builder":"on","_et_pb_old_content":"","_et_gb_content_width":"","inline_featured_image":false,"footnotes":""},"class_list":["post-174","page","type-page","status-publish","hentry"],"yoast_head":"<!-- This site is optimized with the Yoast SEO plugin v25.3.1 - https:\/\/yoast.com\/wordpress\/plugins\/seo\/ -->\n<title>POL\u00cdTICA DE PRIVACITAT - Koilia ko<\/title>\n<meta name=\"robots\" content=\"index, follow, max-snippet:-1, max-image-preview:large, max-video-preview:-1\" \/>\n<link rel=\"canonical\" href=\"https:\/\/koiliako.com\/ca\/politica-de-privacitat\/\" \/>\n<meta property=\"og:locale\" content=\"ca_ES\" \/>\n<meta property=\"og:type\" content=\"article\" \/>\n<meta property=\"og:title\" content=\"POL\u00cdTICA DE PRIVACITAT - Koilia ko\" \/>\n<meta property=\"og:description\" content=\"Pol\u00edtica de privacitat A BENDITO PROBLEMA, SL, d\u2019ara endavant, COLMADO SINGULAR, estem compromesos amb la protecci\u00f3 de la privacitat i l\u2019\u00fas correcte de les dades personals. \u00c9s per aix\u00f2 que la present Pol\u00edtica de Privacitat t\u00e9 com a objecte informar sobre el tractament de dades de car\u00e0cter personal que KOILIA KOefectua en aquest lloc web: [&hellip;]\" \/>\n<meta property=\"og:url\" content=\"https:\/\/koiliako.com\/ca\/politica-de-privacitat\/\" \/>\n<meta property=\"og:site_name\" content=\"Koilia ko\" \/>\n<meta property=\"article:publisher\" content=\"https:\/\/www.facebook.com\/koiliako.shop\" \/>\n<meta property=\"article:modified_time\" content=\"2021-03-19T09:15:13+00:00\" \/>\n<meta name=\"twitter:card\" content=\"summary_large_image\" \/>\n<meta name=\"twitter:label1\" content=\"Temps estimat de lectura\" \/>\n\t<meta name=\"twitter:data1\" content=\"5 minuts\" \/>\n<script type=\"application\/ld+json\" class=\"yoast-schema-graph\">{\"@context\":\"https:\/\/schema.org\",\"@graph\":[{\"@type\":\"WebPage\",\"@id\":\"https:\/\/koiliako.com\/ca\/politica-de-privacitat\/\",\"url\":\"https:\/\/koiliako.com\/ca\/politica-de-privacitat\/\",\"name\":\"POL\u00cdTICA DE PRIVACITAT - Koilia ko\",\"isPartOf\":{\"@id\":\"https:\/\/koiliako.com\/ca\/#website\"},\"datePublished\":\"2021-01-11T18:54:11+00:00\",\"dateModified\":\"2021-03-19T09:15:13+00:00\",\"breadcrumb\":{\"@id\":\"https:\/\/koiliako.com\/ca\/politica-de-privacitat\/#breadcrumb\"},\"inLanguage\":\"ca\",\"potentialAction\":[{\"@type\":\"ReadAction\",\"target\":[\"https:\/\/koiliako.com\/ca\/politica-de-privacitat\/\"]}]},{\"@type\":\"BreadcrumbList\",\"@id\":\"https:\/\/koiliako.com\/ca\/politica-de-privacitat\/#breadcrumb\",\"itemListElement\":[{\"@type\":\"ListItem\",\"position\":1,\"name\":\"Portada\",\"item\":\"https:\/\/koiliako.com\/ca\/home\/\"},{\"@type\":\"ListItem\",\"position\":2,\"name\":\"POL\u00cdTICA DE PRIVACITAT\"}]},{\"@type\":\"WebSite\",\"@id\":\"https:\/\/koiliako.com\/ca\/#website\",\"url\":\"https:\/\/koiliako.com\/ca\/\",\"name\":\"Koilia ko\",\"description\":\"La teva botiga de pastes i sales sense gluten\",\"publisher\":{\"@id\":\"https:\/\/koiliako.com\/ca\/#organization\"},\"potentialAction\":[{\"@type\":\"SearchAction\",\"target\":{\"@type\":\"EntryPoint\",\"urlTemplate\":\"https:\/\/koiliako.com\/ca\/?s={search_term_string}\"},\"query-input\":{\"@type\":\"PropertyValueSpecification\",\"valueRequired\":true,\"valueName\":\"search_term_string\"}}],\"inLanguage\":\"ca\"},{\"@type\":\"Organization\",\"@id\":\"https:\/\/koiliako.com\/ca\/#organization\",\"name\":\"Koiliako\",\"url\":\"https:\/\/koiliako.com\/ca\/\",\"logo\":{\"@type\":\"ImageObject\",\"inLanguage\":\"ca\",\"@id\":\"https:\/\/koiliako.com\/ca\/#\/schema\/logo\/image\/\",\"url\":\"https:\/\/koiliako.com\/wp-content\/uploads\/2021\/11\/LOGO-KOILIAKOS-FINAL-scaled.jpg\",\"contentUrl\":\"https:\/\/koiliako.com\/wp-content\/uploads\/2021\/11\/LOGO-KOILIAKOS-FINAL-scaled.jpg\",\"width\":2560,\"height\":1810,\"caption\":\"Koiliako\"},\"image\":{\"@id\":\"https:\/\/koiliako.com\/ca\/#\/schema\/logo\/image\/\"},\"sameAs\":[\"https:\/\/www.facebook.com\/koiliako.shop\",\"https:\/\/www.instagram.com\/koiliako.shop\/\"]}]}<\/script>\n<!-- \/ Yoast SEO plugin. -->","yoast_head_json":{"title":"POL\u00cdTICA DE PRIVACITAT - Koilia ko","robots":{"index":"index","follow":"follow","max-snippet":"max-snippet:-1","max-image-preview":"max-image-preview:large","max-video-preview":"max-video-preview:-1"},"canonical":"https:\/\/koiliako.com\/ca\/politica-de-privacitat\/","og_locale":"ca_ES","og_type":"article","og_title":"POL\u00cdTICA DE PRIVACITAT - Koilia ko","og_description":"Pol\u00edtica de privacitat A BENDITO PROBLEMA, SL, d\u2019ara endavant, COLMADO SINGULAR, estem compromesos amb la protecci\u00f3 de la privacitat i l\u2019\u00fas correcte de les dades personals. \u00c9s per aix\u00f2 que la present Pol\u00edtica de Privacitat t\u00e9 com a objecte informar sobre el tractament de dades de car\u00e0cter personal que KOILIA KOefectua en aquest lloc web: [&hellip;]","og_url":"https:\/\/koiliako.com\/ca\/politica-de-privacitat\/","og_site_name":"Koilia ko","article_publisher":"https:\/\/www.facebook.com\/koiliako.shop","article_modified_time":"2021-03-19T09:15:13+00:00","twitter_card":"summary_large_image","twitter_misc":{"Temps estimat de lectura":"5 minuts"},"schema":{"@context":"https:\/\/schema.org","@graph":[{"@type":"WebPage","@id":"https:\/\/koiliako.com\/ca\/politica-de-privacitat\/","url":"https:\/\/koiliako.com\/ca\/politica-de-privacitat\/","name":"POL\u00cdTICA DE PRIVACITAT - Koilia ko","isPartOf":{"@id":"https:\/\/koiliako.com\/ca\/#website"},"datePublished":"2021-01-11T18:54:11+00:00","dateModified":"2021-03-19T09:15:13+00:00","breadcrumb":{"@id":"https:\/\/koiliako.com\/ca\/politica-de-privacitat\/#breadcrumb"},"inLanguage":"ca","potentialAction":[{"@type":"ReadAction","target":["https:\/\/koiliako.com\/ca\/politica-de-privacitat\/"]}]},{"@type":"BreadcrumbList","@id":"https:\/\/koiliako.com\/ca\/politica-de-privacitat\/#breadcrumb","itemListElement":[{"@type":"ListItem","position":1,"name":"Portada","item":"https:\/\/koiliako.com\/ca\/home\/"},{"@type":"ListItem","position":2,"name":"POL\u00cdTICA DE PRIVACITAT"}]},{"@type":"WebSite","@id":"https:\/\/koiliako.com\/ca\/#website","url":"https:\/\/koiliako.com\/ca\/","name":"Koilia ko","description":"La teva botiga de pastes i sales sense gluten","publisher":{"@id":"https:\/\/koiliako.com\/ca\/#organization"},"potentialAction":[{"@type":"SearchAction","target":{"@type":"EntryPoint","urlTemplate":"https:\/\/koiliako.com\/ca\/?s={search_term_string}"},"query-input":{"@type":"PropertyValueSpecification","valueRequired":true,"valueName":"search_term_string"}}],"inLanguage":"ca"},{"@type":"Organization","@id":"https:\/\/koiliako.com\/ca\/#organization","name":"Koiliako","url":"https:\/\/koiliako.com\/ca\/","logo":{"@type":"ImageObject","inLanguage":"ca","@id":"https:\/\/koiliako.com\/ca\/#\/schema\/logo\/image\/","url":"https:\/\/koiliako.com\/wp-content\/uploads\/2021\/11\/LOGO-KOILIAKOS-FINAL-scaled.jpg","contentUrl":"https:\/\/koiliako.com\/wp-content\/uploads\/2021\/11\/LOGO-KOILIAKOS-FINAL-scaled.jpg","width":2560,"height":1810,"caption":"Koiliako"},"image":{"@id":"https:\/\/koiliako.com\/ca\/#\/schema\/logo\/image\/"},"sameAs":["https:\/\/www.facebook.com\/koiliako.shop","https:\/\/www.instagram.com\/koiliako.shop\/"]}]}},"_links":{"self":[{"href":"https:\/\/koiliako.com\/ca\/wp-json\/wp\/v2\/pages\/174","targetHints":{"allow":["GET"]}}],"collection":[{"href":"https:\/\/koiliako.com\/ca\/wp-json\/wp\/v2\/pages"}],"about":[{"href":"https:\/\/koiliako.com\/ca\/wp-json\/wp\/v2\/types\/page"}],"author":[{"embeddable":true,"href":"https:\/\/koiliako.com\/ca\/wp-json\/wp\/v2\/users\/1"}],"replies":[{"embeddable":true,"href":"https:\/\/koiliako.com\/ca\/wp-json\/wp\/v2\/comments?post=174"}],"version-history":[{"count":4,"href":"https:\/\/koiliako.com\/ca\/wp-json\/wp\/v2\/pages\/174\/revisions"}],"predecessor-version":[{"id":1255,"href":"https:\/\/koiliako.com\/ca\/wp-json\/wp\/v2\/pages\/174\/revisions\/1255"}],"wp:attachment":[{"href":"https:\/\/koiliako.com\/ca\/wp-json\/wp\/v2\/media?parent=174"}],"curies":[{"name":"wp","href":"https:\/\/api.w.org\/{rel}","templated":true}]}}