{"id":1914,"date":"2021-08-11T11:30:51","date_gmt":"2021-08-11T09:30:51","guid":{"rendered":"https:\/\/koiliako.com\/blog-3\/"},"modified":"2021-11-24T11:50:27","modified_gmt":"2021-11-24T10:50:27","slug":"blog-3","status":"publish","type":"page","link":"https:\/\/koiliako.com\/ca\/blog-3\/","title":{"rendered":"Blog"},"content":{"rendered":"\n[et_pb_section fb_built=&#8221;1&#8243; _builder_version=&#8221;4.4.0&#8243; custom_padding=&#8221;0px|||||&#8221;][et_pb_row _builder_version=&#8221;4.4.0&#8243; custom_margin=&#8221;-3px|109px|13px|443px|false|false&#8221; custom_padding=&#8221;28px|0px|11px|0px|false|false&#8221; hover_enabled=&#8221;0&#8243; min_height=&#8221;100px&#8221; max_height=&#8221;882px&#8221; module_alignment=&#8221;center&#8221; width=&#8221;100%&#8221; max_width=&#8221;2047px&#8221;][et_pb_column type=&#8221;4_4&#8243; _builder_version=&#8221;4.4.0&#8243;][et_pb_text _builder_version=&#8221;4.4.0&#8243; background_image=&#8221;https:\/\/koiliako.com\/wp-content\/uploads\/2021\/08\/08-5.jpg&#8221; width=&#8221;100%&#8221; min_height=&#8221;148px&#8221; custom_margin=&#8221;-23px|-484px|||false|false&#8221; custom_padding=&#8221;55px|0px|||false|false&#8221; hover_enabled=&#8221;0&#8243;]<h1 style=%22text-align: center;%22><span style=%22color: #ffffff;%22>Benvinguts\/des al blog!<\/span><\/h1>[\/et_pb_text][\/et_pb_column][\/et_pb_row][et_pb_row _builder_version=&#8221;4.4.0&#8243; custom_padding=&#8221;5px||8px|||&#8221;][et_pb_column type=&#8221;4_4&#8243; _builder_version=&#8221;4.4.0&#8243;][et_pb_social_media_follow _builder_version=%224.4.0%22 text_orientation=%22center%22][et_pb_social_media_follow_network social_network=%22facebook%22 url=%22https:\/\/www.facebook.com\/koiliako.shop%22 _builder_version=%224.4.0%22 background_color=%22#000000%22 background_enable_color=%22on%22 follow_button=%22off%22 url_new_window=%22on%22]facebook[\/et_pb_social_media_follow_network][et_pb_social_media_follow_network social_network=%22instagram%22 url=%22https:\/\/www.instagram.com\/koiliako.shop\/%22 _builder_version=%224.4.0%22 background_color=%22#000000%22 background_enable_color=%22on%22 follow_button=%22off%22 url_new_window=%22on%22]instagram[\/et_pb_social_media_follow_network][\/et_pb_social_media_follow][\/et_pb_column][\/et_pb_row][et_pb_row _builder_version=&#8221;4.4.0&#8243; custom_padding=&#8221;8px||13px|||&#8221;][et_pb_column type=&#8221;4_4&#8243; _builder_version=&#8221;4.4.0&#8243;][et_pb_text _builder_version=&#8221;4.4.0&#8243;]<h5>En aquest blog trobareu receptes, novetats, suggeriments, opinions de nutricionistes i moltes coses m\u00e9s.<\/h5>[\/et_pb_text][\/et_pb_column][\/et_pb_row][et_pb_row _builder_version=&#8221;4.4.0&#8243; custom_padding=&#8221;0px|||||&#8221;][et_pb_column type=&#8221;4_4&#8243; _builder_version=&#8221;4.4.0&#8243;][et_pb_search _builder_version=&#8221;4.4.0&#8243;][\/et_pb_search][\/et_pb_column][\/et_pb_row][et_pb_row _builder_version=&#8221;4.4.0&#8243;][et_pb_column type=&#8221;4_4&#8243; _builder_version=&#8221;4.4.0&#8243;][et_pb_blog fullwidth=%22off%22 include_categories=%22all%22 show_author=%22off%22 _builder_version=%224.4.0%22][\/et_pb_blog][\/et_pb_column][\/et_pb_row][\/et_pb_section]\n","protected":false},"excerpt":{"rendered":"<p>Benvinguts\/des al blog!En aquest blog trobareu receptes, novetats, suggeriments, opinions de nutricionistes i moltes coses m\u00e9s.<\/p>\n","protected":false},"author":7,"featured_media":0,"parent":0,"menu_order":0,"comment_status":"closed","ping_status":"closed","template":"","meta":{"_et_pb_use_builder":"on","_et_pb_old_content":"","_et_gb_content_width":"","inline_featured_image":false,"footnotes":""},"class_list":["post-1914","page","type-page","status-publish","hentry"],"yoast_head":"<!-- This site is optimized with the Yoast SEO plugin v25.3.1 - https:\/\/yoast.com\/wordpress\/plugins\/seo\/ -->\n<title>BLOG - Koiliako<\/title>\n<meta name=\"description\" content=\"Blog Koiliako. D\u00f3nali una ullada al nostre blog, trobar\u00e0s receptes, opinions de nutricionistes, suggeriments, novetats i moltes cosas m\u00e9s.\" \/>\n<meta name=\"robots\" content=\"index, follow, max-snippet:-1, max-image-preview:large, max-video-preview:-1\" \/>\n<link rel=\"canonical\" href=\"https:\/\/koiliako.com\/ca\/blog-3\/\" \/>\n<meta property=\"og:locale\" content=\"ca_ES\" \/>\n<meta property=\"og:type\" content=\"article\" \/>\n<meta property=\"og:title\" content=\"BLOG - Koiliako\" \/>\n<meta property=\"og:description\" content=\"Blog Koiliako. D\u00f3nali una ullada al nostre blog, trobar\u00e0s receptes, opinions de nutricionistes, suggeriments, novetats i moltes cosas m\u00e9s.\" \/>\n<meta property=\"og:url\" content=\"https:\/\/koiliako.com\/ca\/blog-3\/\" \/>\n<meta property=\"og:site_name\" content=\"Koilia ko\" \/>\n<meta property=\"article:publisher\" content=\"https:\/\/www.facebook.com\/koiliako.shop\" \/>\n<meta property=\"article:modified_time\" content=\"2021-11-24T10:50:27+00:00\" \/>\n<meta name=\"twitter:card\" content=\"summary_large_image\" \/>\n<meta name=\"twitter:label1\" content=\"Temps estimat de lectura\" \/>\n\t<meta name=\"twitter:data1\" content=\"2 minuts\" \/>\n<script type=\"application\/ld+json\" class=\"yoast-schema-graph\">{\"@context\":\"https:\/\/schema.org\",\"@graph\":[{\"@type\":\"WebPage\",\"@id\":\"https:\/\/koiliako.com\/ca\/blog-3\/\",\"url\":\"https:\/\/koiliako.com\/ca\/blog-3\/\",\"name\":\"BLOG - Koiliako\",\"isPartOf\":{\"@id\":\"https:\/\/koiliako.com\/ca\/#website\"},\"datePublished\":\"2021-08-11T09:30:51+00:00\",\"dateModified\":\"2021-11-24T10:50:27+00:00\",\"description\":\"Blog Koiliako. D\u00f3nali una ullada al nostre blog, trobar\u00e0s receptes, opinions de nutricionistes, suggeriments, novetats i moltes cosas m\u00e9s.\",\"breadcrumb\":{\"@id\":\"https:\/\/koiliako.com\/ca\/blog-3\/#breadcrumb\"},\"inLanguage\":\"ca\",\"potentialAction\":[{\"@type\":\"ReadAction\",\"target\":[\"https:\/\/koiliako.com\/ca\/blog-3\/\"]}]},{\"@type\":\"BreadcrumbList\",\"@id\":\"https:\/\/koiliako.com\/ca\/blog-3\/#breadcrumb\",\"itemListElement\":[{\"@type\":\"ListItem\",\"position\":1,\"name\":\"Portada\",\"item\":\"https:\/\/koiliako.com\/ca\/home\/\"},{\"@type\":\"ListItem\",\"position\":2,\"name\":\"Blog\"}]},{\"@type\":\"WebSite\",\"@id\":\"https:\/\/koiliako.com\/ca\/#website\",\"url\":\"https:\/\/koiliako.com\/ca\/\",\"name\":\"Koilia ko\",\"description\":\"La teva botiga de pastes i sales sense gluten\",\"publisher\":{\"@id\":\"https:\/\/koiliako.com\/ca\/#organization\"},\"potentialAction\":[{\"@type\":\"SearchAction\",\"target\":{\"@type\":\"EntryPoint\",\"urlTemplate\":\"https:\/\/koiliako.com\/ca\/?s={search_term_string}\"},\"query-input\":{\"@type\":\"PropertyValueSpecification\",\"valueRequired\":true,\"valueName\":\"search_term_string\"}}],\"inLanguage\":\"ca\"},{\"@type\":\"Organization\",\"@id\":\"https:\/\/koiliako.com\/ca\/#organization\",\"name\":\"Koiliako\",\"url\":\"https:\/\/koiliako.com\/ca\/\",\"logo\":{\"@type\":\"ImageObject\",\"inLanguage\":\"ca\",\"@id\":\"https:\/\/koiliako.com\/ca\/#\/schema\/logo\/image\/\",\"url\":\"https:\/\/koiliako.com\/wp-content\/uploads\/2021\/11\/LOGO-KOILIAKOS-FINAL-scaled.jpg\",\"contentUrl\":\"https:\/\/koiliako.com\/wp-content\/uploads\/2021\/11\/LOGO-KOILIAKOS-FINAL-scaled.jpg\",\"width\":2560,\"height\":1810,\"caption\":\"Koiliako\"},\"image\":{\"@id\":\"https:\/\/koiliako.com\/ca\/#\/schema\/logo\/image\/\"},\"sameAs\":[\"https:\/\/www.facebook.com\/koiliako.shop\",\"https:\/\/www.instagram.com\/koiliako.shop\/\"]}]}<\/script>\n<!-- \/ Yoast SEO plugin. -->","yoast_head_json":{"title":"BLOG - Koiliako","description":"Blog Koiliako. D\u00f3nali una ullada al nostre blog, trobar\u00e0s receptes, opinions de nutricionistes, suggeriments, novetats i moltes cosas m\u00e9s.","robots":{"index":"index","follow":"follow","max-snippet":"max-snippet:-1","max-image-preview":"max-image-preview:large","max-video-preview":"max-video-preview:-1"},"canonical":"https:\/\/koiliako.com\/ca\/blog-3\/","og_locale":"ca_ES","og_type":"article","og_title":"BLOG - Koiliako","og_description":"Blog Koiliako. D\u00f3nali una ullada al nostre blog, trobar\u00e0s receptes, opinions de nutricionistes, suggeriments, novetats i moltes cosas m\u00e9s.","og_url":"https:\/\/koiliako.com\/ca\/blog-3\/","og_site_name":"Koilia ko","article_publisher":"https:\/\/www.facebook.com\/koiliako.shop","article_modified_time":"2021-11-24T10:50:27+00:00","twitter_card":"summary_large_image","twitter_misc":{"Temps estimat de lectura":"2 minuts"},"schema":{"@context":"https:\/\/schema.org","@graph":[{"@type":"WebPage","@id":"https:\/\/koiliako.com\/ca\/blog-3\/","url":"https:\/\/koiliako.com\/ca\/blog-3\/","name":"BLOG - Koiliako","isPartOf":{"@id":"https:\/\/koiliako.com\/ca\/#website"},"datePublished":"2021-08-11T09:30:51+00:00","dateModified":"2021-11-24T10:50:27+00:00","description":"Blog Koiliako. D\u00f3nali una ullada al nostre blog, trobar\u00e0s receptes, opinions de nutricionistes, suggeriments, novetats i moltes cosas m\u00e9s.","breadcrumb":{"@id":"https:\/\/koiliako.com\/ca\/blog-3\/#breadcrumb"},"inLanguage":"ca","potentialAction":[{"@type":"ReadAction","target":["https:\/\/koiliako.com\/ca\/blog-3\/"]}]},{"@type":"BreadcrumbList","@id":"https:\/\/koiliako.com\/ca\/blog-3\/#breadcrumb","itemListElement":[{"@type":"ListItem","position":1,"name":"Portada","item":"https:\/\/koiliako.com\/ca\/home\/"},{"@type":"ListItem","position":2,"name":"Blog"}]},{"@type":"WebSite","@id":"https:\/\/koiliako.com\/ca\/#website","url":"https:\/\/koiliako.com\/ca\/","name":"Koilia ko","description":"La teva botiga de pastes i sales sense gluten","publisher":{"@id":"https:\/\/koiliako.com\/ca\/#organization"},"potentialAction":[{"@type":"SearchAction","target":{"@type":"EntryPoint","urlTemplate":"https:\/\/koiliako.com\/ca\/?s={search_term_string}"},"query-input":{"@type":"PropertyValueSpecification","valueRequired":true,"valueName":"search_term_string"}}],"inLanguage":"ca"},{"@type":"Organization","@id":"https:\/\/koiliako.com\/ca\/#organization","name":"Koiliako","url":"https:\/\/koiliako.com\/ca\/","logo":{"@type":"ImageObject","inLanguage":"ca","@id":"https:\/\/koiliako.com\/ca\/#\/schema\/logo\/image\/","url":"https:\/\/koiliako.com\/wp-content\/uploads\/2021\/11\/LOGO-KOILIAKOS-FINAL-scaled.jpg","contentUrl":"https:\/\/koiliako.com\/wp-content\/uploads\/2021\/11\/LOGO-KOILIAKOS-FINAL-scaled.jpg","width":2560,"height":1810,"caption":"Koiliako"},"image":{"@id":"https:\/\/koiliako.com\/ca\/#\/schema\/logo\/image\/"},"sameAs":["https:\/\/www.facebook.com\/koiliako.shop","https:\/\/www.instagram.com\/koiliako.shop\/"]}]}},"_links":{"self":[{"href":"https:\/\/koiliako.com\/ca\/wp-json\/wp\/v2\/pages\/1914","targetHints":{"allow":["GET"]}}],"collection":[{"href":"https:\/\/koiliako.com\/ca\/wp-json\/wp\/v2\/pages"}],"about":[{"href":"https:\/\/koiliako.com\/ca\/wp-json\/wp\/v2\/types\/page"}],"author":[{"embeddable":true,"href":"https:\/\/koiliako.com\/ca\/wp-json\/wp\/v2\/users\/7"}],"replies":[{"embeddable":true,"href":"https:\/\/koiliako.com\/ca\/wp-json\/wp\/v2\/comments?post=1914"}],"version-history":[{"count":23,"href":"https:\/\/koiliako.com\/ca\/wp-json\/wp\/v2\/pages\/1914\/revisions"}],"predecessor-version":[{"id":2279,"href":"https:\/\/koiliako.com\/ca\/wp-json\/wp\/v2\/pages\/1914\/revisions\/2279"}],"wp:attachment":[{"href":"https:\/\/koiliako.com\/ca\/wp-json\/wp\/v2\/media?parent=1914"}],"curies":[{"name":"wp","href":"https:\/\/api.w.org\/{rel}","templated":true}]}}