{"id":249,"date":"2021-01-14T12:49:43","date_gmt":"2021-01-14T12:49:43","guid":{"rendered":"https:\/\/koiliako.com\/faqs\/"},"modified":"2023-05-10T10:02:26","modified_gmt":"2023-05-10T08:02:26","slug":"faqs","status":"publish","type":"page","link":"https:\/\/koiliako.com\/ca\/faqs\/","title":{"rendered":"FAQs"},"content":{"rendered":"<p>[et_pb_section fb_built=&#8221;1&#8243; module_id=&#8221;theTitle&#8221; _builder_version=&#8221;4.4.0&#8243; background_enable_image=&#8221;off&#8221;][et_pb_row _builder_version=&#8221;4.4.0&#8243;][et_pb_column type=&#8221;4_4&#8243; _builder_version=&#8221;4.4.0&#8243;][et_pb_text _builder_version=&#8221;4.4.0&#8243;]<\/p>\n<h1 style=\"text-align: center;\">Preguntes freq\u00fcents<\/h1>\n<p>[\/et_pb_text][\/et_pb_column][\/et_pb_row][\/et_pb_section][et_pb_section fb_built=&#8221;1&#8243; _builder_version=&#8221;4.4.0&#8243;][et_pb_row _builder_version=&#8221;4.4.0&#8243;][et_pb_column type=&#8221;4_4&#8243; _builder_version=&#8221;4.4.0&#8243;][et_pb_accordion _builder_version=&#8221;4.4.0&#8243;][et_pb_accordion_item title=&#8221;1. Perqu\u00e8 haig de crear un compte en Koilia ko?&#8221; open=&#8221;off&#8221; _builder_version=&#8221;4.4.0&#8243;]<\/p>\n<p>La primera vegada que compris en Koilia ko, haur\u00e0s de registrar-te. D&#8217;aquesta forma, la pr\u00f2xima vegada que tornis a comprar no haur\u00e0s d&#8217;introduir de nou les teves dades. Aix\u00ed, podr\u00e0s fer compres m\u00e9s r\u00e0pides. Podr\u00e0s guardar els teus productes en &#8220;Els meus desitjos&#8221; i tindr\u00e0s tot l&#8217;historial de comandes realitzades.<\/p>\n<p>Mantenir el teu compte no t\u00e9 costos ni implica cap obligaci\u00f3 de comprar.<\/p>\n<p>[\/et_pb_accordion_item][et_pb_accordion_item title=&#8221;2. Quin \u00e9s el proc\u00e9s per a comprar en la web?&#8221; _builder_version=&#8221;4.4.0&#8243; open=&#8221;off&#8221;]<\/p>\n<p>El proc\u00e9s per a comprar a Koilia ko \u00e9s molt senzill i r\u00e0pid. Registra&#8217;t en la part superior. Fes clic a \u201cEl meu compte\u201d i omple un senzill formulari a l\u2019apartat de \u201cDetalls del compte\u201d (on podr\u00e0s canviar la contrasenya) i a \u201cAdreces\u201d.<\/p>\n<p>Si ja est\u00e0s registrada, inicia sessi\u00f3 amb el teu correu electr\u00f2nic i contrasenya. Localitza els productes que t&#8217;interessen accedint al men\u00fa en la secci\u00f3 \u201cBotiga\u201d o utilitzant el cercador. Prem \u201cAfegir a la cistella\u201d per a incorporar el producte a la teva comanda. Una vegada hagis afegit a la teva cistella tots els productes que desitja comprar, prem \u201cVeure cistella\u201d. Introdueix les dades d&#8217;enviament i tria la forma de pagament que prefereixis: targeta de cr\u00e8dit o d\u00e8bit. Abans de pagar, podr\u00e0s verificar els articles seleccionats, el termini d&#8217;enviament i els costos d&#8217;enviament.<\/p>\n<p>Rebr\u00e0s un correu amb la informaci\u00f3 de la comanda y podr\u00e0s veure el seguiment de la comanda a &#8220;El meu compte&#8221;-Comandes.<\/p>\n<p>[\/et_pb_accordion_item][et_pb_accordion_item title=&#8221;3. Existeix una comanda m\u00ednima?&#8221; _builder_version=&#8221;4.4.0&#8243; open=&#8221;off&#8221;]<\/p>\n<p>S\u00ed, la compra m\u00ednima \u00e9s de 20 \u20ac m\u00e9s despeses d&#8217;enviament.<\/p>\n<p>[\/et_pb_accordion_item][et_pb_accordion_item title=&#8221;4. Quin \u00e9s el cost d&#8217;enviament?&#8221; _builder_version=&#8221;4.4.0&#8243; open=&#8221;on&#8221;]<\/p>\n<p>El cost d&#8217;enviament dep\u00e8n de la localitat.<\/p>\n<p>Catalunya&#8230;&#8230;&#8230;&#8230;&#8230;&#8230;&#8230;&#8230;&#8230;&#8230;&#8230;..3\u20ac<\/p>\n<p>Resta de la Pen\u00ednsula&#8230;&#8230;&#8230;&#8230;4\u20ac<\/p>\n<p>Sant Feliu de Codines&#8230;&#8230;.GRATU\u00cfT<\/p>\n<p>* A partir de 40\u20ac el cost \u00e9s GRATU\u00cfT.<\/p>\n<p>&nbsp;<\/p>\n<p>[\/et_pb_accordion_item][et_pb_accordion_item title=&#8221;5. Quins formats de pagament tenim?&#8221; _builder_version=&#8221;4.4.0&#8243; open=&#8221;off&#8221;]<\/p>\n<p>Molt senzill, podr\u00e0s pagar mitjan\u00e7ant la targeta de cr\u00e8dit o d\u00e8bit. Acceptem Visa o Mastercard per als teus pagaments amb targeta.<\/p>\n<p>[\/et_pb_accordion_item][et_pb_accordion_item title=&#8221;6. Com funciona el nostre cicle d&#8217;enviament?&#8221; _builder_version=&#8221;4.4.0&#8243; open=&#8221;off&#8221;]<\/p>\n<p>Et mantindrem informat en tot moment del proc\u00e9s en el qual es troba el teu enviament. Pots realitzar el seguiment en la secci\u00f3 del men\u00fa \u201cEl meu compte\u201d-comandes. En fer la compra rebr\u00e0s un correu amb la confirmaci\u00f3 i informaci\u00f3 de la comanda.<\/p>\n<p>Cicle d&#8217;enviament:<\/p>\n<p>&#8211; Pagament rebut i acceptat.<br \/> &#8211; Comanda en preparaci\u00f3.<br \/> &#8211; Sortida de les nostres depend\u00e8ncies.<br \/> &#8211; En proc\u00e9s de lliurament.<br \/> &#8211; Lliurat.<\/p>\n<p>[\/et_pb_accordion_item][et_pb_accordion_item title=&#8221;7. Quins s\u00f3n els dies de repartiment?&#8221; _builder_version=&#8221;4.4.0&#8243; open=&#8221;off&#8221;]<\/p>\n<p>De dilluns a divendres, abans de les 19 h de l&#8217;endem\u00e0 a la sortida de la comanda.<\/p>\n<p>[\/et_pb_accordion_item][et_pb_accordion_item title=&#8221;8. Problemes amb la contrasenya.&#8221; _builder_version=&#8221;4.4.0&#8243; open=&#8221;off&#8221;]<\/p>\n<p>Si ja est\u00e0s registrat en Koilia ko i no pot accedir al seu compte personal, sol\u00b7liciti una nova en l&#8217;apartat d\u2019\u201cEl meu compte\u201d en la p\u00e0gina d&#8217;iniciar sessi\u00f3. Fes clic a &#8220;Has oblidat la contrasenya?&#8221; i rebr\u00e0s un correu electr\u00f2nic a l&#8217;adre\u00e7a amb la qual es va registrar amb les indicacions per a procedir a la nova contrasenya.<\/p>\n<p>[\/et_pb_accordion_item][et_pb_accordion_item title=&#8221;9. Qu\u00e8 haig de fer per a donar-me de baixa?&#8221; _builder_version=&#8221;4.4.0&#8243; open=&#8221;off&#8221;]<\/p>\n<p>Si consideres que vols donar-te de baixa de la nostra web, si us plau envia un correu electr\u00f2nic a info@koiliako.com.<\/p>\n<p>[\/et_pb_accordion_item][et_pb_accordion_item title=&#8221;10. Com modifico la meva comanda?&#8221; _builder_version=&#8221;4.4.0&#8243; open=&#8221;off&#8221;]<\/p>\n<p>Es podr\u00e0 modificar durant el proc\u00e9s d&#8217;elaboraci\u00f3 de la comanda, per\u00f2 una vegada feta la compra, haur\u00e0s de posar-te en contacte amb nosaltres via correu electr\u00f2nic info@koiliako.com. Disposes de 30 minuts despr\u00e9s de finalitzar la compra per a modificar la comanda. Per a modificacions posteriors, lamentablement no podem parar la preparaci\u00f3 i enviament de la comanda, aix\u00ed que haur\u00e0s de tramitar una devoluci\u00f3 quan t&#8217;arribi la comanda. I a casa que volgu\u00e9s agregar algun producte, hauries de realitzar una altra comanda.<\/p>\n<p>[\/et_pb_accordion_item][et_pb_accordion_item title=&#8221;11. Com puc cancel\u00b7lar la meva comanda?&#8221; _builder_version=&#8221;4.4.0&#8243; open=&#8221;off&#8221;]<\/p>\n<p>Durant tot el proc\u00e9s d&#8217;elaboraci\u00f3 de la comanda pots cancel\u00b7lar-lo, per\u00f2 una vegada feta la compra, haur\u00e0s de posar-te en contacte amb nosaltres via correu electr\u00f2nic info@koiliako.com. Disposes de 30 minuts despr\u00e9s de finalitzar la compra per a cancel\u00b7lar la comanda. Per a modificacions posteriors, lamentablement no podem parar la preparaci\u00f3 i enviament de la comanda, aix\u00ed que haur\u00e0s de tramitar una devoluci\u00f3 quan t&#8217;arribi la comanda.<\/p>\n<p>[\/et_pb_accordion_item][et_pb_accordion_item title=&#8221;12. Quan rebr\u00e9 la meva comanda?&#8221; _builder_version=&#8221;4.4.0&#8243; open=&#8221;off&#8221;]<\/p>\n<p>La teva comanda es lliurar\u00e0 en un termini d&#8217;entre 24 h\/48 h des que el realitzis. Podr\u00e0s veure el seguiment de la teva comanda en la secci\u00f3 \u201c\u00c0rea clients\u201d.<\/p>\n<p>[\/et_pb_accordion_item][et_pb_accordion_item title=&#8221;13. Com puc saber si la meva comanda s&#8217;ha realitzat correctament?&#8221; _builder_version=&#8221;4.4.0&#8243; open=&#8221;off&#8221;]<\/p>\n<p>Immediatament despr\u00e9s que es verifiqui el pagament rebr\u00e0 un correu electr\u00f2nic de confirmaci\u00f3 de la seva comanda.<\/p>\n<p>[\/et_pb_accordion_item][et_pb_accordion_item title=&#8221;14. Qu\u00e8 passa si no estic quan arribi la comanda?&#8221; _builder_version=&#8221;4.4.0&#8243; open=&#8221;off&#8221;]<\/p>\n<p>Si no est\u00e0s a casa quan arribi la comanda, el repartidor trucar\u00e0 al m\u00f2bil i tornar\u00e0 al domicili a fer el lliurament.<\/p>\n<p>[\/et_pb_accordion_item][et_pb_accordion_item title=&#8221;15. Es pot autoritzar una altra persona per a la recepci\u00f3 de la comanda?&#8221; _builder_version=&#8221;4.4.0&#8243; open=&#8221;off&#8221;]<\/p>\n<p>S\u00ed, en cas que una altra persona del teu domicili es faci c\u00e0rrec del lliurament, haur\u00e0 d&#8217;indicar el seu n\u00famero de DNI o indicar les seves dades identificatives i signar el rebut que li presentar\u00e0 el repartidor.<\/p>\n<p>[\/et_pb_accordion_item][et_pb_accordion_item title=&#8221;16. Qu\u00e8 passa si un producte no est\u00e0 disponible en el moment de preparar la comanda?&#8221; _builder_version=&#8221;4.4.0&#8243; open=&#8221;off&#8221;]<\/p>\n<p>S&#8217;enviar\u00e0 un correu informant que no est\u00e0 disponible i amb suggeriment a canviar-lo per un altre, o una altra opci\u00f3 ser\u00e0 enviar un correu electr\u00f2nic quan estigui disponible.<\/p>\n<p>[\/et_pb_accordion_item][et_pb_accordion_item title=&#8221;17. Recepci\u00f3 de la comanda.&#8221; _builder_version=&#8221;4.4.0&#8243; open=&#8221;off&#8221;]<\/p>\n<p>Quan el transportista faci el lliurament. \u00c9s important comprovar l&#8217;estat de la comanda abans de signar l&#8217;albar\u00e0 per a detectar possibles incid\u00e8ncies:<\/p>\n<p>&#8211; Comprovar que el nombre d&#8217;embalums especificats en l&#8217;albar\u00e0 quadri amb el nombre d&#8217;embalums lliurats. En cas que no coincideixin, escriure-ho en l&#8217;albar\u00e0.<\/p>\n<p>&#8211; Observar si la caixa presenta danys externs. En cas que sigui aix\u00ed, escriure-ho en l&#8217;albar\u00e0.<\/p>\n<p>&#8211; Si tot sembla correcte, indicar en l&#8217;albar\u00e0 \u201cok, excepte an\u00e0lisi interior\u201d.<\/p>\n<p>&#8211; Si la comanda sembla visiblement danyat, si us plau, rebutjar el lliurament indicant el motiu en l&#8217;albar\u00e0.<\/p>\n<p>[\/et_pb_accordion_item][et_pb_accordion_item title=&#8221;18. Qu\u00e8 faig si un producte est\u00e0 trencat o defectu\u00f3s?&#8221; _builder_version=&#8221;4.4.0&#8243; open=&#8221;off&#8221;]<\/p>\n<p>Ha de notificar-ho en primer lloc al transportista i posteriorment posar-se en contacte amb nosaltres via correu electr\u00f2nic a: info@koiliako.com, enviant una fotografia del producte\/paquet.<\/p>\n<p>Ordenarem la recollida d&#8217;aquest i li remetrem un nou. El temps m\u00e0xim entre la recepci\u00f3 de la comanda i la notificaci\u00f3 del desperfecte per culpa del transport no pot excedir de 24 h.<\/p>\n<p>[\/et_pb_accordion_item][et_pb_accordion_item title=&#8221;19. Qu\u00e8 faig si la meva comanda no est\u00e0 correcte?&#8221; _builder_version=&#8221;4.4.0&#8243; open=&#8221;off&#8221;]<\/p>\n<p>Si en rebre la teva comanda comproves que no est\u00e0 correcte, envia&#8217;ns la teva reclamaci\u00f3 al correu electr\u00f2nic: info@koiliako.com amb les fotos del producte erroni, on es vegi la seva etiqueta, perqu\u00e8 puguem donar-te una soluci\u00f3 al m\u00e9s aviat possible.<\/p>\n<p>El termini de les reclamacions \u00e9s de 24 hores des de la recepci\u00f3 de la teva comanda. No s&#8217;acceptaran cap mena de reclamaci\u00f3 una vegada superat aquest termini.<\/p>\n<p>[\/et_pb_accordion_item][\/et_pb_accordion][\/et_pb_column][\/et_pb_row][\/et_pb_section]<\/p>\n","protected":false},"excerpt":{"rendered":"<p>Preguntes freq\u00fcentsLa primera vegada que compris en Koilia ko, haur\u00e0s de registrar-te. D&#8217;aquesta forma, la pr\u00f2xima vegada que tornis a comprar no haur\u00e0s d&#8217;introduir de nou les teves dades. Aix\u00ed, podr\u00e0s fer compres m\u00e9s r\u00e0pides. Podr\u00e0s guardar els teus productes en &#8220;Els meus desitjos&#8221; i tindr\u00e0s tot l&#8217;historial de comandes realitzades. Mantenir el teu compte [&hellip;]<\/p>\n","protected":false},"author":1,"featured_media":0,"parent":0,"menu_order":0,"comment_status":"closed","ping_status":"closed","template":"","meta":{"_et_pb_use_builder":"on","_et_pb_old_content":"","_et_gb_content_width":"","inline_featured_image":false,"footnotes":""},"class_list":["post-249","page","type-page","status-publish","hentry"],"yoast_head":"<!-- This site is optimized with the Yoast SEO plugin v25.3.1 - https:\/\/yoast.com\/wordpress\/plugins\/seo\/ -->\n<title>Preguntas frecuentes - Koilia ko. Pastas y salsas sin gluten<\/title>\n<meta name=\"description\" content=\"Preguntas frecuentes sobre Koilia ko, nuestra tienda sobre pastas y salsas sin gluten. Consigue primera calidad en pastas y salas gluten free\" \/>\n<meta name=\"robots\" content=\"index, follow, max-snippet:-1, max-image-preview:large, max-video-preview:-1\" \/>\n<link rel=\"canonical\" href=\"https:\/\/koiliako.com\/ca\/faqs\/\" \/>\n<meta property=\"og:locale\" content=\"ca_ES\" \/>\n<meta property=\"og:type\" content=\"article\" \/>\n<meta property=\"og:title\" content=\"Preguntas frecuentes - Koilia ko. Pastas y salsas sin gluten\" \/>\n<meta property=\"og:description\" content=\"Preguntas frecuentes sobre Koilia ko, nuestra tienda sobre pastas y salsas sin gluten. Consigue primera calidad en pastas y salas gluten free\" \/>\n<meta property=\"og:url\" content=\"https:\/\/koiliako.com\/ca\/faqs\/\" \/>\n<meta property=\"og:site_name\" content=\"Koilia ko\" \/>\n<meta property=\"article:publisher\" content=\"https:\/\/www.facebook.com\/koiliako.shop\" \/>\n<meta property=\"article:modified_time\" content=\"2023-05-10T08:02:26+00:00\" \/>\n<meta name=\"twitter:card\" content=\"summary_large_image\" \/>\n<meta name=\"twitter:label1\" content=\"Temps estimat de lectura\" \/>\n\t<meta name=\"twitter:data1\" content=\"5 minuts\" \/>\n<script type=\"application\/ld+json\" class=\"yoast-schema-graph\">{\"@context\":\"https:\/\/schema.org\",\"@graph\":[{\"@type\":\"WebPage\",\"@id\":\"https:\/\/koiliako.com\/ca\/faqs\/\",\"url\":\"https:\/\/koiliako.com\/ca\/faqs\/\",\"name\":\"Preguntas frecuentes - Koilia ko. Pastas y salsas sin gluten\",\"isPartOf\":{\"@id\":\"https:\/\/koiliako.com\/ca\/#website\"},\"datePublished\":\"2021-01-14T12:49:43+00:00\",\"dateModified\":\"2023-05-10T08:02:26+00:00\",\"description\":\"Preguntas frecuentes sobre Koilia ko, nuestra tienda sobre pastas y salsas sin gluten. Consigue primera calidad en pastas y salas gluten free\",\"breadcrumb\":{\"@id\":\"https:\/\/koiliako.com\/ca\/faqs\/#breadcrumb\"},\"inLanguage\":\"ca\",\"potentialAction\":[{\"@type\":\"ReadAction\",\"target\":[\"https:\/\/koiliako.com\/ca\/faqs\/\"]}]},{\"@type\":\"BreadcrumbList\",\"@id\":\"https:\/\/koiliako.com\/ca\/faqs\/#breadcrumb\",\"itemListElement\":[{\"@type\":\"ListItem\",\"position\":1,\"name\":\"Portada\",\"item\":\"https:\/\/koiliako.com\/ca\/home\/\"},{\"@type\":\"ListItem\",\"position\":2,\"name\":\"FAQs\"}]},{\"@type\":\"WebSite\",\"@id\":\"https:\/\/koiliako.com\/ca\/#website\",\"url\":\"https:\/\/koiliako.com\/ca\/\",\"name\":\"Koilia ko\",\"description\":\"La teva botiga de pastes i sales sense gluten\",\"publisher\":{\"@id\":\"https:\/\/koiliako.com\/ca\/#organization\"},\"potentialAction\":[{\"@type\":\"SearchAction\",\"target\":{\"@type\":\"EntryPoint\",\"urlTemplate\":\"https:\/\/koiliako.com\/ca\/?s={search_term_string}\"},\"query-input\":{\"@type\":\"PropertyValueSpecification\",\"valueRequired\":true,\"valueName\":\"search_term_string\"}}],\"inLanguage\":\"ca\"},{\"@type\":\"Organization\",\"@id\":\"https:\/\/koiliako.com\/ca\/#organization\",\"name\":\"Koiliako\",\"url\":\"https:\/\/koiliako.com\/ca\/\",\"logo\":{\"@type\":\"ImageObject\",\"inLanguage\":\"ca\",\"@id\":\"https:\/\/koiliako.com\/ca\/#\/schema\/logo\/image\/\",\"url\":\"https:\/\/koiliako.com\/wp-content\/uploads\/2021\/11\/LOGO-KOILIAKOS-FINAL-scaled.jpg\",\"contentUrl\":\"https:\/\/koiliako.com\/wp-content\/uploads\/2021\/11\/LOGO-KOILIAKOS-FINAL-scaled.jpg\",\"width\":2560,\"height\":1810,\"caption\":\"Koiliako\"},\"image\":{\"@id\":\"https:\/\/koiliako.com\/ca\/#\/schema\/logo\/image\/\"},\"sameAs\":[\"https:\/\/www.facebook.com\/koiliako.shop\",\"https:\/\/www.instagram.com\/koiliako.shop\/\"]}]}<\/script>\n<!-- \/ Yoast SEO plugin. -->","yoast_head_json":{"title":"Preguntas frecuentes - Koilia ko. Pastas y salsas sin gluten","description":"Preguntas frecuentes sobre Koilia ko, nuestra tienda sobre pastas y salsas sin gluten. Consigue primera calidad en pastas y salas gluten free","robots":{"index":"index","follow":"follow","max-snippet":"max-snippet:-1","max-image-preview":"max-image-preview:large","max-video-preview":"max-video-preview:-1"},"canonical":"https:\/\/koiliako.com\/ca\/faqs\/","og_locale":"ca_ES","og_type":"article","og_title":"Preguntas frecuentes - Koilia ko. Pastas y salsas sin gluten","og_description":"Preguntas frecuentes sobre Koilia ko, nuestra tienda sobre pastas y salsas sin gluten. Consigue primera calidad en pastas y salas gluten free","og_url":"https:\/\/koiliako.com\/ca\/faqs\/","og_site_name":"Koilia ko","article_publisher":"https:\/\/www.facebook.com\/koiliako.shop","article_modified_time":"2023-05-10T08:02:26+00:00","twitter_card":"summary_large_image","twitter_misc":{"Temps estimat de lectura":"5 minuts"},"schema":{"@context":"https:\/\/schema.org","@graph":[{"@type":"WebPage","@id":"https:\/\/koiliako.com\/ca\/faqs\/","url":"https:\/\/koiliako.com\/ca\/faqs\/","name":"Preguntas frecuentes - Koilia ko. Pastas y salsas sin gluten","isPartOf":{"@id":"https:\/\/koiliako.com\/ca\/#website"},"datePublished":"2021-01-14T12:49:43+00:00","dateModified":"2023-05-10T08:02:26+00:00","description":"Preguntas frecuentes sobre Koilia ko, nuestra tienda sobre pastas y salsas sin gluten. Consigue primera calidad en pastas y salas gluten free","breadcrumb":{"@id":"https:\/\/koiliako.com\/ca\/faqs\/#breadcrumb"},"inLanguage":"ca","potentialAction":[{"@type":"ReadAction","target":["https:\/\/koiliako.com\/ca\/faqs\/"]}]},{"@type":"BreadcrumbList","@id":"https:\/\/koiliako.com\/ca\/faqs\/#breadcrumb","itemListElement":[{"@type":"ListItem","position":1,"name":"Portada","item":"https:\/\/koiliako.com\/ca\/home\/"},{"@type":"ListItem","position":2,"name":"FAQs"}]},{"@type":"WebSite","@id":"https:\/\/koiliako.com\/ca\/#website","url":"https:\/\/koiliako.com\/ca\/","name":"Koilia ko","description":"La teva botiga de pastes i sales sense gluten","publisher":{"@id":"https:\/\/koiliako.com\/ca\/#organization"},"potentialAction":[{"@type":"SearchAction","target":{"@type":"EntryPoint","urlTemplate":"https:\/\/koiliako.com\/ca\/?s={search_term_string}"},"query-input":{"@type":"PropertyValueSpecification","valueRequired":true,"valueName":"search_term_string"}}],"inLanguage":"ca"},{"@type":"Organization","@id":"https:\/\/koiliako.com\/ca\/#organization","name":"Koiliako","url":"https:\/\/koiliako.com\/ca\/","logo":{"@type":"ImageObject","inLanguage":"ca","@id":"https:\/\/koiliako.com\/ca\/#\/schema\/logo\/image\/","url":"https:\/\/koiliako.com\/wp-content\/uploads\/2021\/11\/LOGO-KOILIAKOS-FINAL-scaled.jpg","contentUrl":"https:\/\/koiliako.com\/wp-content\/uploads\/2021\/11\/LOGO-KOILIAKOS-FINAL-scaled.jpg","width":2560,"height":1810,"caption":"Koiliako"},"image":{"@id":"https:\/\/koiliako.com\/ca\/#\/schema\/logo\/image\/"},"sameAs":["https:\/\/www.facebook.com\/koiliako.shop","https:\/\/www.instagram.com\/koiliako.shop\/"]}]}},"_links":{"self":[{"href":"https:\/\/koiliako.com\/ca\/wp-json\/wp\/v2\/pages\/249","targetHints":{"allow":["GET"]}}],"collection":[{"href":"https:\/\/koiliako.com\/ca\/wp-json\/wp\/v2\/pages"}],"about":[{"href":"https:\/\/koiliako.com\/ca\/wp-json\/wp\/v2\/types\/page"}],"author":[{"embeddable":true,"href":"https:\/\/koiliako.com\/ca\/wp-json\/wp\/v2\/users\/1"}],"replies":[{"embeddable":true,"href":"https:\/\/koiliako.com\/ca\/wp-json\/wp\/v2\/comments?post=249"}],"version-history":[{"count":11,"href":"https:\/\/koiliako.com\/ca\/wp-json\/wp\/v2\/pages\/249\/revisions"}],"predecessor-version":[{"id":3540,"href":"https:\/\/koiliako.com\/ca\/wp-json\/wp\/v2\/pages\/249\/revisions\/3540"}],"wp:attachment":[{"href":"https:\/\/koiliako.com\/ca\/wp-json\/wp\/v2\/media?parent=249"}],"curies":[{"name":"wp","href":"https:\/\/api.w.org\/{rel}","templated":true}]}}