{"id":425,"date":"2020-12-10T10:43:31","date_gmt":"2020-12-10T10:43:31","guid":{"rendered":"https:\/\/koiliako.com\/home\/"},"modified":"2023-08-29T10:18:08","modified_gmt":"2023-08-29T08:18:08","slug":"home","status":"publish","type":"page","link":"https:\/\/koiliako.com\/ca\/","title":{"rendered":"Home"},"content":{"rendered":"<p>[et_pb_section fb_built=&#8221;1&#8243; fullwidth=&#8221;on&#8221; _builder_version=&#8221;4.4.0&#8243;][et_pb_fullwidth_slider _builder_version=&#8221;4.4.0&#8243; background_image=&#8221;https:\/\/koiliako.com\/wp-content\/uploads\/2023\/01\/regal-mes-de-gener.jpg&#8221; min_height=&#8221;351px&#8221; height=&#8221;1000px&#8221; max_height=&#8221;295px&#8221; custom_margin=&#8221;||46px|||&#8221; custom_padding=&#8221;43px||89px|||&#8221; auto=&#8221;on&#8221; auto_speed=&#8221;5000&#8243; hover_enabled=&#8221;0&#8243;][et_pb_slide button_text=&#8221;Anar a la botiga&#8221; button_link=&#8221;\/botiga&#8221; _builder_version=&#8221;4.4.0&#8243; background_image=&#8221;https:\/\/koiliako.com\/wp-content\/uploads\/2022\/09\/Snacks-5.jpg&#8221; background_enable_image=&#8221;on&#8221; content__hover_enabled=&#8221;on|desktop&#8221;]<\/p>\n<h1>Productes ECOL\u00d2GICS.<\/h1>\n<h1>Pa, galetes, colines, base de pizza&#8230;<\/h1>\n<h3>Descobreix tots els productes.<\/h3>\n<p>[\/et_pb_slide][et_pb_slide button_text=&#8221;Crear compte&#8221; button_link=&#8221;https:\/\/koiliako.com\/ca\/el-meu-compte\/&#8221; _builder_version=&#8221;4.4.0&#8243; background_image=&#8221;https:\/\/koiliako.com\/wp-content\/uploads\/2022\/09\/Pan-mijo-y-semillas-Zealia-4.jpg&#8221; background_enable_image=&#8221;on&#8221; custom_padding=&#8221;83px||138px||false|false&#8221;]<\/p>\n<h3><\/h3>\n<h2>Forma part de la fam\u00edlia Koilia ko.<\/h2>\n<h2>Sigues el primer en rebre els decomptes i novetats.<\/h2>\n<p>[\/et_pb_slide][et_pb_slide button_text=&#8221;Anar a la botiga&#8221; button_link=&#8221;\/botiga&#8221; _builder_version=&#8221;4.4.0&#8243; use_background_color_gradient=&#8221;on&#8221; background_image=&#8221;https:\/\/koiliako.com\/wp-content\/uploads\/2022\/09\/05-11.jpg&#8221; background_enable_image=&#8221;on&#8221; background_position=&#8221;bottom_left&#8221; custom_padding=&#8221;81px||||false|false&#8221;]<\/p>\n<h1>Enviaments GRATU\u00cfTS a partir de 35\u20ac<\/h1>\n<h2>Comanda m\u00ednima 20\u20ac<\/h2>\n<h2>Enviaments en 24\/48 h<\/h2>\n<p>[\/et_pb_slide][\/et_pb_fullwidth_slider][\/et_pb_section][et_pb_section fb_built=&#8221;1&#8243; _builder_version=&#8221;4.4.0&#8243; min_height=&#8221;814.4px&#8221;][et_pb_row _builder_version=&#8221;4.4.0&#8243;][et_pb_column type=&#8221;4_4&#8243; _builder_version=&#8221;4.4.0&#8243;][et_pb_shop type=&#8221;product_category&#8221; posts_number=&#8221;8&#8243; include_categories=&#8221;26,405,135,236,290,235,137,531,131,141,427&#8243; columns_number=&#8221;4&#8243; sale_badge_color=&#8221;rgba(0,0,0,0)&#8221; _builder_version=&#8221;4.4.0&#8243; sale_badge_font=&#8221;|300|||||||&#8221; sale_badge_font_size=&#8221;1px&#8221; sale_badge_line_height=&#8221;1em&#8221; rating_text_color=&#8221;rgba(0,0,0,0)&#8221;][\/et_pb_shop][et_pb_text _builder_version=&#8221;4.4.0&#8243;]<\/p>\n<h2 style=\"text-align: center;\">Pastes, Salses, Pa i Snack sense gluten<\/h2>\n<p style=\"text-align: center;\">Artesanals i espec\u00edficament formulades per a persones amb intoler\u00e0ncia al gluten.<\/p>\n<p>[\/et_pb_text][\/et_pb_column][\/et_pb_row][et_pb_row column_structure=&#8221;1_4,1_4,1_4,1_4&#8243; make_equal=&#8221;on&#8221; module_class=&#8221;boxes&#8221; _builder_version=&#8221;4.4.0&#8243;][et_pb_column type=&#8221;1_4&#8243; _builder_version=&#8221;4.4.0&#8243;][et_pb_image src=&#8221;https:\/\/koiliako.com\/wp-content\/uploads\/2021\/01\/Home-pastes.jpg&#8221; _builder_version=&#8221;4.4.0&#8243;][\/et_pb_image][et_pb_text _builder_version=&#8221;4.4.0&#8243; custom_margin=&#8221;||75px|||&#8221; custom_padding=&#8221;|1em||1em|false|false&#8221;]<\/p>\n<h3 style=\"text-align: center;\">Pastes<\/h3>\n<p style=\"text-align: center;\">D\u2019arr\u00f2s integral, blat de moro, quinoa, cigrons&#8230;<\/p>\n<p style=\"text-align: center;\">Lavorazione al vapore, trafilata al bronzo, lavorazione artigianale&#8230;<\/p>\n<p style=\"text-align: center;\">[\/et_pb_text][et_pb_button button_url=&#8221;https:\/\/koiliako.com\/ca\/categoria-producte\/pasta-ca\/&#8221; button_text=&#8221;Veure productes&#8221; button_alignment=&#8221;center&#8221; _builder_version=&#8221;4.4.0&#8243; custom_button=&#8221;on&#8221; button_text_color=&#8221;#ffffff&#8221; button_bg_color=&#8221;#db8548&#8243; custom_margin=&#8221;20px||-5px|||&#8221; custom_padding=&#8221;5px||5px|||&#8221;][\/et_pb_button][\/et_pb_column][et_pb_column type=&#8221;1_4&#8243; _builder_version=&#8221;4.4.0&#8243;][et_pb_image src=&#8221;https:\/\/koiliako.com\/wp-content\/uploads\/2022\/09\/lINGUINE-MORELLLI-CON-PESTO-SICILIANO-6.jpg&#8221; _builder_version=&#8221;4.4.0&#8243;][\/et_pb_image][et_pb_text _builder_version=&#8221;4.4.0&#8243; custom_margin=&#8221;||3px|||&#8221; custom_padding=&#8221;|1em||1em|false|false&#8221;]<\/p>\n<h3 style=\"text-align: center;\">Salses<\/h3>\n<p style=\"text-align: center;\">Fetes amb els millors tom\u00e0quets frescos sense colorants, conservants i sense sucre afegit. Llestes per a combinar amb la pasta segons els teus gustos.<\/p>\n<p style=\"text-align: center;\">Premiades en els Great Taste Awards.\u00a0<\/p>\n<p>[\/et_pb_text][et_pb_button button_url=&#8221;https:\/\/koiliako.com\/ca\/categoria-producte\/salsa-ca\/&#8221; button_text=&#8221;Veure productes&#8221; button_alignment=&#8221;center&#8221; _builder_version=&#8221;4.4.0&#8243; custom_button=&#8221;on&#8221; button_text_color=&#8221;#ffffff&#8221; button_bg_color=&#8221;#db8548&#8243;][\/et_pb_button][\/et_pb_column][et_pb_column type=&#8221;1_4&#8243; _builder_version=&#8221;4.4.0&#8243;][et_pb_image src=&#8221;https:\/\/koiliako.com\/wp-content\/uploads\/2022\/09\/Pan-mixto-15.jpg&#8221; _builder_version=&#8221;4.4.0&#8243;][\/et_pb_image][et_pb_text _builder_version=&#8221;4.4.0&#8243; min_height=&#8221;248px&#8221; custom_padding=&#8221;|1em|0px|1em|false|false&#8221;]<\/p>\n<h3 style=\"text-align: center;\">Pa i Snack<\/h3>\n<p style=\"text-align: center;\">Pa integral, de poble, de motlle, de llavors&#8230;<\/p>\n<p style=\"text-align: center;\">Base de pizza, wrap, colines, galetes&#8230;<\/p>\n<p style=\"text-align: center;\">Productes fornejats ECOL\u00d2GICS sense gluten<\/p>\n<p style=\"text-align: center;\">[\/et_pb_text][et_pb_button button_url=&#8221;https:\/\/koiliako.com\/ca\/categoria-producte\/pa-snack-sense-gluten\/&#8221; button_text=&#8221;Veure productes&#8221; button_alignment=&#8221;center&#8221; _builder_version=&#8221;4.4.0&#8243; custom_button=&#8221;on&#8221; button_text_color=&#8221;#ffffff&#8221; button_bg_color=&#8221;#db8548&#8243; custom_margin=&#8221;-26px|||||&#8221;][\/et_pb_button][\/et_pb_column][et_pb_column type=&#8221;1_4&#8243; _builder_version=&#8221;4.4.0&#8243;][et_pb_image src=&#8221;https:\/\/koiliako.com\/wp-content\/uploads\/2021\/06\/gdg.jpg&#8221; _builder_version=&#8221;4.4.0&#8243; min_height=&#8221;141.8px&#8221; custom_margin=&#8221;||21px|||&#8221;][\/et_pb_image][et_pb_text _builder_version=&#8221;4.4.0&#8243; custom_padding=&#8221;|1em|100px|1em|false|false&#8221;]<\/p>\n<h3 style=\"text-align: center;\">Packs<\/h3>\n<p style=\"text-align: center;\">Cada mes un pack PROMOCI\u00d3 a 25\u20ac<\/p>\n<p style=\"text-align: center;\">Troba el teu pack.<\/p>\n<p>[\/et_pb_text][et_pb_button button_url=&#8221;https:\/\/koiliako.com\/ca\/categoria-producte\/packs-ca\/&#8221; button_text=&#8221;Veure packs&#8221; button_alignment=&#8221;center&#8221; _builder_version=&#8221;4.4.0&#8243; custom_button=&#8221;on&#8221; button_text_color=&#8221;#ffffff&#8221; button_bg_color=&#8221;#db8548&#8243; custom_margin=&#8221;-26px|||||&#8221;][\/et_pb_button][\/et_pb_column][\/et_pb_row][\/et_pb_section][et_pb_section fb_built=&#8221;1&#8243; _builder_version=&#8221;4.4.0&#8243;][et_pb_row _builder_version=&#8221;4.4.0&#8243; custom_margin=&#8221;-104px|auto||auto||&#8221;][et_pb_column type=&#8221;4_4&#8243; _builder_version=&#8221;4.4.0&#8243;][et_pb_cta title=&#8221;Subscriu-te a la nostra Newsletter!&#8221; button_text=&#8221;Clics&#8221; _builder_version=&#8221;4.4.0&#8243; background_color=&#8221;rgba(216,105,36,0.82)&#8221; min_height=&#8221;105.3px&#8221; custom_margin=&#8221;||-8px|||&#8221; custom_padding=&#8221;||0px|||&#8221;]<\/p>\n<p>Estigues el dia de les ofertes, novetats, packs, recomenacions, receptes&#8230;<\/p>\n<p>[\/et_pb_cta][et_pb_code _builder_version=&#8221;4.4.0&#8243; background_color=&#8221;#db8548&#8243; custom_margin=&#8221;-2px||-28px||false|false&#8221; custom_padding=&#8221;||25px|320px|false|false&#8221;]<script>(function() {\n\twindow.mc4wp = window.mc4wp || {\n\t\tlisteners: [],\n\t\tforms: {\n\t\t\ton: function(evt, cb) {\n\t\t\t\twindow.mc4wp.listeners.push(\n\t\t\t\t\t{\n\t\t\t\t\t\tevent   : evt,\n\t\t\t\t\t\tcallback: cb\n\t\t\t\t\t}\n\t\t\t\t);\n\t\t\t}\n\t\t}\n\t}\n})();\n<\/script><!-- Mailchimp for WordPress v4.12.1 - https:\/\/wordpress.org\/plugins\/mailchimp-for-wp\/ --><form id=\"mc4wp-form-1\" class=\"mc4wp-form mc4wp-form-1750\" method=\"post\" data-id=\"1750\" data-name=\"\u00a1Suscr\u00edbete para recibir todas las novedades!\" ><div class=\"mc4wp-form-fields\"><label>Nombre<\/label>\r\n<input type=\"text\" name=\"FNAME\" required=\"\">\r\n<label>Ciudad<\/label>\r\n<input type=\"text\" name=\"MMERGE2\" required=\"\">\r\n<p>\r\n\t<label>Direcci\u00f3n de correo electr\u00f3nico: \r\n\t\t<input type=\"email\" name=\"EMAIL\" placeholder=\"Tu direcci\u00f3n de correo electr\u00f3nico\" required \/>\r\n<\/label>\r\n<\/p>\r\n\r\n<p>\r\n\t<input type=\"submit\" value=\"Registro\" \/>\r\n<\/p><\/div><label style=\"display: none !important;\">Leave this field empty if you're human: <input type=\"text\" name=\"_mc4wp_honeypot\" value=\"\" tabindex=\"-1\" autocomplete=\"off\" \/><\/label><input type=\"hidden\" name=\"_mc4wp_timestamp\" value=\"1776350448\" \/><input type=\"hidden\" name=\"_mc4wp_form_id\" value=\"1750\" \/><input type=\"hidden\" name=\"_mc4wp_form_element_id\" value=\"mc4wp-form-1\" \/><div class=\"mc4wp-response\"><\/div><\/form><!-- \/ Mailchimp for WordPress Plugin -->[\/et_pb_code][\/et_pb_column][\/et_pb_row][\/et_pb_section][et_pb_section fb_built=&#8221;1&#8243; _builder_version=&#8221;4.4.0&#8243; background_color=&#8221;#efefef&#8221; background_enable_image=&#8221;off&#8221;][et_pb_row column_structure=&#8221;3_5,2_5&#8243; make_equal=&#8221;on&#8221; _builder_version=&#8221;4.4.0&#8243;][et_pb_column type=&#8221;3_5&#8243; _builder_version=&#8221;4.4.0&#8243; positioning=&#8221;none&#8221;][et_pb_text _builder_version=&#8221;4.4.0&#8243;]<\/p>\n<h2><strong>Els nostres productes<\/strong><\/h2>\n<p>Koilia ko et porta a casa les millors pastes sense gluten, pastes que segueixen el m\u00e8tode artesanal com la trafilata al bronzo, lavorazione al vapore, dels millors \u201cpastificios d\u2019Italia\u201d.<\/p>\n<p>Des de l\u2019experi\u00e8ncia d\u2019haver provat moltes pastes sense gluten, t\u2019oferim la combinaci\u00f3 adient de pastes italianes artesanals amb les millors salses caracter\u00edstiques per poder gaudir de l\u2019aut\u00e8ntic sabor, textura i aroma de la pasta aut\u00f2ctona.<\/p>\n<p>I tot aix\u00f2 t\u00e9 un per qu\u00e8.<\/p>\n<p>[\/et_pb_text][et_pb_button button_url=&#8221;@ET-DC@eyJkeW5hbWljIjp0cnVlLCJjb250ZW50IjoicG9zdF9saW5rX3VybF9wYWdlIiwic2V0dGluZ3MiOnsicG9zdF9pZCI6IjEyMCJ9fQ==@&#8221; button_text=&#8221;Coneix-nos!&#8221; _builder_version=&#8221;4.4.0&#8243; _dynamic_attributes=&#8221;button_url&#8221;][\/et_pb_button][\/et_pb_column][et_pb_column type=&#8221;2_5&#8243; _builder_version=&#8221;4.4.0&#8243;][et_pb_image src=&#8221;https:\/\/koiliako.com\/wp-content\/uploads\/2021\/01\/Home-Els-nostres-productes.jpg&#8221; module_class=&#8221;shadow&#8221; _builder_version=&#8221;4.4.0&#8243;][\/et_pb_image][\/et_pb_column][\/et_pb_row][\/et_pb_section][et_pb_section fb_built=&#8221;1&#8243; module_id=&#8221;testimonials&#8221; _builder_version=&#8221;4.4.0&#8243;][et_pb_row column_structure=&#8221;1_4,1_4,1_4,1_4&#8243; make_equal=&#8221;on&#8221; _builder_version=&#8221;4.4.0&#8243; max_width=&#8221;1350px&#8221;][et_pb_column type=&#8221;1_4&#8243; _builder_version=&#8221;4.4.0&#8243;][et_pb_text _builder_version=&#8221;4.4.0&#8243;]<\/p>\n<p><a href=\"https:\/\/koiliako.com\/wp-content\/uploads\/2020\/12\/estrellas.svg\"><img loading=\"lazy\" decoding=\"async\" src=\"https:\/\/koiliako.com\/wp-content\/uploads\/2020\/12\/estrellas.svg\" alt=\"\" class=\"wp-image-81 alignnone size-medium\" style=\"display: block; margin-left: auto; margin-right: auto;\" width=\"150\" height=\"150\"><\/a><\/p>\n<p style=\"text-align: center;\">Contenta amb la compra i entrega. Repetir\u00e9 segur.<\/p>\n<p>[\/et_pb_text][\/et_pb_column][et_pb_column type=&#8221;1_4&#8243; _builder_version=&#8221;4.4.0&#8243;][et_pb_text _builder_version=&#8221;4.4.0&#8243;]<\/p>\n<p><a href=\"https:\/\/koiliako.com\/wp-content\/uploads\/2020\/12\/estrellas.svg\"><img loading=\"lazy\" decoding=\"async\" src=\"https:\/\/koiliako.com\/wp-content\/uploads\/2020\/12\/estrellas.svg\" alt=\"\" class=\"wp-image-81 alignnone size-medium\" style=\"display: block; margin-left: auto; margin-right: auto;\" width=\"150\" height=\"150\"><\/a><\/p>\n<p style=\"text-align: center;\">Servei r\u00e0pid, molt recomanable.<\/p>\n<p>[\/et_pb_text][\/et_pb_column][et_pb_column type=&#8221;1_4&#8243; _builder_version=&#8221;4.4.0&#8243;][et_pb_text _builder_version=&#8221;4.4.0&#8243;]<\/p>\n<p><a href=\"https:\/\/koiliako.com\/wp-content\/uploads\/2020\/12\/estrellas.svg\"><img loading=\"lazy\" decoding=\"async\" src=\"https:\/\/koiliako.com\/wp-content\/uploads\/2020\/12\/estrellas.svg\" alt=\"\" class=\"wp-image-81 alignnone size-medium\" style=\"display: block; margin-left: auto; margin-right: auto;\" width=\"150\" height=\"150\"><\/a><\/p>\n<p style=\"text-align: center;\">M&#8217;encanta aquesta p\u00e0gina, molt bon tracte i bona qualitat calidad del producte.<\/p>\n<p>[\/et_pb_text][\/et_pb_column][et_pb_column type=&#8221;1_4&#8243; _builder_version=&#8221;4.4.0&#8243;][et_pb_text _builder_version=&#8221;4.4.0&#8243;]<\/p>\n<p><a href=\"https:\/\/koiliako.com\/wp-content\/uploads\/2020\/12\/estrellas.svg\"><img loading=\"lazy\" decoding=\"async\" src=\"https:\/\/koiliako.com\/wp-content\/uploads\/2020\/12\/estrellas.svg\" alt=\"\" class=\"wp-image-81 alignnone size-medium\" style=\"display: block; margin-left: auto; margin-right: auto;\" width=\"150\" height=\"150\"><\/a><\/p>\n<p style=\"text-align: center;\">Compra fiable i bona qualitat-preu.<\/p>\n<p>[\/et_pb_text][\/et_pb_column][\/et_pb_row][et_pb_row column_structure=&#8221;1_4,1_4,1_4,1_4&#8243; make_equal=&#8221;on&#8221; _builder_version=&#8221;4.4.0&#8243; max_width=&#8221;1350px&#8221;][et_pb_column type=&#8221;1_4&#8243; _builder_version=&#8221;4.4.0&#8243;][et_pb_text _builder_version=&#8221;4.4.0&#8243;]<\/p>\n<p><a href=\"https:\/\/koiliako.com\/wp-content\/uploads\/2020\/12\/estrellas.svg\"><img loading=\"lazy\" decoding=\"async\" src=\"https:\/\/koiliako.com\/wp-content\/uploads\/2020\/12\/estrellas.svg\" alt=\"\" class=\"wp-image-81 alignnone size-medium\" style=\"display: block; margin-left: auto; margin-right: auto;\" width=\"150\" height=\"150\"><\/a><\/p>\n<p style=\"text-align: center;\">Molt satisfet amb la compra, ha arribat tot en perfecte estat i l&#8217;enviament r\u00e0pid.<\/p>\n<p>[\/et_pb_text][\/et_pb_column][et_pb_column type=&#8221;1_4&#8243; _builder_version=&#8221;4.4.0&#8243;][et_pb_text _builder_version=&#8221;4.4.0&#8243;]<\/p>\n<p><a href=\"https:\/\/koiliako.com\/wp-content\/uploads\/2020\/12\/estrellas.svg\"><img loading=\"lazy\" decoding=\"async\" src=\"https:\/\/koiliako.com\/wp-content\/uploads\/2020\/12\/estrellas.svg\" alt=\"\" class=\"wp-image-81 alignnone size-medium\" style=\"display: block; margin-left: auto; margin-right: auto;\" width=\"150\" height=\"150\"><\/a><\/p>\n<p style=\"text-align: center;\">Vaig comprar un pack de pasta i pot de salsa, i la veritat que est\u00e1 bon\u00edssim! Segur que tornar\u00e9 a comprar. Ho recomano!<\/p>\n<p>[\/et_pb_text][\/et_pb_column][et_pb_column type=&#8221;1_4&#8243; _builder_version=&#8221;4.4.0&#8243;][et_pb_text _builder_version=&#8221;4.4.0&#8243;]<\/p>\n<p><a href=\"https:\/\/koiliako.com\/wp-content\/uploads\/2020\/12\/estrellas.svg\"><img loading=\"lazy\" decoding=\"async\" src=\"https:\/\/koiliako.com\/wp-content\/uploads\/2020\/12\/estrellas.svg\" alt=\"\" class=\"wp-image-81 alignnone size-medium\" style=\"display: block; margin-left: auto; margin-right: auto;\" width=\"150\" height=\"150\"><\/a><\/p>\n<p style=\"text-align: center;\">Excel\u00b7lent atenci\u00f3 i p\u00e0gina web molt f\u00e0cil d&#8217;utilitzar. Qualitat-preu molt bona!<\/p>\n<p>[\/et_pb_text][\/et_pb_column][et_pb_column type=&#8221;1_4&#8243; _builder_version=&#8221;4.4.0&#8243;][et_pb_text _builder_version=&#8221;4.4.0&#8243;]<\/p>\n<p><a href=\"https:\/\/koiliako.com\/wp-content\/uploads\/2020\/12\/estrellas.svg\"><img loading=\"lazy\" decoding=\"async\" src=\"https:\/\/koiliako.com\/wp-content\/uploads\/2020\/12\/estrellas.svg\" alt=\"\" class=\"wp-image-81 alignnone size-medium\" style=\"display: block; margin-left: auto; margin-right: auto;\" width=\"150\" height=\"150\"><\/a><\/p>\n<p style=\"text-align: center;\">Feia temps que no menjava una pasta tan bona, a partir d&#8217;ara comprar\u00e9 a Koilia Ko.<\/p>\n<p>[\/et_pb_text][\/et_pb_column][\/et_pb_row][\/et_pb_section]<\/p>\n","protected":false},"excerpt":{"rendered":"<p>Productes ECOL\u00d2GICS. Pa, galetes, colines, base de pizza&#8230; Descobreix tots els productes. Forma part de la fam\u00edlia Koilia ko. Sigues el primer en rebre els decomptes i novetats.Enviaments GRATU\u00cfTS a partir de 35\u20ac Comanda m\u00ednima 20\u20ac Enviaments en 24\/48 hPastes, Salses, Pa i Snack sense gluten Artesanals i espec\u00edficament formulades per a persones amb intoler\u00e0ncia [&hellip;]<\/p>\n","protected":false},"author":1,"featured_media":2270,"parent":0,"menu_order":0,"comment_status":"closed","ping_status":"closed","template":"","meta":{"_et_pb_use_builder":"on","_et_pb_old_content":"","_et_gb_content_width":"","inline_featured_image":false,"footnotes":""},"class_list":["post-425","page","type-page","status-publish","has-post-thumbnail","hentry"],"yoast_head":"<!-- This site is optimized with the Yoast SEO plugin v25.3.1 - https:\/\/yoast.com\/wordpress\/plugins\/seo\/ -->\n<title>Home - Koilia ko<\/title>\n<meta name=\"robots\" content=\"index, follow, max-snippet:-1, max-image-preview:large, max-video-preview:-1\" \/>\n<link rel=\"canonical\" href=\"https:\/\/koiliako.com\/ca\/\" \/>\n<meta property=\"og:locale\" content=\"ca_ES\" \/>\n<meta property=\"og:type\" content=\"article\" \/>\n<meta property=\"og:title\" content=\"Home - Koilia ko\" \/>\n<meta property=\"og:description\" content=\"Productes ECOL\u00d2GICS. Pa, galetes, colines, base de pizza... Descobreix tots els productes. Forma part de la fam\u00edlia Koilia ko. Sigues el primer en rebre els decomptes i novetats.Enviaments GRATU\u00cfTS a partir de 35\u20ac Comanda m\u00ednima 20\u20ac Enviaments en 24\/48 hPastes, Salses, Pa i Snack sense gluten Artesanals i espec\u00edficament formulades per a persones amb intoler\u00e0ncia [&hellip;]\" \/>\n<meta property=\"og:url\" content=\"https:\/\/koiliako.com\/ca\/\" \/>\n<meta property=\"og:site_name\" content=\"Koilia ko\" \/>\n<meta property=\"article:publisher\" content=\"https:\/\/www.facebook.com\/koiliako.shop\" \/>\n<meta property=\"article:modified_time\" content=\"2023-08-29T08:18:08+00:00\" \/>\n<meta property=\"og:image\" content=\"https:\/\/koiliako.com\/wp-content\/uploads\/2020\/12\/estrellas.svg\" \/>\n<meta name=\"twitter:card\" content=\"summary_large_image\" \/>\n<meta name=\"twitter:label1\" content=\"Temps estimat de lectura\" \/>\n\t<meta name=\"twitter:data1\" content=\"4 minuts\" \/>\n<script type=\"application\/ld+json\" class=\"yoast-schema-graph\">{\"@context\":\"https:\/\/schema.org\",\"@graph\":[{\"@type\":\"WebPage\",\"@id\":\"https:\/\/koiliako.com\/ca\/\",\"url\":\"https:\/\/koiliako.com\/ca\/\",\"name\":\"Home - Koilia ko\",\"isPartOf\":{\"@id\":\"https:\/\/koiliako.com\/ca\/#website\"},\"primaryImageOfPage\":{\"@id\":\"https:\/\/koiliako.com\/ca\/#primaryimage\"},\"image\":{\"@id\":\"https:\/\/koiliako.com\/ca\/#primaryimage\"},\"thumbnailUrl\":\"https:\/\/koiliako.com\/wp-content\/uploads\/2021\/11\/LOGO-KOILIAKOS-FINAL-scaled.jpg\",\"datePublished\":\"2020-12-10T10:43:31+00:00\",\"dateModified\":\"2023-08-29T08:18:08+00:00\",\"breadcrumb\":{\"@id\":\"https:\/\/koiliako.com\/ca\/#breadcrumb\"},\"inLanguage\":\"ca\",\"potentialAction\":[{\"@type\":\"ReadAction\",\"target\":[\"https:\/\/koiliako.com\/ca\/\"]}]},{\"@type\":\"ImageObject\",\"inLanguage\":\"ca\",\"@id\":\"https:\/\/koiliako.com\/ca\/#primaryimage\",\"url\":\"https:\/\/koiliako.com\/wp-content\/uploads\/2021\/11\/LOGO-KOILIAKOS-FINAL-scaled.jpg\",\"contentUrl\":\"https:\/\/koiliako.com\/wp-content\/uploads\/2021\/11\/LOGO-KOILIAKOS-FINAL-scaled.jpg\",\"width\":2560,\"height\":1810},{\"@type\":\"BreadcrumbList\",\"@id\":\"https:\/\/koiliako.com\/ca\/#breadcrumb\",\"itemListElement\":[{\"@type\":\"ListItem\",\"position\":1,\"name\":\"Portada\",\"item\":\"https:\/\/koiliako.com\/ca\/home\/\"},{\"@type\":\"ListItem\",\"position\":2,\"name\":\"Home\"}]},{\"@type\":\"WebSite\",\"@id\":\"https:\/\/koiliako.com\/ca\/#website\",\"url\":\"https:\/\/koiliako.com\/ca\/\",\"name\":\"Koilia ko\",\"description\":\"La teva botiga de pastes i sales sense gluten\",\"publisher\":{\"@id\":\"https:\/\/koiliako.com\/ca\/#organization\"},\"potentialAction\":[{\"@type\":\"SearchAction\",\"target\":{\"@type\":\"EntryPoint\",\"urlTemplate\":\"https:\/\/koiliako.com\/ca\/?s={search_term_string}\"},\"query-input\":{\"@type\":\"PropertyValueSpecification\",\"valueRequired\":true,\"valueName\":\"search_term_string\"}}],\"inLanguage\":\"ca\"},{\"@type\":\"Organization\",\"@id\":\"https:\/\/koiliako.com\/ca\/#organization\",\"name\":\"Koiliako\",\"url\":\"https:\/\/koiliako.com\/ca\/\",\"logo\":{\"@type\":\"ImageObject\",\"inLanguage\":\"ca\",\"@id\":\"https:\/\/koiliako.com\/ca\/#\/schema\/logo\/image\/\",\"url\":\"https:\/\/koiliako.com\/wp-content\/uploads\/2021\/11\/LOGO-KOILIAKOS-FINAL-scaled.jpg\",\"contentUrl\":\"https:\/\/koiliako.com\/wp-content\/uploads\/2021\/11\/LOGO-KOILIAKOS-FINAL-scaled.jpg\",\"width\":2560,\"height\":1810,\"caption\":\"Koiliako\"},\"image\":{\"@id\":\"https:\/\/koiliako.com\/ca\/#\/schema\/logo\/image\/\"},\"sameAs\":[\"https:\/\/www.facebook.com\/koiliako.shop\",\"https:\/\/www.instagram.com\/koiliako.shop\/\"]}]}<\/script>\n<!-- \/ Yoast SEO plugin. -->","yoast_head_json":{"title":"Home - Koilia ko","robots":{"index":"index","follow":"follow","max-snippet":"max-snippet:-1","max-image-preview":"max-image-preview:large","max-video-preview":"max-video-preview:-1"},"canonical":"https:\/\/koiliako.com\/ca\/","og_locale":"ca_ES","og_type":"article","og_title":"Home - Koilia ko","og_description":"Productes ECOL\u00d2GICS. Pa, galetes, colines, base de pizza... Descobreix tots els productes. Forma part de la fam\u00edlia Koilia ko. Sigues el primer en rebre els decomptes i novetats.Enviaments GRATU\u00cfTS a partir de 35\u20ac Comanda m\u00ednima 20\u20ac Enviaments en 24\/48 hPastes, Salses, Pa i Snack sense gluten Artesanals i espec\u00edficament formulades per a persones amb intoler\u00e0ncia [&hellip;]","og_url":"https:\/\/koiliako.com\/ca\/","og_site_name":"Koilia ko","article_publisher":"https:\/\/www.facebook.com\/koiliako.shop","article_modified_time":"2023-08-29T08:18:08+00:00","og_image":[{"url":"https:\/\/koiliako.com\/wp-content\/uploads\/2020\/12\/estrellas.svg","type":"","width":"","height":""}],"twitter_card":"summary_large_image","twitter_misc":{"Temps estimat de lectura":"4 minuts"},"schema":{"@context":"https:\/\/schema.org","@graph":[{"@type":"WebPage","@id":"https:\/\/koiliako.com\/ca\/","url":"https:\/\/koiliako.com\/ca\/","name":"Home - Koilia ko","isPartOf":{"@id":"https:\/\/koiliako.com\/ca\/#website"},"primaryImageOfPage":{"@id":"https:\/\/koiliako.com\/ca\/#primaryimage"},"image":{"@id":"https:\/\/koiliako.com\/ca\/#primaryimage"},"thumbnailUrl":"https:\/\/koiliako.com\/wp-content\/uploads\/2021\/11\/LOGO-KOILIAKOS-FINAL-scaled.jpg","datePublished":"2020-12-10T10:43:31+00:00","dateModified":"2023-08-29T08:18:08+00:00","breadcrumb":{"@id":"https:\/\/koiliako.com\/ca\/#breadcrumb"},"inLanguage":"ca","potentialAction":[{"@type":"ReadAction","target":["https:\/\/koiliako.com\/ca\/"]}]},{"@type":"ImageObject","inLanguage":"ca","@id":"https:\/\/koiliako.com\/ca\/#primaryimage","url":"https:\/\/koiliako.com\/wp-content\/uploads\/2021\/11\/LOGO-KOILIAKOS-FINAL-scaled.jpg","contentUrl":"https:\/\/koiliako.com\/wp-content\/uploads\/2021\/11\/LOGO-KOILIAKOS-FINAL-scaled.jpg","width":2560,"height":1810},{"@type":"BreadcrumbList","@id":"https:\/\/koiliako.com\/ca\/#breadcrumb","itemListElement":[{"@type":"ListItem","position":1,"name":"Portada","item":"https:\/\/koiliako.com\/ca\/home\/"},{"@type":"ListItem","position":2,"name":"Home"}]},{"@type":"WebSite","@id":"https:\/\/koiliako.com\/ca\/#website","url":"https:\/\/koiliako.com\/ca\/","name":"Koilia ko","description":"La teva botiga de pastes i sales sense gluten","publisher":{"@id":"https:\/\/koiliako.com\/ca\/#organization"},"potentialAction":[{"@type":"SearchAction","target":{"@type":"EntryPoint","urlTemplate":"https:\/\/koiliako.com\/ca\/?s={search_term_string}"},"query-input":{"@type":"PropertyValueSpecification","valueRequired":true,"valueName":"search_term_string"}}],"inLanguage":"ca"},{"@type":"Organization","@id":"https:\/\/koiliako.com\/ca\/#organization","name":"Koiliako","url":"https:\/\/koiliako.com\/ca\/","logo":{"@type":"ImageObject","inLanguage":"ca","@id":"https:\/\/koiliako.com\/ca\/#\/schema\/logo\/image\/","url":"https:\/\/koiliako.com\/wp-content\/uploads\/2021\/11\/LOGO-KOILIAKOS-FINAL-scaled.jpg","contentUrl":"https:\/\/koiliako.com\/wp-content\/uploads\/2021\/11\/LOGO-KOILIAKOS-FINAL-scaled.jpg","width":2560,"height":1810,"caption":"Koiliako"},"image":{"@id":"https:\/\/koiliako.com\/ca\/#\/schema\/logo\/image\/"},"sameAs":["https:\/\/www.facebook.com\/koiliako.shop","https:\/\/www.instagram.com\/koiliako.shop\/"]}]}},"_links":{"self":[{"href":"https:\/\/koiliako.com\/ca\/wp-json\/wp\/v2\/pages\/425","targetHints":{"allow":["GET"]}}],"collection":[{"href":"https:\/\/koiliako.com\/ca\/wp-json\/wp\/v2\/pages"}],"about":[{"href":"https:\/\/koiliako.com\/ca\/wp-json\/wp\/v2\/types\/page"}],"author":[{"embeddable":true,"href":"https:\/\/koiliako.com\/ca\/wp-json\/wp\/v2\/users\/1"}],"replies":[{"embeddable":true,"href":"https:\/\/koiliako.com\/ca\/wp-json\/wp\/v2\/comments?post=425"}],"version-history":[{"count":88,"href":"https:\/\/koiliako.com\/ca\/wp-json\/wp\/v2\/pages\/425\/revisions"}],"predecessor-version":[{"id":3705,"href":"https:\/\/koiliako.com\/ca\/wp-json\/wp\/v2\/pages\/425\/revisions\/3705"}],"wp:featuredmedia":[{"embeddable":true,"href":"https:\/\/koiliako.com\/ca\/wp-json\/wp\/v2\/media\/2270"}],"wp:attachment":[{"href":"https:\/\/koiliako.com\/ca\/wp-json\/wp\/v2\/media?parent=425"}],"curies":[{"name":"wp","href":"https:\/\/api.w.org\/{rel}","templated":true}]}}