{"id":709,"date":"2021-01-25T22:58:11","date_gmt":"2021-01-25T21:58:11","guid":{"rendered":"https:\/\/koiliako.com\/suggeriments\/"},"modified":"2021-02-01T12:29:57","modified_gmt":"2021-02-01T11:29:57","slug":"suggeriments","status":"publish","type":"page","link":"https:\/\/koiliako.com\/ca\/suggeriments\/","title":{"rendered":"Suggeriments"},"content":{"rendered":"<p>[et_pb_section fb_built=&#8221;1&#8243; module_id=&#8221;theTitle&#8221; _builder_version=&#8221;4.4.0&#8243; background_image=&#8221;https:\/\/koiliako.com\/wp-content\/uploads\/2021\/01\/Slider-3.jpg&#8221;][et_pb_row _builder_version=&#8221;4.4.0&#8243;][et_pb_column type=&#8221;4_4&#8243; _builder_version=&#8221;4.4.0&#8243;][et_pb_text _builder_version=&#8221;4.4.0&#8243;]<\/p>\n<h1 style=\"text-align: center\">Combinacions ideals<\/h1>\n<p>[\/et_pb_text][\/et_pb_column][\/et_pb_row][\/et_pb_section][et_pb_section fb_built=&#8221;1&#8243; _builder_version=&#8221;4.4.0&#8243;][et_pb_row _builder_version=&#8221;4.4.0&#8243;][et_pb_column type=&#8221;4_4&#8243; _builder_version=&#8221;4.4.0&#8243;][et_pb_text _builder_version=&#8221;4.4.0&#8243;]<\/p>\n<p style=\"text-align: center;\">Encara que gaireb\u00e9 totes les combinacions s\u00f3n bones, si no saps per on comen\u00e7ar, et recomanem les seg\u00fcents perqu\u00e8 descobreixis les nostres preferides. A partir d&#8217;aqu\u00ed descobreix la teva.<\/p>\n<p style=\"text-align: center; font-weight: bold;\">Descobreix quina \u00e9s la salsa perfecta per a cada tipus de pasta!<\/p>\n<p>[\/et_pb_text][\/et_pb_column][\/et_pb_row][et_pb_row disabled_on=&#8221;on|on|off&#8221; _builder_version=&#8221;4.4.0&#8243;][et_pb_column type=&#8221;4_4&#8243; _builder_version=&#8221;4.4.0&#8243;][et_pb_text _builder_version=&#8221;4.4.0&#8243; hover_enabled=&#8221;0&#8243;]<\/p>\n<table>\n<tbody>\n<tr style=\"background: #efefef;\">\n<td><\/td>\n<td><a href=\"https:\/\/koiliako.com\/ca\/producte\/coppola-salsa-napoletana-sense-gluten-350g\/\" target=\"_blank\" rel=\"noopener noreferrer\">Napoletana<\/a><\/td>\n<td><a href=\"https:\/\/koiliako.com\/ca\/producte\/coppola-salsa-arrabbiata-sense-gluten-350g\/\" target=\"_blank\" rel=\"noopener noreferrer\">Arrabbiata<\/a><\/td>\n<td><a href=\"https:\/\/koiliako.com\/ca\/producte\/coppola-salsa-classico-sense-gluten-350g\/\" target=\"_blank\" rel=\"noopener noreferrer\">Classico<\/a><\/td>\n<td><a href=\"https:\/\/koiliako.com\/ca\/producte\/coppola-salsa-bolognese-sense-gluten-350g\/\" target=\"_blank\" rel=\"noopener noreferrer\">Bolognese<\/a><\/td>\n<td><a href=\"https:\/\/koiliako.com\/ca\/categoria-producte\/salsa-ca\/siciliana-ca\/\" target=\"_blank\" rel=\"noopener noreferrer\">Siciliana<\/a><\/td>\n<td><a href=\"https:\/\/koiliako.com\/ca\/producte\/coppola-salsa-puttanesca-sense-gluten-350g\/\" target=\"_blank\" rel=\"noopener noreferrer\">Puttanesca<\/a><\/td>\n<td><a href=\"https:\/\/koiliako.com\/ca\/categoria-producte\/salsa-ca\/pesto-genovese-ca\/\" target=\"_blank\" rel=\"noopener noreferrer\">Pesto Genovese<\/a><\/td>\n<td><a href=\"https:\/\/koiliako.com\/ca\/categoria-producte\/salsa-ca\/pesto-siciliano-ca\/\" target=\"_blank\" rel=\"noopener noreferrer\">Pesto Sicialiano<\/a><\/td>\n<\/tr>\n<tr>\n<td>Pastas<\/td>\n<td>Riggatoni i Penne<\/td>\n<td>Penne<\/td>\n<td>Pasta curta i pasta llarga<\/td>\n<td>Tagliatelle, Spaghetti i Lasagne<\/td>\n<td>Rigatoni, Penne i pasta llarga<\/td>\n<td>Spaghetti i tagliatelle<\/td>\n<td>Linguine i Spaghetti<\/td>\n<td>Linguine i Spaghetti<\/td>\n<\/tr>\n<\/tbody>\n<\/table>\n<p>[\/et_pb_text][\/et_pb_column][\/et_pb_row][et_pb_row column_structure=&#8221;1_2,1_2&#8243; disabled_on=&#8221;off|off|on&#8221; module_class=&#8221;recomanacions&#8221; _builder_version=&#8221;4.4.0&#8243; min_height=&#8221;0px&#8221; custom_margin=&#8221;0px||0px||false|false&#8221; custom_padding=&#8221;0px||0px||false|false&#8221;][et_pb_column type=&#8221;1_2&#8243; _builder_version=&#8221;4.4.0&#8243; background_color=&#8221;#efefef&#8221; custom_padding=&#8221;1em|1em|1em|1em|false|false&#8221;][et_pb_text _builder_version=&#8221;4.4.0&#8243; custom_margin=&#8221;||0px||false|false&#8221; custom_padding=&#8221;0px||0px||false|false&#8221;]<\/p>\n<p><strong>Napoletana<\/strong><\/p>\n<p>[\/et_pb_text][\/et_pb_column][et_pb_column type=&#8221;1_2&#8243; _builder_version=&#8221;4.4.0&#8243; background_color=&#8221;rgba(0,0,0,0)&#8221; custom_padding=&#8221;1em||1em||false|false&#8221;][et_pb_text _builder_version=&#8221;4.4.0&#8243;]<\/p>\n<p>Riggatoni i penne<\/p>\n<p>[\/et_pb_text][\/et_pb_column][\/et_pb_row][et_pb_row column_structure=&#8221;1_2,1_2&#8243; disabled_on=&#8221;off|off|on&#8221; module_class=&#8221;recomanacions&#8221; _builder_version=&#8221;4.4.0&#8243; custom_padding=&#8221;3px||0px||false|false&#8221;][et_pb_column type=&#8221;1_2&#8243; _builder_version=&#8221;4.4.0&#8243; background_color=&#8221;#efefef&#8221; custom_padding=&#8221;1em|1em|1em|1em|false|false&#8221;][et_pb_text _builder_version=&#8221;4.4.0&#8243; custom_padding=&#8221;||||false|false&#8221;]<\/p>\n<p><strong>Arrabbiata<\/strong><\/p>\n<p>[\/et_pb_text][\/et_pb_column][et_pb_column type=&#8221;1_2&#8243; _builder_version=&#8221;4.4.0&#8243; background_color=&#8221;rgba(0,0,0,0)&#8221; custom_padding=&#8221;1em||1em||false|false&#8221;][et_pb_text _builder_version=&#8221;4.4.0&#8243;]<\/p>\n<p>Penne<\/p>\n<p>[\/et_pb_text][\/et_pb_column][\/et_pb_row][et_pb_row column_structure=&#8221;1_2,1_2&#8243; disabled_on=&#8221;off|off|on&#8221; module_class=&#8221;recomanacions&#8221; _builder_version=&#8221;4.4.0&#8243; custom_padding=&#8221;3px||0px||false|false&#8221;][et_pb_column type=&#8221;1_2&#8243; _builder_version=&#8221;4.4.0&#8243; background_color=&#8221;#efefef&#8221; custom_padding=&#8221;1em|1em|1em|1em|false|false&#8221;][et_pb_text _builder_version=&#8221;4.4.0&#8243; custom_padding=&#8221;||||false|false&#8221;]<\/p>\n<p><strong>Classico<\/strong><\/p>\n<p>[\/et_pb_text][\/et_pb_column][et_pb_column type=&#8221;1_2&#8243; _builder_version=&#8221;4.4.0&#8243; background_color=&#8221;rgba(0,0,0,0)&#8221; custom_padding=&#8221;1em||1em||false|false&#8221;][et_pb_text _builder_version=&#8221;4.4.0&#8243;]<\/p>\n<p>Pasta curta i pasta llarga<\/p>\n<p>[\/et_pb_text][\/et_pb_column][\/et_pb_row][et_pb_row column_structure=&#8221;1_2,1_2&#8243; disabled_on=&#8221;off|off|on&#8221; module_class=&#8221;recomanacions&#8221; _builder_version=&#8221;4.4.0&#8243; custom_padding=&#8221;3px||0px||false|false&#8221;][et_pb_column type=&#8221;1_2&#8243; _builder_version=&#8221;4.4.0&#8243; background_color=&#8221;#efefef&#8221; custom_padding=&#8221;1em|1em|1em|1em|false|false&#8221;][et_pb_text _builder_version=&#8221;4.4.0&#8243; custom_padding=&#8221;||||false|false&#8221;]<\/p>\n<p><strong>Bolognese<\/strong><\/p>\n<p>[\/et_pb_text][\/et_pb_column][et_pb_column type=&#8221;1_2&#8243; _builder_version=&#8221;4.4.0&#8243; background_color=&#8221;rgba(0,0,0,0)&#8221; custom_padding=&#8221;1em||1em||false|false&#8221;][et_pb_text _builder_version=&#8221;4.4.0&#8243;]<\/p>\n<p>Tagliatelle, Spaghetti i Lasagne<\/p>\n<p>[\/et_pb_text][\/et_pb_column][\/et_pb_row][et_pb_row column_structure=&#8221;1_2,1_2&#8243; disabled_on=&#8221;off|off|on&#8221; module_class=&#8221;recomanacions&#8221; _builder_version=&#8221;4.4.0&#8243; custom_padding=&#8221;3px||0px||false|false&#8221;][et_pb_column type=&#8221;1_2&#8243; _builder_version=&#8221;4.4.0&#8243; background_color=&#8221;#efefef&#8221; custom_padding=&#8221;1em|1em|1em|1em|false|false&#8221;][et_pb_text _builder_version=&#8221;4.4.0&#8243; custom_padding=&#8221;||||false|false&#8221;]<\/p>\n<p><strong>Siciliana<br \/><\/strong><\/p>\n<p>[\/et_pb_text][\/et_pb_column][et_pb_column type=&#8221;1_2&#8243; _builder_version=&#8221;4.4.0&#8243; background_color=&#8221;rgba(0,0,0,0)&#8221; custom_padding=&#8221;1em||1em||false|false&#8221;][et_pb_text _builder_version=&#8221;4.4.0&#8243;]<\/p>\n<p>Rigatoni, Penne i Pasta llarga<\/p>\n<p>[\/et_pb_text][\/et_pb_column][\/et_pb_row][et_pb_row column_structure=&#8221;1_2,1_2&#8243; disabled_on=&#8221;off|off|on&#8221; module_class=&#8221;recomanacions&#8221; _builder_version=&#8221;4.4.0&#8243; custom_padding=&#8221;3px||0px||false|false&#8221;][et_pb_column type=&#8221;1_2&#8243; _builder_version=&#8221;4.4.0&#8243; background_color=&#8221;#efefef&#8221; custom_padding=&#8221;1em|1em|1em|1em|false|false&#8221;][et_pb_text _builder_version=&#8221;4.4.0&#8243; custom_padding=&#8221;||||false|false&#8221;]<\/p>\n<p><strong>Puttanesca<\/strong><\/p>\n<p>[\/et_pb_text][\/et_pb_column][et_pb_column type=&#8221;1_2&#8243; _builder_version=&#8221;4.4.0&#8243; background_color=&#8221;rgba(0,0,0,0)&#8221; custom_padding=&#8221;1em||1em||false|false&#8221;][et_pb_text _builder_version=&#8221;4.4.0&#8243;]<\/p>\n<p>Spaghetti i Tagliatelle<\/p>\n<p>[\/et_pb_text][\/et_pb_column][\/et_pb_row][et_pb_row column_structure=&#8221;1_2,1_2&#8243; disabled_on=&#8221;off|off|on&#8221; module_class=&#8221;recomanacions&#8221; _builder_version=&#8221;4.4.0&#8243; custom_padding=&#8221;3px||0px||false|false&#8221;][et_pb_column type=&#8221;1_2&#8243; _builder_version=&#8221;4.4.0&#8243; background_color=&#8221;#efefef&#8221; custom_padding=&#8221;1em|1em|1em|1em|false|false&#8221;][et_pb_text _builder_version=&#8221;4.4.0&#8243; custom_padding=&#8221;||||false|false&#8221; hover_enabled=&#8221;0&#8243;]<\/p>\n<p><strong>Pesto Sicialino<\/strong><\/p>\n<p>[\/et_pb_text][\/et_pb_column][et_pb_column type=&#8221;1_2&#8243; _builder_version=&#8221;4.4.0&#8243; background_color=&#8221;rgba(0,0,0,0)&#8221; custom_padding=&#8221;1em||1em||false|false&#8221;][et_pb_text _builder_version=&#8221;4.4.0&#8243; hover_enabled=&#8221;0&#8243;]<\/p>\n<p>Linguine i Spaghetti<\/p>\n<p>[\/et_pb_text][\/et_pb_column][\/et_pb_row][et_pb_row column_structure=&#8221;1_2,1_2&#8243; disabled_on=&#8221;off|off|on&#8221; module_class=&#8221;recomanacions&#8221; _builder_version=&#8221;4.4.0&#8243; custom_padding=&#8221;3px||0px||false|false&#8221;][et_pb_column type=&#8221;1_2&#8243; _builder_version=&#8221;4.4.0&#8243; background_color=&#8221;#efefef&#8221; custom_padding=&#8221;1em|1em|1em|1em|false|false&#8221;][et_pb_text _builder_version=&#8221;4.4.0&#8243; custom_padding=&#8221;||||false|false&#8221; hover_enabled=&#8221;0&#8243;]<\/p>\n<p><strong>Pesto Genovese<\/strong><\/p>\n<p>[\/et_pb_text][\/et_pb_column][et_pb_column type=&#8221;1_2&#8243; _builder_version=&#8221;4.4.0&#8243; background_color=&#8221;rgba(0,0,0,0)&#8221; custom_padding=&#8221;1em||1em||false|false&#8221;][et_pb_text _builder_version=&#8221;4.4.0&#8243; hover_enabled=&#8221;0&#8243;]<\/p>\n<p>Linguine i Spaghetti<\/p>\n<p>[\/et_pb_text][\/et_pb_column][\/et_pb_row][et_pb_row _builder_version=&#8221;4.4.0&#8243;][et_pb_column type=&#8221;4_4&#8243; _builder_version=&#8221;4.4.0&#8243;][et_pb_text _builder_version=&#8221;4.4.0&#8243;]<\/p>\n<p><strong>*Pastes llargues:<\/strong> Spaghetti, Tagliatelle y Linguine.<br \/> <strong> *Pastes curtes:<\/strong> Penne Rigate, Fusilli, Casarecce, Sedani, Tubetti Rigati, Mezze Maniche Rigate, Rigatoni, Paccheri, Calamari y Mezzi Rigatoni.<\/p>\n<p>[\/et_pb_text][\/et_pb_column][\/et_pb_row][\/et_pb_section]<\/p>\n","protected":false},"excerpt":{"rendered":"<p>Combinacions idealsEncara que gaireb\u00e9 totes les combinacions s\u00f3n bones, si no saps per on comen\u00e7ar, et recomanem les seg\u00fcents perqu\u00e8 descobreixis les nostres preferides. A partir d&#8217;aqu\u00ed descobreix la teva. Descobreix quina \u00e9s la salsa perfecta per a cada tipus de pasta! Napoletana Arrabbiata Classico Bolognese Siciliana Puttanesca Pesto Genovese Pesto Sicialiano Pastas Riggatoni i [&hellip;]<\/p>\n","protected":false},"author":1,"featured_media":0,"parent":0,"menu_order":0,"comment_status":"closed","ping_status":"closed","template":"","meta":{"_et_pb_use_builder":"on","_et_pb_old_content":"","_et_gb_content_width":"","inline_featured_image":false,"footnotes":""},"class_list":["post-709","page","type-page","status-publish","hentry"],"yoast_head":"<!-- This site is optimized with the Yoast SEO plugin v25.3.1 - https:\/\/yoast.com\/wordpress\/plugins\/seo\/ -->\n<title>Combinacions de pastes i salses - Koilia ko pastes i salses gluten free<\/title>\n<meta name=\"description\" content=\"Descobreix les nostres combinacions de pastes i salse preferides. Troba la teva combinaci\u00f3 ideal!\" \/>\n<meta name=\"robots\" content=\"index, follow, max-snippet:-1, max-image-preview:large, max-video-preview:-1\" \/>\n<link rel=\"canonical\" href=\"https:\/\/koiliako.com\/ca\/suggeriments\/\" \/>\n<meta property=\"og:locale\" content=\"ca_ES\" \/>\n<meta property=\"og:type\" content=\"article\" \/>\n<meta property=\"og:title\" content=\"Combinacions de pastes i salses - Koilia ko pastes i salses gluten free\" \/>\n<meta property=\"og:description\" content=\"Descobreix les nostres combinacions de pastes i salse preferides. Troba la teva combinaci\u00f3 ideal!\" \/>\n<meta property=\"og:url\" content=\"https:\/\/koiliako.com\/ca\/suggeriments\/\" \/>\n<meta property=\"og:site_name\" content=\"Koilia ko\" \/>\n<meta property=\"article:publisher\" content=\"https:\/\/www.facebook.com\/koiliako.shop\" \/>\n<meta property=\"article:modified_time\" content=\"2021-02-01T11:29:57+00:00\" \/>\n<meta name=\"twitter:card\" content=\"summary_large_image\" \/>\n<meta name=\"twitter:label1\" content=\"Temps estimat de lectura\" \/>\n\t<meta name=\"twitter:data1\" content=\"5 minuts\" \/>\n<script type=\"application\/ld+json\" class=\"yoast-schema-graph\">{\"@context\":\"https:\/\/schema.org\",\"@graph\":[{\"@type\":\"WebPage\",\"@id\":\"https:\/\/koiliako.com\/ca\/suggeriments\/\",\"url\":\"https:\/\/koiliako.com\/ca\/suggeriments\/\",\"name\":\"Combinacions de pastes i salses - Koilia ko pastes i salses gluten free\",\"isPartOf\":{\"@id\":\"https:\/\/koiliako.com\/ca\/#website\"},\"datePublished\":\"2021-01-25T21:58:11+00:00\",\"dateModified\":\"2021-02-01T11:29:57+00:00\",\"description\":\"Descobreix les nostres combinacions de pastes i salse preferides. Troba la teva combinaci\u00f3 ideal!\",\"breadcrumb\":{\"@id\":\"https:\/\/koiliako.com\/ca\/suggeriments\/#breadcrumb\"},\"inLanguage\":\"ca\",\"potentialAction\":[{\"@type\":\"ReadAction\",\"target\":[\"https:\/\/koiliako.com\/ca\/suggeriments\/\"]}]},{\"@type\":\"BreadcrumbList\",\"@id\":\"https:\/\/koiliako.com\/ca\/suggeriments\/#breadcrumb\",\"itemListElement\":[{\"@type\":\"ListItem\",\"position\":1,\"name\":\"Portada\",\"item\":\"https:\/\/koiliako.com\/ca\/home\/\"},{\"@type\":\"ListItem\",\"position\":2,\"name\":\"Suggeriments\"}]},{\"@type\":\"WebSite\",\"@id\":\"https:\/\/koiliako.com\/ca\/#website\",\"url\":\"https:\/\/koiliako.com\/ca\/\",\"name\":\"Koilia ko\",\"description\":\"La teva botiga de pastes i sales sense gluten\",\"publisher\":{\"@id\":\"https:\/\/koiliako.com\/ca\/#organization\"},\"potentialAction\":[{\"@type\":\"SearchAction\",\"target\":{\"@type\":\"EntryPoint\",\"urlTemplate\":\"https:\/\/koiliako.com\/ca\/?s={search_term_string}\"},\"query-input\":{\"@type\":\"PropertyValueSpecification\",\"valueRequired\":true,\"valueName\":\"search_term_string\"}}],\"inLanguage\":\"ca\"},{\"@type\":\"Organization\",\"@id\":\"https:\/\/koiliako.com\/ca\/#organization\",\"name\":\"Koiliako\",\"url\":\"https:\/\/koiliako.com\/ca\/\",\"logo\":{\"@type\":\"ImageObject\",\"inLanguage\":\"ca\",\"@id\":\"https:\/\/koiliako.com\/ca\/#\/schema\/logo\/image\/\",\"url\":\"https:\/\/koiliako.com\/wp-content\/uploads\/2021\/11\/LOGO-KOILIAKOS-FINAL-scaled.jpg\",\"contentUrl\":\"https:\/\/koiliako.com\/wp-content\/uploads\/2021\/11\/LOGO-KOILIAKOS-FINAL-scaled.jpg\",\"width\":2560,\"height\":1810,\"caption\":\"Koiliako\"},\"image\":{\"@id\":\"https:\/\/koiliako.com\/ca\/#\/schema\/logo\/image\/\"},\"sameAs\":[\"https:\/\/www.facebook.com\/koiliako.shop\",\"https:\/\/www.instagram.com\/koiliako.shop\/\"]}]}<\/script>\n<!-- \/ Yoast SEO plugin. -->","yoast_head_json":{"title":"Combinacions de pastes i salses - Koilia ko pastes i salses gluten free","description":"Descobreix les nostres combinacions de pastes i salse preferides. Troba la teva combinaci\u00f3 ideal!","robots":{"index":"index","follow":"follow","max-snippet":"max-snippet:-1","max-image-preview":"max-image-preview:large","max-video-preview":"max-video-preview:-1"},"canonical":"https:\/\/koiliako.com\/ca\/suggeriments\/","og_locale":"ca_ES","og_type":"article","og_title":"Combinacions de pastes i salses - Koilia ko pastes i salses gluten free","og_description":"Descobreix les nostres combinacions de pastes i salse preferides. Troba la teva combinaci\u00f3 ideal!","og_url":"https:\/\/koiliako.com\/ca\/suggeriments\/","og_site_name":"Koilia ko","article_publisher":"https:\/\/www.facebook.com\/koiliako.shop","article_modified_time":"2021-02-01T11:29:57+00:00","twitter_card":"summary_large_image","twitter_misc":{"Temps estimat de lectura":"5 minuts"},"schema":{"@context":"https:\/\/schema.org","@graph":[{"@type":"WebPage","@id":"https:\/\/koiliako.com\/ca\/suggeriments\/","url":"https:\/\/koiliako.com\/ca\/suggeriments\/","name":"Combinacions de pastes i salses - Koilia ko pastes i salses gluten free","isPartOf":{"@id":"https:\/\/koiliako.com\/ca\/#website"},"datePublished":"2021-01-25T21:58:11+00:00","dateModified":"2021-02-01T11:29:57+00:00","description":"Descobreix les nostres combinacions de pastes i salse preferides. Troba la teva combinaci\u00f3 ideal!","breadcrumb":{"@id":"https:\/\/koiliako.com\/ca\/suggeriments\/#breadcrumb"},"inLanguage":"ca","potentialAction":[{"@type":"ReadAction","target":["https:\/\/koiliako.com\/ca\/suggeriments\/"]}]},{"@type":"BreadcrumbList","@id":"https:\/\/koiliako.com\/ca\/suggeriments\/#breadcrumb","itemListElement":[{"@type":"ListItem","position":1,"name":"Portada","item":"https:\/\/koiliako.com\/ca\/home\/"},{"@type":"ListItem","position":2,"name":"Suggeriments"}]},{"@type":"WebSite","@id":"https:\/\/koiliako.com\/ca\/#website","url":"https:\/\/koiliako.com\/ca\/","name":"Koilia ko","description":"La teva botiga de pastes i sales sense gluten","publisher":{"@id":"https:\/\/koiliako.com\/ca\/#organization"},"potentialAction":[{"@type":"SearchAction","target":{"@type":"EntryPoint","urlTemplate":"https:\/\/koiliako.com\/ca\/?s={search_term_string}"},"query-input":{"@type":"PropertyValueSpecification","valueRequired":true,"valueName":"search_term_string"}}],"inLanguage":"ca"},{"@type":"Organization","@id":"https:\/\/koiliako.com\/ca\/#organization","name":"Koiliako","url":"https:\/\/koiliako.com\/ca\/","logo":{"@type":"ImageObject","inLanguage":"ca","@id":"https:\/\/koiliako.com\/ca\/#\/schema\/logo\/image\/","url":"https:\/\/koiliako.com\/wp-content\/uploads\/2021\/11\/LOGO-KOILIAKOS-FINAL-scaled.jpg","contentUrl":"https:\/\/koiliako.com\/wp-content\/uploads\/2021\/11\/LOGO-KOILIAKOS-FINAL-scaled.jpg","width":2560,"height":1810,"caption":"Koiliako"},"image":{"@id":"https:\/\/koiliako.com\/ca\/#\/schema\/logo\/image\/"},"sameAs":["https:\/\/www.facebook.com\/koiliako.shop","https:\/\/www.instagram.com\/koiliako.shop\/"]}]}},"_links":{"self":[{"href":"https:\/\/koiliako.com\/ca\/wp-json\/wp\/v2\/pages\/709","targetHints":{"allow":["GET"]}}],"collection":[{"href":"https:\/\/koiliako.com\/ca\/wp-json\/wp\/v2\/pages"}],"about":[{"href":"https:\/\/koiliako.com\/ca\/wp-json\/wp\/v2\/types\/page"}],"author":[{"embeddable":true,"href":"https:\/\/koiliako.com\/ca\/wp-json\/wp\/v2\/users\/1"}],"replies":[{"embeddable":true,"href":"https:\/\/koiliako.com\/ca\/wp-json\/wp\/v2\/comments?post=709"}],"version-history":[{"count":9,"href":"https:\/\/koiliako.com\/ca\/wp-json\/wp\/v2\/pages\/709\/revisions"}],"predecessor-version":[{"id":1121,"href":"https:\/\/koiliako.com\/ca\/wp-json\/wp\/v2\/pages\/709\/revisions\/1121"}],"wp:attachment":[{"href":"https:\/\/koiliako.com\/ca\/wp-json\/wp\/v2\/media?parent=709"}],"curies":[{"name":"wp","href":"https:\/\/api.w.org\/{rel}","templated":true}]}}