{"id":1363,"date":"2021-04-13T11:01:07","date_gmt":"2021-04-13T09:10:19","guid":{"rendered":"https:\/\/koiliako.com\/producto\/zealia-wrap-de-fajol-bio-sense-gluten-120g\/"},"modified":"2022-11-21T11:15:49","modified_gmt":"2022-11-21T10:15:49","slug":"wrap-de-fajol-bio-sense-gluten-120g-zealia-koiliako","status":"publish","type":"product","link":"https:\/\/koiliako.com\/ca\/producte\/wrap-de-fajol-bio-sense-gluten-120g-zealia-koiliako\/","title":{"rendered":"WRAP FAJOL BIO SENSE GLUTEN (120g) de Zealia"},"content":{"rendered":"<p><a href=\"https:\/\/koiliako.com\/ca\/categoria-producte\/pa-snack-sense-gluten\/wrap-ca\/\">WRAP<\/a> FAJOL BIO SENSE GLUTEN (120g) de Zealia. Delici\u00f3s wrap de fajol ecol\u00f3gico, elaborat amb farina de fajol, farina de quinoa, farina de cigrons, farina de llenties&#8230; Al ser un producte ecol\u00f2gic no hi ha pres\u00e8ncia d&#8217;abonaments, pesticides ni conservants qu\u00edmics. *2 unitats.<\/p>\n","protected":false},"excerpt":{"rendered":"<p>Delici\u00f3s wrap de fajol ecol\u00f3gico sense gluten, elaborat amb farina de fajol, cigrons, arr\u00f2s, tapioca i llenties gorgues. Per a un sopar informal per\u00f2 delici\u00f3s i saludable. Enrotlla els teus ingredients preferits. *2 unitats.<\/p>\n","protected":false},"featured_media":1601,"template":"","meta":{"_et_pb_use_builder":"","_et_pb_old_content":"","_et_gb_content_width":"","inline_featured_image":false},"product_brand":[],"product_cat":[145,236],"product_tag":[255,256,258,257],"class_list":{"0":"post-1363","1":"product","2":"type-product","3":"status-publish","4":"has-post-thumbnail","6":"product_cat-pa-snack-sense-gluten","7":"product_cat-wrap-ca","8":"product_tag-bio-ca","9":"product_tag-fajol","10":"product_tag-wrap-ca","11":"product_tag-zealia-ca","13":"first","14":"outofstock","15":"taxable","16":"shipping-taxable","17":"purchasable","18":"product-type-simple","19":"add-to-wishlist-after_add_to_cart"},"yoast_head":"<!-- This site is optimized with the Yoast SEO plugin v25.3.1 - https:\/\/yoast.com\/wordpress\/plugins\/seo\/ -->\n<title>WRAP FAJOL BIO SENSE GLUTEN de Zealia -Koiliako<\/title>\n<meta name=\"description\" content=\"Compra WRAP FAJOL BIO SENSE GLUTEN de Zealia -Koiliako. Ideal per a un sopar informal per\u00f2 delici\u00f3s i saludable. Veure m\u00e9s!\" \/>\n<meta name=\"robots\" content=\"index, follow, max-snippet:-1, max-image-preview:large, max-video-preview:-1\" \/>\n<link rel=\"canonical\" href=\"https:\/\/koiliako.com\/ca\/producte\/wrap-de-fajol-bio-sense-gluten-120g-zealia-koiliako\/\" \/>\n<meta property=\"og:locale\" content=\"ca_ES\" \/>\n<meta property=\"og:type\" content=\"article\" \/>\n<meta property=\"og:title\" content=\"WRAP FAJOL BIO SENSE GLUTEN de Zealia -Koiliako\" \/>\n<meta property=\"og:description\" content=\"Compra WRAP FAJOL BIO SENSE GLUTEN de Zealia -Koiliako. Ideal per a un sopar informal per\u00f2 delici\u00f3s i saludable. Veure m\u00e9s!\" \/>\n<meta property=\"og:url\" content=\"https:\/\/koiliako.com\/ca\/producte\/wrap-de-fajol-bio-sense-gluten-120g-zealia-koiliako\/\" \/>\n<meta property=\"og:site_name\" content=\"Koilia ko\" \/>\n<meta property=\"article:publisher\" content=\"https:\/\/www.facebook.com\/koiliako.shop\" \/>\n<meta property=\"article:modified_time\" content=\"2022-11-21T10:15:49+00:00\" \/>\n<meta property=\"og:image\" content=\"https:\/\/koiliako.com\/wp-content\/uploads\/2021\/04\/Zealia-Wrap-trigo-sarraceno-1.jpg\" \/>\n\t<meta property=\"og:image:width\" content=\"1500\" \/>\n\t<meta property=\"og:image:height\" content=\"1500\" \/>\n\t<meta property=\"og:image:type\" content=\"image\/jpeg\" \/>\n<meta name=\"twitter:card\" content=\"summary_large_image\" \/>\n<meta name=\"twitter:label1\" content=\"Temps estimat de lectura\" \/>\n\t<meta name=\"twitter:data1\" content=\"1 minut\" \/>\n<script type=\"application\/ld+json\" class=\"yoast-schema-graph\">{\"@context\":\"https:\/\/schema.org\",\"@graph\":[{\"@type\":\"WebPage\",\"@id\":\"https:\/\/koiliako.com\/ca\/producte\/wrap-de-fajol-bio-sense-gluten-120g-zealia-koiliako\/\",\"url\":\"https:\/\/koiliako.com\/ca\/producte\/wrap-de-fajol-bio-sense-gluten-120g-zealia-koiliako\/\",\"name\":\"WRAP FAJOL BIO SENSE GLUTEN de Zealia -Koiliako\",\"isPartOf\":{\"@id\":\"https:\/\/koiliako.com\/ca\/#website\"},\"primaryImageOfPage\":{\"@id\":\"https:\/\/koiliako.com\/ca\/producte\/wrap-de-fajol-bio-sense-gluten-120g-zealia-koiliako\/#primaryimage\"},\"image\":{\"@id\":\"https:\/\/koiliako.com\/ca\/producte\/wrap-de-fajol-bio-sense-gluten-120g-zealia-koiliako\/#primaryimage\"},\"thumbnailUrl\":\"https:\/\/koiliako.com\/wp-content\/uploads\/2021\/04\/Zealia-Wrap-trigo-sarraceno-1.jpg\",\"datePublished\":\"2021-04-13T09:10:19+00:00\",\"dateModified\":\"2022-11-21T10:15:49+00:00\",\"description\":\"Compra WRAP FAJOL BIO SENSE GLUTEN de Zealia -Koiliako. Ideal per a un sopar informal per\u00f2 delici\u00f3s i saludable. Veure m\u00e9s!\",\"breadcrumb\":{\"@id\":\"https:\/\/koiliako.com\/ca\/producte\/wrap-de-fajol-bio-sense-gluten-120g-zealia-koiliako\/#breadcrumb\"},\"inLanguage\":\"ca\",\"potentialAction\":[{\"@type\":\"ReadAction\",\"target\":[\"https:\/\/koiliako.com\/ca\/producte\/wrap-de-fajol-bio-sense-gluten-120g-zealia-koiliako\/\"]}]},{\"@type\":\"ImageObject\",\"inLanguage\":\"ca\",\"@id\":\"https:\/\/koiliako.com\/ca\/producte\/wrap-de-fajol-bio-sense-gluten-120g-zealia-koiliako\/#primaryimage\",\"url\":\"https:\/\/koiliako.com\/wp-content\/uploads\/2021\/04\/Zealia-Wrap-trigo-sarraceno-1.jpg\",\"contentUrl\":\"https:\/\/koiliako.com\/wp-content\/uploads\/2021\/04\/Zealia-Wrap-trigo-sarraceno-1.jpg\",\"width\":1500,\"height\":1500,\"caption\":\"WRAP TRIGO SARRACENO BIO SIN GLUTEN de Zealia\"},{\"@type\":\"BreadcrumbList\",\"@id\":\"https:\/\/koiliako.com\/ca\/producte\/wrap-de-fajol-bio-sense-gluten-120g-zealia-koiliako\/#breadcrumb\",\"itemListElement\":[{\"@type\":\"ListItem\",\"position\":1,\"name\":\"Portada\",\"item\":\"https:\/\/koiliako.com\/ca\/home\/\"},{\"@type\":\"ListItem\",\"position\":2,\"name\":\"Tienda\",\"item\":\"https:\/\/koiliako.com\/tienda-online-de-productos-sin-gluten-koiliako\/\"},{\"@type\":\"ListItem\",\"position\":3,\"name\":\"WRAP FAJOL BIO SENSE GLUTEN (120g) de Zealia\"}]},{\"@type\":\"WebSite\",\"@id\":\"https:\/\/koiliako.com\/ca\/#website\",\"url\":\"https:\/\/koiliako.com\/ca\/\",\"name\":\"Koilia ko\",\"description\":\"La teva botiga de pastes i sales sense gluten\",\"publisher\":{\"@id\":\"https:\/\/koiliako.com\/ca\/#organization\"},\"potentialAction\":[{\"@type\":\"SearchAction\",\"target\":{\"@type\":\"EntryPoint\",\"urlTemplate\":\"https:\/\/koiliako.com\/ca\/?s={search_term_string}\"},\"query-input\":{\"@type\":\"PropertyValueSpecification\",\"valueRequired\":true,\"valueName\":\"search_term_string\"}}],\"inLanguage\":\"ca\"},{\"@type\":\"Organization\",\"@id\":\"https:\/\/koiliako.com\/ca\/#organization\",\"name\":\"Koiliako\",\"url\":\"https:\/\/koiliako.com\/ca\/\",\"logo\":{\"@type\":\"ImageObject\",\"inLanguage\":\"ca\",\"@id\":\"https:\/\/koiliako.com\/ca\/#\/schema\/logo\/image\/\",\"url\":\"https:\/\/koiliako.com\/wp-content\/uploads\/2021\/11\/LOGO-KOILIAKOS-FINAL-scaled.jpg\",\"contentUrl\":\"https:\/\/koiliako.com\/wp-content\/uploads\/2021\/11\/LOGO-KOILIAKOS-FINAL-scaled.jpg\",\"width\":2560,\"height\":1810,\"caption\":\"Koiliako\"},\"image\":{\"@id\":\"https:\/\/koiliako.com\/ca\/#\/schema\/logo\/image\/\"},\"sameAs\":[\"https:\/\/www.facebook.com\/koiliako.shop\",\"https:\/\/www.instagram.com\/koiliako.shop\/\"]}]}<\/script>\n<!-- \/ Yoast SEO plugin. -->","yoast_head_json":{"title":"WRAP FAJOL BIO SENSE GLUTEN de Zealia -Koiliako","description":"Compra WRAP FAJOL BIO SENSE GLUTEN de Zealia -Koiliako. Ideal per a un sopar informal per\u00f2 delici\u00f3s i saludable. Veure m\u00e9s!","robots":{"index":"index","follow":"follow","max-snippet":"max-snippet:-1","max-image-preview":"max-image-preview:large","max-video-preview":"max-video-preview:-1"},"canonical":"https:\/\/koiliako.com\/ca\/producte\/wrap-de-fajol-bio-sense-gluten-120g-zealia-koiliako\/","og_locale":"ca_ES","og_type":"article","og_title":"WRAP FAJOL BIO SENSE GLUTEN de Zealia -Koiliako","og_description":"Compra WRAP FAJOL BIO SENSE GLUTEN de Zealia -Koiliako. Ideal per a un sopar informal per\u00f2 delici\u00f3s i saludable. Veure m\u00e9s!","og_url":"https:\/\/koiliako.com\/ca\/producte\/wrap-de-fajol-bio-sense-gluten-120g-zealia-koiliako\/","og_site_name":"Koilia ko","article_publisher":"https:\/\/www.facebook.com\/koiliako.shop","article_modified_time":"2022-11-21T10:15:49+00:00","og_image":[{"width":1500,"height":1500,"url":"https:\/\/koiliako.com\/wp-content\/uploads\/2021\/04\/Zealia-Wrap-trigo-sarraceno-1.jpg","type":"image\/jpeg"}],"twitter_card":"summary_large_image","twitter_misc":{"Temps estimat de lectura":"1 minut"},"schema":{"@context":"https:\/\/schema.org","@graph":[{"@type":"WebPage","@id":"https:\/\/koiliako.com\/ca\/producte\/wrap-de-fajol-bio-sense-gluten-120g-zealia-koiliako\/","url":"https:\/\/koiliako.com\/ca\/producte\/wrap-de-fajol-bio-sense-gluten-120g-zealia-koiliako\/","name":"WRAP FAJOL BIO SENSE GLUTEN de Zealia -Koiliako","isPartOf":{"@id":"https:\/\/koiliako.com\/ca\/#website"},"primaryImageOfPage":{"@id":"https:\/\/koiliako.com\/ca\/producte\/wrap-de-fajol-bio-sense-gluten-120g-zealia-koiliako\/#primaryimage"},"image":{"@id":"https:\/\/koiliako.com\/ca\/producte\/wrap-de-fajol-bio-sense-gluten-120g-zealia-koiliako\/#primaryimage"},"thumbnailUrl":"https:\/\/koiliako.com\/wp-content\/uploads\/2021\/04\/Zealia-Wrap-trigo-sarraceno-1.jpg","datePublished":"2021-04-13T09:10:19+00:00","dateModified":"2022-11-21T10:15:49+00:00","description":"Compra WRAP FAJOL BIO SENSE GLUTEN de Zealia -Koiliako. Ideal per a un sopar informal per\u00f2 delici\u00f3s i saludable. Veure m\u00e9s!","breadcrumb":{"@id":"https:\/\/koiliako.com\/ca\/producte\/wrap-de-fajol-bio-sense-gluten-120g-zealia-koiliako\/#breadcrumb"},"inLanguage":"ca","potentialAction":[{"@type":"ReadAction","target":["https:\/\/koiliako.com\/ca\/producte\/wrap-de-fajol-bio-sense-gluten-120g-zealia-koiliako\/"]}]},{"@type":"ImageObject","inLanguage":"ca","@id":"https:\/\/koiliako.com\/ca\/producte\/wrap-de-fajol-bio-sense-gluten-120g-zealia-koiliako\/#primaryimage","url":"https:\/\/koiliako.com\/wp-content\/uploads\/2021\/04\/Zealia-Wrap-trigo-sarraceno-1.jpg","contentUrl":"https:\/\/koiliako.com\/wp-content\/uploads\/2021\/04\/Zealia-Wrap-trigo-sarraceno-1.jpg","width":1500,"height":1500,"caption":"WRAP TRIGO SARRACENO BIO SIN GLUTEN de Zealia"},{"@type":"BreadcrumbList","@id":"https:\/\/koiliako.com\/ca\/producte\/wrap-de-fajol-bio-sense-gluten-120g-zealia-koiliako\/#breadcrumb","itemListElement":[{"@type":"ListItem","position":1,"name":"Portada","item":"https:\/\/koiliako.com\/ca\/home\/"},{"@type":"ListItem","position":2,"name":"Tienda","item":"https:\/\/koiliako.com\/tienda-online-de-productos-sin-gluten-koiliako\/"},{"@type":"ListItem","position":3,"name":"WRAP FAJOL BIO SENSE GLUTEN (120g) de Zealia"}]},{"@type":"WebSite","@id":"https:\/\/koiliako.com\/ca\/#website","url":"https:\/\/koiliako.com\/ca\/","name":"Koilia ko","description":"La teva botiga de pastes i sales sense gluten","publisher":{"@id":"https:\/\/koiliako.com\/ca\/#organization"},"potentialAction":[{"@type":"SearchAction","target":{"@type":"EntryPoint","urlTemplate":"https:\/\/koiliako.com\/ca\/?s={search_term_string}"},"query-input":{"@type":"PropertyValueSpecification","valueRequired":true,"valueName":"search_term_string"}}],"inLanguage":"ca"},{"@type":"Organization","@id":"https:\/\/koiliako.com\/ca\/#organization","name":"Koiliako","url":"https:\/\/koiliako.com\/ca\/","logo":{"@type":"ImageObject","inLanguage":"ca","@id":"https:\/\/koiliako.com\/ca\/#\/schema\/logo\/image\/","url":"https:\/\/koiliako.com\/wp-content\/uploads\/2021\/11\/LOGO-KOILIAKOS-FINAL-scaled.jpg","contentUrl":"https:\/\/koiliako.com\/wp-content\/uploads\/2021\/11\/LOGO-KOILIAKOS-FINAL-scaled.jpg","width":2560,"height":1810,"caption":"Koiliako"},"image":{"@id":"https:\/\/koiliako.com\/ca\/#\/schema\/logo\/image\/"},"sameAs":["https:\/\/www.facebook.com\/koiliako.shop","https:\/\/www.instagram.com\/koiliako.shop\/"]}]}},"_links":{"self":[{"href":"https:\/\/koiliako.com\/ca\/wp-json\/wp\/v2\/product\/1363","targetHints":{"allow":["GET"]}}],"collection":[{"href":"https:\/\/koiliako.com\/ca\/wp-json\/wp\/v2\/product"}],"about":[{"href":"https:\/\/koiliako.com\/ca\/wp-json\/wp\/v2\/types\/product"}],"wp:featuredmedia":[{"embeddable":true,"href":"https:\/\/koiliako.com\/ca\/wp-json\/wp\/v2\/media\/1601"}],"wp:attachment":[{"href":"https:\/\/koiliako.com\/ca\/wp-json\/wp\/v2\/media?parent=1363"}],"wp:term":[{"taxonomy":"product_brand","embeddable":true,"href":"https:\/\/koiliako.com\/ca\/wp-json\/wp\/v2\/product_brand?post=1363"},{"taxonomy":"product_cat","embeddable":true,"href":"https:\/\/koiliako.com\/ca\/wp-json\/wp\/v2\/product_cat?post=1363"},{"taxonomy":"product_tag","embeddable":true,"href":"https:\/\/koiliako.com\/ca\/wp-json\/wp\/v2\/product_tag?post=1363"}],"curies":[{"name":"wp","href":"https:\/\/api.w.org\/{rel}","templated":true}]}}