{"id":1372,"date":"2021-04-13T10:15:02","date_gmt":"2021-04-13T14:15:57","guid":{"rendered":"https:\/\/koiliako.com\/?post_type=product&#038;p=1372"},"modified":"2022-06-22T10:29:26","modified_gmt":"2022-06-22T08:29:26","slug":"zealia-crackers-cigro-bio-sense-gluten-120g","status":"publish","type":"product","link":"https:\/\/koiliako.com\/ca\/producte\/zealia-crackers-cigro-bio-sense-gluten-120g\/","title":{"rendered":"CRACKERS DE CIGR\u00d3 BIO SENSE GLUTEN (120g) Zealia"},"content":{"rendered":"<p><a href=\"https:\/\/koiliako.com\/ca\/categoria-producte\/pa-snack-sense-gluten\/snack-ca\/\">CRACKERS<\/a> DE CIGR\u00d3 BIO SENSE GLUTEN (120g) de Zealia. Cruixents i lleugeres torradetes ecol\u00f2giques elaborades amb farina de cigrons i arr\u00f2s. La farina de cigrons aporta fibra, una excel\u00b7lent font de prote\u00efnes i cont\u00e9 magnesi i potassi. Al ser un producte ecol\u00f2gic no hi ha pres\u00e8ncia d&#8217;abonaments, pesticides ni conservants qu\u00edmics. El paquet cont\u00e9 6 bossetes amb 4 unitats cadascuna.<\/p>\n","protected":false},"excerpt":{"rendered":"<p>Cruixents i lleugeres torradetes de cigrons ecol\u00f2giques sense gluten. Ideals per a menjar soles o untar-les amb la teva crema o pat\u00e9 preferit. El paquet cont\u00e9 6 bossetes amb 4 unitats cadascuna.<\/p>\n","protected":false},"featured_media":1341,"template":"","meta":{"_et_pb_use_builder":"","_et_pb_old_content":"","_et_gb_content_width":"","inline_featured_image":false},"product_brand":[],"product_cat":[145,234],"product_tag":[255,268,266,208,265,257],"class_list":{"0":"post-1372","1":"product","2":"type-product","3":"status-publish","4":"has-post-thumbnail","6":"product_cat-pa-snack-sense-gluten","7":"product_cat-snack-ca","8":"product_tag-bio-ca","9":"product_tag-cigro","10":"product_tag-crackers-ca","11":"product_tag-nens-es","12":"product_tag-snack-ca","13":"product_tag-zealia-ca","15":"first","16":"outofstock","17":"taxable","18":"shipping-taxable","19":"purchasable","20":"product-type-simple","21":"add-to-wishlist-after_add_to_cart"},"yoast_head":"<!-- This site is optimized with the Yoast SEO plugin v25.3.1 - https:\/\/yoast.com\/wordpress\/plugins\/seo\/ -->\n<title>CRACKERS DE CIGR\u00d3 BIO SENSE GLUTEN (120g) de Zealia - Koiliako<\/title>\n<meta name=\"description\" content=\"Comprar CRACKERS DE CIGR\u00d3 BIO SENSE GLUTEN (120g) de Zealia. Ideals per a menjar soles o untar-les amb la teva crema o pat\u00e9 preferit. Veure m\u00e9s!\" \/>\n<meta name=\"robots\" content=\"index, follow, max-snippet:-1, max-image-preview:large, max-video-preview:-1\" \/>\n<link rel=\"canonical\" href=\"https:\/\/koiliako.com\/ca\/producte\/zealia-crackers-cigro-bio-sense-gluten-120g\/\" \/>\n<meta property=\"og:locale\" content=\"ca_ES\" \/>\n<meta property=\"og:type\" content=\"article\" \/>\n<meta property=\"og:title\" content=\"CRACKERS DE CIGR\u00d3 BIO SENSE GLUTEN (120g) de Zealia - Koiliako\" \/>\n<meta property=\"og:description\" content=\"Comprar CRACKERS DE CIGR\u00d3 BIO SENSE GLUTEN (120g) de Zealia. Ideals per a menjar soles o untar-les amb la teva crema o pat\u00e9 preferit. Veure m\u00e9s!\" \/>\n<meta property=\"og:url\" content=\"https:\/\/koiliako.com\/ca\/producte\/zealia-crackers-cigro-bio-sense-gluten-120g\/\" \/>\n<meta property=\"og:site_name\" content=\"Koilia ko\" \/>\n<meta property=\"article:publisher\" content=\"https:\/\/www.facebook.com\/koiliako.shop\" \/>\n<meta property=\"article:modified_time\" content=\"2022-06-22T08:29:26+00:00\" \/>\n<meta property=\"og:image\" content=\"https:\/\/koiliako.com\/wp-content\/uploads\/2021\/04\/08Zealia-Crackers-garbanzo-Bio.jpg\" \/>\n\t<meta property=\"og:image:width\" content=\"1500\" \/>\n\t<meta property=\"og:image:height\" content=\"1500\" \/>\n\t<meta property=\"og:image:type\" content=\"image\/jpeg\" \/>\n<meta name=\"twitter:card\" content=\"summary_large_image\" \/>\n<script type=\"application\/ld+json\" class=\"yoast-schema-graph\">{\"@context\":\"https:\/\/schema.org\",\"@graph\":[{\"@type\":\"WebPage\",\"@id\":\"https:\/\/koiliako.com\/ca\/producte\/zealia-crackers-cigro-bio-sense-gluten-120g\/\",\"url\":\"https:\/\/koiliako.com\/ca\/producte\/zealia-crackers-cigro-bio-sense-gluten-120g\/\",\"name\":\"CRACKERS DE CIGR\u00d3 BIO SENSE GLUTEN (120g) de Zealia - Koiliako\",\"isPartOf\":{\"@id\":\"https:\/\/koiliako.com\/ca\/#website\"},\"primaryImageOfPage\":{\"@id\":\"https:\/\/koiliako.com\/ca\/producte\/zealia-crackers-cigro-bio-sense-gluten-120g\/#primaryimage\"},\"image\":{\"@id\":\"https:\/\/koiliako.com\/ca\/producte\/zealia-crackers-cigro-bio-sense-gluten-120g\/#primaryimage\"},\"thumbnailUrl\":\"https:\/\/koiliako.com\/wp-content\/uploads\/2021\/04\/08Zealia-Crackers-garbanzo-Bio.jpg\",\"datePublished\":\"2021-04-13T14:15:57+00:00\",\"dateModified\":\"2022-06-22T08:29:26+00:00\",\"description\":\"Comprar CRACKERS DE CIGR\u00d3 BIO SENSE GLUTEN (120g) de Zealia. Ideals per a menjar soles o untar-les amb la teva crema o pat\u00e9 preferit. Veure m\u00e9s!\",\"breadcrumb\":{\"@id\":\"https:\/\/koiliako.com\/ca\/producte\/zealia-crackers-cigro-bio-sense-gluten-120g\/#breadcrumb\"},\"inLanguage\":\"ca\",\"potentialAction\":[{\"@type\":\"ReadAction\",\"target\":[\"https:\/\/koiliako.com\/ca\/producte\/zealia-crackers-cigro-bio-sense-gluten-120g\/\"]}]},{\"@type\":\"ImageObject\",\"inLanguage\":\"ca\",\"@id\":\"https:\/\/koiliako.com\/ca\/producte\/zealia-crackers-cigro-bio-sense-gluten-120g\/#primaryimage\",\"url\":\"https:\/\/koiliako.com\/wp-content\/uploads\/2021\/04\/08Zealia-Crackers-garbanzo-Bio.jpg\",\"contentUrl\":\"https:\/\/koiliako.com\/wp-content\/uploads\/2021\/04\/08Zealia-Crackers-garbanzo-Bio.jpg\",\"width\":1500,\"height\":1500},{\"@type\":\"BreadcrumbList\",\"@id\":\"https:\/\/koiliako.com\/ca\/producte\/zealia-crackers-cigro-bio-sense-gluten-120g\/#breadcrumb\",\"itemListElement\":[{\"@type\":\"ListItem\",\"position\":1,\"name\":\"Portada\",\"item\":\"https:\/\/koiliako.com\/ca\/home\/\"},{\"@type\":\"ListItem\",\"position\":2,\"name\":\"Tienda\",\"item\":\"https:\/\/koiliako.com\/tienda-online-de-productos-sin-gluten-koiliako\/\"},{\"@type\":\"ListItem\",\"position\":3,\"name\":\"CRACKERS DE CIGR\u00d3 BIO SENSE GLUTEN (120g) Zealia\"}]},{\"@type\":\"WebSite\",\"@id\":\"https:\/\/koiliako.com\/ca\/#website\",\"url\":\"https:\/\/koiliako.com\/ca\/\",\"name\":\"Koilia ko\",\"description\":\"La teva botiga de pastes i sales sense gluten\",\"publisher\":{\"@id\":\"https:\/\/koiliako.com\/ca\/#organization\"},\"potentialAction\":[{\"@type\":\"SearchAction\",\"target\":{\"@type\":\"EntryPoint\",\"urlTemplate\":\"https:\/\/koiliako.com\/ca\/?s={search_term_string}\"},\"query-input\":{\"@type\":\"PropertyValueSpecification\",\"valueRequired\":true,\"valueName\":\"search_term_string\"}}],\"inLanguage\":\"ca\"},{\"@type\":\"Organization\",\"@id\":\"https:\/\/koiliako.com\/ca\/#organization\",\"name\":\"Koiliako\",\"url\":\"https:\/\/koiliako.com\/ca\/\",\"logo\":{\"@type\":\"ImageObject\",\"inLanguage\":\"ca\",\"@id\":\"https:\/\/koiliako.com\/ca\/#\/schema\/logo\/image\/\",\"url\":\"https:\/\/koiliako.com\/wp-content\/uploads\/2021\/11\/LOGO-KOILIAKOS-FINAL-scaled.jpg\",\"contentUrl\":\"https:\/\/koiliako.com\/wp-content\/uploads\/2021\/11\/LOGO-KOILIAKOS-FINAL-scaled.jpg\",\"width\":2560,\"height\":1810,\"caption\":\"Koiliako\"},\"image\":{\"@id\":\"https:\/\/koiliako.com\/ca\/#\/schema\/logo\/image\/\"},\"sameAs\":[\"https:\/\/www.facebook.com\/koiliako.shop\",\"https:\/\/www.instagram.com\/koiliako.shop\/\"]}]}<\/script>\n<!-- \/ Yoast SEO plugin. -->","yoast_head_json":{"title":"CRACKERS DE CIGR\u00d3 BIO SENSE GLUTEN (120g) de Zealia - Koiliako","description":"Comprar CRACKERS DE CIGR\u00d3 BIO SENSE GLUTEN (120g) de Zealia. Ideals per a menjar soles o untar-les amb la teva crema o pat\u00e9 preferit. Veure m\u00e9s!","robots":{"index":"index","follow":"follow","max-snippet":"max-snippet:-1","max-image-preview":"max-image-preview:large","max-video-preview":"max-video-preview:-1"},"canonical":"https:\/\/koiliako.com\/ca\/producte\/zealia-crackers-cigro-bio-sense-gluten-120g\/","og_locale":"ca_ES","og_type":"article","og_title":"CRACKERS DE CIGR\u00d3 BIO SENSE GLUTEN (120g) de Zealia - Koiliako","og_description":"Comprar CRACKERS DE CIGR\u00d3 BIO SENSE GLUTEN (120g) de Zealia. Ideals per a menjar soles o untar-les amb la teva crema o pat\u00e9 preferit. Veure m\u00e9s!","og_url":"https:\/\/koiliako.com\/ca\/producte\/zealia-crackers-cigro-bio-sense-gluten-120g\/","og_site_name":"Koilia ko","article_publisher":"https:\/\/www.facebook.com\/koiliako.shop","article_modified_time":"2022-06-22T08:29:26+00:00","og_image":[{"width":1500,"height":1500,"url":"https:\/\/koiliako.com\/wp-content\/uploads\/2021\/04\/08Zealia-Crackers-garbanzo-Bio.jpg","type":"image\/jpeg"}],"twitter_card":"summary_large_image","schema":{"@context":"https:\/\/schema.org","@graph":[{"@type":"WebPage","@id":"https:\/\/koiliako.com\/ca\/producte\/zealia-crackers-cigro-bio-sense-gluten-120g\/","url":"https:\/\/koiliako.com\/ca\/producte\/zealia-crackers-cigro-bio-sense-gluten-120g\/","name":"CRACKERS DE CIGR\u00d3 BIO SENSE GLUTEN (120g) de Zealia - Koiliako","isPartOf":{"@id":"https:\/\/koiliako.com\/ca\/#website"},"primaryImageOfPage":{"@id":"https:\/\/koiliako.com\/ca\/producte\/zealia-crackers-cigro-bio-sense-gluten-120g\/#primaryimage"},"image":{"@id":"https:\/\/koiliako.com\/ca\/producte\/zealia-crackers-cigro-bio-sense-gluten-120g\/#primaryimage"},"thumbnailUrl":"https:\/\/koiliako.com\/wp-content\/uploads\/2021\/04\/08Zealia-Crackers-garbanzo-Bio.jpg","datePublished":"2021-04-13T14:15:57+00:00","dateModified":"2022-06-22T08:29:26+00:00","description":"Comprar CRACKERS DE CIGR\u00d3 BIO SENSE GLUTEN (120g) de Zealia. Ideals per a menjar soles o untar-les amb la teva crema o pat\u00e9 preferit. Veure m\u00e9s!","breadcrumb":{"@id":"https:\/\/koiliako.com\/ca\/producte\/zealia-crackers-cigro-bio-sense-gluten-120g\/#breadcrumb"},"inLanguage":"ca","potentialAction":[{"@type":"ReadAction","target":["https:\/\/koiliako.com\/ca\/producte\/zealia-crackers-cigro-bio-sense-gluten-120g\/"]}]},{"@type":"ImageObject","inLanguage":"ca","@id":"https:\/\/koiliako.com\/ca\/producte\/zealia-crackers-cigro-bio-sense-gluten-120g\/#primaryimage","url":"https:\/\/koiliako.com\/wp-content\/uploads\/2021\/04\/08Zealia-Crackers-garbanzo-Bio.jpg","contentUrl":"https:\/\/koiliako.com\/wp-content\/uploads\/2021\/04\/08Zealia-Crackers-garbanzo-Bio.jpg","width":1500,"height":1500},{"@type":"BreadcrumbList","@id":"https:\/\/koiliako.com\/ca\/producte\/zealia-crackers-cigro-bio-sense-gluten-120g\/#breadcrumb","itemListElement":[{"@type":"ListItem","position":1,"name":"Portada","item":"https:\/\/koiliako.com\/ca\/home\/"},{"@type":"ListItem","position":2,"name":"Tienda","item":"https:\/\/koiliako.com\/tienda-online-de-productos-sin-gluten-koiliako\/"},{"@type":"ListItem","position":3,"name":"CRACKERS DE CIGR\u00d3 BIO SENSE GLUTEN (120g) Zealia"}]},{"@type":"WebSite","@id":"https:\/\/koiliako.com\/ca\/#website","url":"https:\/\/koiliako.com\/ca\/","name":"Koilia ko","description":"La teva botiga de pastes i sales sense gluten","publisher":{"@id":"https:\/\/koiliako.com\/ca\/#organization"},"potentialAction":[{"@type":"SearchAction","target":{"@type":"EntryPoint","urlTemplate":"https:\/\/koiliako.com\/ca\/?s={search_term_string}"},"query-input":{"@type":"PropertyValueSpecification","valueRequired":true,"valueName":"search_term_string"}}],"inLanguage":"ca"},{"@type":"Organization","@id":"https:\/\/koiliako.com\/ca\/#organization","name":"Koiliako","url":"https:\/\/koiliako.com\/ca\/","logo":{"@type":"ImageObject","inLanguage":"ca","@id":"https:\/\/koiliako.com\/ca\/#\/schema\/logo\/image\/","url":"https:\/\/koiliako.com\/wp-content\/uploads\/2021\/11\/LOGO-KOILIAKOS-FINAL-scaled.jpg","contentUrl":"https:\/\/koiliako.com\/wp-content\/uploads\/2021\/11\/LOGO-KOILIAKOS-FINAL-scaled.jpg","width":2560,"height":1810,"caption":"Koiliako"},"image":{"@id":"https:\/\/koiliako.com\/ca\/#\/schema\/logo\/image\/"},"sameAs":["https:\/\/www.facebook.com\/koiliako.shop","https:\/\/www.instagram.com\/koiliako.shop\/"]}]}},"_links":{"self":[{"href":"https:\/\/koiliako.com\/ca\/wp-json\/wp\/v2\/product\/1372","targetHints":{"allow":["GET"]}}],"collection":[{"href":"https:\/\/koiliako.com\/ca\/wp-json\/wp\/v2\/product"}],"about":[{"href":"https:\/\/koiliako.com\/ca\/wp-json\/wp\/v2\/types\/product"}],"wp:featuredmedia":[{"embeddable":true,"href":"https:\/\/koiliako.com\/ca\/wp-json\/wp\/v2\/media\/1341"}],"wp:attachment":[{"href":"https:\/\/koiliako.com\/ca\/wp-json\/wp\/v2\/media?parent=1372"}],"wp:term":[{"taxonomy":"product_brand","embeddable":true,"href":"https:\/\/koiliako.com\/ca\/wp-json\/wp\/v2\/product_brand?post=1372"},{"taxonomy":"product_cat","embeddable":true,"href":"https:\/\/koiliako.com\/ca\/wp-json\/wp\/v2\/product_cat?post=1372"},{"taxonomy":"product_tag","embeddable":true,"href":"https:\/\/koiliako.com\/ca\/wp-json\/wp\/v2\/product_tag?post=1372"}],"curies":[{"name":"wp","href":"https:\/\/api.w.org\/{rel}","templated":true}]}}