{"id":461,"date":"2021-01-18T12:58:03","date_gmt":"2021-01-18T11:58:03","guid":{"rendered":"https:\/\/koiliako.com\/producto\/rummo-penne-rigate-no66-sense-gluten-400g\/"},"modified":"2024-08-03T21:18:49","modified_gmt":"2024-08-03T19:18:49","slug":"rummo-penne-rigate-no66-sense-gluten-400g","status":"publish","type":"product","link":"https:\/\/koiliako.com\/ca\/producte\/rummo-penne-rigate-no66-sense-gluten-400g\/","title":{"rendered":"PENNE RIGATE N\u00ba66 SENSE GLUTEN (400g) Rummo"},"content":{"rendered":"<p><a href=\"https:\/\/koiliako.com\/ca\/categoria-producte\/pasta-ca\/\">PENNE RIGATE N\u00ba66<\/a> SENSE GLUTEN (400g) de Rummo. Fets amb farina de blat de moro i farina d&#8217;arr\u00f2s integral. Pasta sense gluten en forma de penne amb ratlles. M\u00e8tode de procesat al vapor que s&#8217;obt\u00e9 una massa suau i equilibrada. Excel\u00b7lents per a barrejar amb salses tradicionals. OGM Free (fets amb ingredients no transg\u00e8nics).<\/p>\n","protected":false},"excerpt":{"rendered":"<p>Penne sense gluten amb ratlles, perfecte per a grans i petits\/es. Per a experimentar-los amb salses simples de tom\u00e0quet o salses de formatge. \u00a1Dona-li un cop d&#8217;ull al nostre <a href=\"https:\/\/koiliako.com\/blog-koilia-ko\/\">blog<\/a> i fes delicioses receptes!<\/p>\n","protected":false},"featured_media":2398,"template":"","meta":{"_et_pb_use_builder":"","_et_pb_old_content":"","_et_gb_content_width":"","inline_featured_image":false},"product_brand":[],"product_cat":[26,128],"product_tag":[208,326,164,328,350],"class_list":{"0":"post-461","1":"product","2":"type-product","3":"status-publish","4":"has-post-thumbnail","6":"product_cat-pasta-ca","7":"product_cat-penne-rigate-ca","8":"product_tag-nens-es","9":"product_tag-pasta-ca","10":"product_tag-pasta-curta","11":"product_tag-penne-rigate-ca","12":"product_tag-rummo-ca","14":"first","15":"instock","16":"taxable","17":"shipping-taxable","18":"purchasable","19":"product-type-simple","20":"add-to-wishlist-after_add_to_cart"},"yoast_head":"<!-- This site is optimized with the Yoast SEO plugin v25.3.1 - https:\/\/yoast.com\/wordpress\/plugins\/seo\/ -->\n<title>PENNE RIGATE N\u00ba66 SENSE GLUTEN (400g) de Rummo - Koiliako<\/title>\n<meta name=\"description\" content=\"Comprar PENNE RIGATE N\u00ba66 SENSE GLUTEN (400g) de Rummo. Per a experimentar-los amb salses simples de tom\u00e0quet o salses de formatge. Veure m\u00e9s!\" \/>\n<meta name=\"robots\" content=\"index, follow, max-snippet:-1, max-image-preview:large, max-video-preview:-1\" \/>\n<link rel=\"canonical\" href=\"https:\/\/koiliako.com\/ca\/producte\/rummo-penne-rigate-no66-sense-gluten-400g\/\" \/>\n<meta property=\"og:locale\" content=\"ca_ES\" \/>\n<meta property=\"og:type\" content=\"article\" \/>\n<meta property=\"og:title\" content=\"PENNE RIGATE N\u00ba66 SENSE GLUTEN (400g) de Rummo - Koiliako\" \/>\n<meta property=\"og:description\" content=\"Comprar PENNE RIGATE N\u00ba66 SENSE GLUTEN (400g) de Rummo. Per a experimentar-los amb salses simples de tom\u00e0quet o salses de formatge. Veure m\u00e9s!\" \/>\n<meta property=\"og:url\" content=\"https:\/\/koiliako.com\/ca\/producte\/rummo-penne-rigate-no66-sense-gluten-400g\/\" \/>\n<meta property=\"og:site_name\" content=\"Koilia ko\" \/>\n<meta property=\"article:publisher\" content=\"https:\/\/www.facebook.com\/koiliako.shop\" \/>\n<meta property=\"article:modified_time\" content=\"2024-08-03T19:18:49+00:00\" \/>\n<meta property=\"og:image\" content=\"https:\/\/koiliako.com\/wp-content\/uploads\/2021\/01\/Penne-Rigate-Rummo-1.jpg\" \/>\n\t<meta property=\"og:image:width\" content=\"1666\" \/>\n\t<meta property=\"og:image:height\" content=\"1667\" \/>\n\t<meta property=\"og:image:type\" content=\"image\/jpeg\" \/>\n<meta name=\"twitter:card\" content=\"summary_large_image\" \/>\n<script type=\"application\/ld+json\" class=\"yoast-schema-graph\">{\"@context\":\"https:\/\/schema.org\",\"@graph\":[{\"@type\":\"WebPage\",\"@id\":\"https:\/\/koiliako.com\/ca\/producte\/rummo-penne-rigate-no66-sense-gluten-400g\/\",\"url\":\"https:\/\/koiliako.com\/ca\/producte\/rummo-penne-rigate-no66-sense-gluten-400g\/\",\"name\":\"PENNE RIGATE N\u00ba66 SENSE GLUTEN (400g) de Rummo - Koiliako\",\"isPartOf\":{\"@id\":\"https:\/\/koiliako.com\/ca\/#website\"},\"primaryImageOfPage\":{\"@id\":\"https:\/\/koiliako.com\/ca\/producte\/rummo-penne-rigate-no66-sense-gluten-400g\/#primaryimage\"},\"image\":{\"@id\":\"https:\/\/koiliako.com\/ca\/producte\/rummo-penne-rigate-no66-sense-gluten-400g\/#primaryimage\"},\"thumbnailUrl\":\"https:\/\/koiliako.com\/wp-content\/uploads\/2021\/01\/Penne-Rigate-Rummo-1.jpg\",\"datePublished\":\"2021-01-18T11:58:03+00:00\",\"dateModified\":\"2024-08-03T19:18:49+00:00\",\"description\":\"Comprar PENNE RIGATE N\u00ba66 SENSE GLUTEN (400g) de Rummo. Per a experimentar-los amb salses simples de tom\u00e0quet o salses de formatge. Veure m\u00e9s!\",\"breadcrumb\":{\"@id\":\"https:\/\/koiliako.com\/ca\/producte\/rummo-penne-rigate-no66-sense-gluten-400g\/#breadcrumb\"},\"inLanguage\":\"ca\",\"potentialAction\":[{\"@type\":\"ReadAction\",\"target\":[\"https:\/\/koiliako.com\/ca\/producte\/rummo-penne-rigate-no66-sense-gluten-400g\/\"]}]},{\"@type\":\"ImageObject\",\"inLanguage\":\"ca\",\"@id\":\"https:\/\/koiliako.com\/ca\/producte\/rummo-penne-rigate-no66-sense-gluten-400g\/#primaryimage\",\"url\":\"https:\/\/koiliako.com\/wp-content\/uploads\/2021\/01\/Penne-Rigate-Rummo-1.jpg\",\"contentUrl\":\"https:\/\/koiliako.com\/wp-content\/uploads\/2021\/01\/Penne-Rigate-Rummo-1.jpg\",\"width\":1666,\"height\":1667,\"caption\":\"Penne Rigate sense gluten Rummo\"},{\"@type\":\"BreadcrumbList\",\"@id\":\"https:\/\/koiliako.com\/ca\/producte\/rummo-penne-rigate-no66-sense-gluten-400g\/#breadcrumb\",\"itemListElement\":[{\"@type\":\"ListItem\",\"position\":1,\"name\":\"Portada\",\"item\":\"https:\/\/koiliako.com\/ca\/home\/\"},{\"@type\":\"ListItem\",\"position\":2,\"name\":\"Tienda\",\"item\":\"https:\/\/koiliako.com\/tienda-online-de-productos-sin-gluten-koiliako\/\"},{\"@type\":\"ListItem\",\"position\":3,\"name\":\"PENNE RIGATE N\u00ba66 SENSE GLUTEN (400g) Rummo\"}]},{\"@type\":\"WebSite\",\"@id\":\"https:\/\/koiliako.com\/ca\/#website\",\"url\":\"https:\/\/koiliako.com\/ca\/\",\"name\":\"Koilia ko\",\"description\":\"La teva botiga de pastes i sales sense gluten\",\"publisher\":{\"@id\":\"https:\/\/koiliako.com\/ca\/#organization\"},\"potentialAction\":[{\"@type\":\"SearchAction\",\"target\":{\"@type\":\"EntryPoint\",\"urlTemplate\":\"https:\/\/koiliako.com\/ca\/?s={search_term_string}\"},\"query-input\":{\"@type\":\"PropertyValueSpecification\",\"valueRequired\":true,\"valueName\":\"search_term_string\"}}],\"inLanguage\":\"ca\"},{\"@type\":\"Organization\",\"@id\":\"https:\/\/koiliako.com\/ca\/#organization\",\"name\":\"Koiliako\",\"url\":\"https:\/\/koiliako.com\/ca\/\",\"logo\":{\"@type\":\"ImageObject\",\"inLanguage\":\"ca\",\"@id\":\"https:\/\/koiliako.com\/ca\/#\/schema\/logo\/image\/\",\"url\":\"https:\/\/koiliako.com\/wp-content\/uploads\/2021\/11\/LOGO-KOILIAKOS-FINAL-scaled.jpg\",\"contentUrl\":\"https:\/\/koiliako.com\/wp-content\/uploads\/2021\/11\/LOGO-KOILIAKOS-FINAL-scaled.jpg\",\"width\":2560,\"height\":1810,\"caption\":\"Koiliako\"},\"image\":{\"@id\":\"https:\/\/koiliako.com\/ca\/#\/schema\/logo\/image\/\"},\"sameAs\":[\"https:\/\/www.facebook.com\/koiliako.shop\",\"https:\/\/www.instagram.com\/koiliako.shop\/\"]}]}<\/script>\n<!-- \/ Yoast SEO plugin. -->","yoast_head_json":{"title":"PENNE RIGATE N\u00ba66 SENSE GLUTEN (400g) de Rummo - Koiliako","description":"Comprar PENNE RIGATE N\u00ba66 SENSE GLUTEN (400g) de Rummo. Per a experimentar-los amb salses simples de tom\u00e0quet o salses de formatge. Veure m\u00e9s!","robots":{"index":"index","follow":"follow","max-snippet":"max-snippet:-1","max-image-preview":"max-image-preview:large","max-video-preview":"max-video-preview:-1"},"canonical":"https:\/\/koiliako.com\/ca\/producte\/rummo-penne-rigate-no66-sense-gluten-400g\/","og_locale":"ca_ES","og_type":"article","og_title":"PENNE RIGATE N\u00ba66 SENSE GLUTEN (400g) de Rummo - Koiliako","og_description":"Comprar PENNE RIGATE N\u00ba66 SENSE GLUTEN (400g) de Rummo. Per a experimentar-los amb salses simples de tom\u00e0quet o salses de formatge. Veure m\u00e9s!","og_url":"https:\/\/koiliako.com\/ca\/producte\/rummo-penne-rigate-no66-sense-gluten-400g\/","og_site_name":"Koilia ko","article_publisher":"https:\/\/www.facebook.com\/koiliako.shop","article_modified_time":"2024-08-03T19:18:49+00:00","og_image":[{"width":1666,"height":1667,"url":"https:\/\/koiliako.com\/wp-content\/uploads\/2021\/01\/Penne-Rigate-Rummo-1.jpg","type":"image\/jpeg"}],"twitter_card":"summary_large_image","schema":{"@context":"https:\/\/schema.org","@graph":[{"@type":"WebPage","@id":"https:\/\/koiliako.com\/ca\/producte\/rummo-penne-rigate-no66-sense-gluten-400g\/","url":"https:\/\/koiliako.com\/ca\/producte\/rummo-penne-rigate-no66-sense-gluten-400g\/","name":"PENNE RIGATE N\u00ba66 SENSE GLUTEN (400g) de Rummo - Koiliako","isPartOf":{"@id":"https:\/\/koiliako.com\/ca\/#website"},"primaryImageOfPage":{"@id":"https:\/\/koiliako.com\/ca\/producte\/rummo-penne-rigate-no66-sense-gluten-400g\/#primaryimage"},"image":{"@id":"https:\/\/koiliako.com\/ca\/producte\/rummo-penne-rigate-no66-sense-gluten-400g\/#primaryimage"},"thumbnailUrl":"https:\/\/koiliako.com\/wp-content\/uploads\/2021\/01\/Penne-Rigate-Rummo-1.jpg","datePublished":"2021-01-18T11:58:03+00:00","dateModified":"2024-08-03T19:18:49+00:00","description":"Comprar PENNE RIGATE N\u00ba66 SENSE GLUTEN (400g) de Rummo. Per a experimentar-los amb salses simples de tom\u00e0quet o salses de formatge. Veure m\u00e9s!","breadcrumb":{"@id":"https:\/\/koiliako.com\/ca\/producte\/rummo-penne-rigate-no66-sense-gluten-400g\/#breadcrumb"},"inLanguage":"ca","potentialAction":[{"@type":"ReadAction","target":["https:\/\/koiliako.com\/ca\/producte\/rummo-penne-rigate-no66-sense-gluten-400g\/"]}]},{"@type":"ImageObject","inLanguage":"ca","@id":"https:\/\/koiliako.com\/ca\/producte\/rummo-penne-rigate-no66-sense-gluten-400g\/#primaryimage","url":"https:\/\/koiliako.com\/wp-content\/uploads\/2021\/01\/Penne-Rigate-Rummo-1.jpg","contentUrl":"https:\/\/koiliako.com\/wp-content\/uploads\/2021\/01\/Penne-Rigate-Rummo-1.jpg","width":1666,"height":1667,"caption":"Penne Rigate sense gluten Rummo"},{"@type":"BreadcrumbList","@id":"https:\/\/koiliako.com\/ca\/producte\/rummo-penne-rigate-no66-sense-gluten-400g\/#breadcrumb","itemListElement":[{"@type":"ListItem","position":1,"name":"Portada","item":"https:\/\/koiliako.com\/ca\/home\/"},{"@type":"ListItem","position":2,"name":"Tienda","item":"https:\/\/koiliako.com\/tienda-online-de-productos-sin-gluten-koiliako\/"},{"@type":"ListItem","position":3,"name":"PENNE RIGATE N\u00ba66 SENSE GLUTEN (400g) Rummo"}]},{"@type":"WebSite","@id":"https:\/\/koiliako.com\/ca\/#website","url":"https:\/\/koiliako.com\/ca\/","name":"Koilia ko","description":"La teva botiga de pastes i sales sense gluten","publisher":{"@id":"https:\/\/koiliako.com\/ca\/#organization"},"potentialAction":[{"@type":"SearchAction","target":{"@type":"EntryPoint","urlTemplate":"https:\/\/koiliako.com\/ca\/?s={search_term_string}"},"query-input":{"@type":"PropertyValueSpecification","valueRequired":true,"valueName":"search_term_string"}}],"inLanguage":"ca"},{"@type":"Organization","@id":"https:\/\/koiliako.com\/ca\/#organization","name":"Koiliako","url":"https:\/\/koiliako.com\/ca\/","logo":{"@type":"ImageObject","inLanguage":"ca","@id":"https:\/\/koiliako.com\/ca\/#\/schema\/logo\/image\/","url":"https:\/\/koiliako.com\/wp-content\/uploads\/2021\/11\/LOGO-KOILIAKOS-FINAL-scaled.jpg","contentUrl":"https:\/\/koiliako.com\/wp-content\/uploads\/2021\/11\/LOGO-KOILIAKOS-FINAL-scaled.jpg","width":2560,"height":1810,"caption":"Koiliako"},"image":{"@id":"https:\/\/koiliako.com\/ca\/#\/schema\/logo\/image\/"},"sameAs":["https:\/\/www.facebook.com\/koiliako.shop","https:\/\/www.instagram.com\/koiliako.shop\/"]}]}},"_links":{"self":[{"href":"https:\/\/koiliako.com\/ca\/wp-json\/wp\/v2\/product\/461","targetHints":{"allow":["GET"]}}],"collection":[{"href":"https:\/\/koiliako.com\/ca\/wp-json\/wp\/v2\/product"}],"about":[{"href":"https:\/\/koiliako.com\/ca\/wp-json\/wp\/v2\/types\/product"}],"wp:featuredmedia":[{"embeddable":true,"href":"https:\/\/koiliako.com\/ca\/wp-json\/wp\/v2\/media\/2398"}],"wp:attachment":[{"href":"https:\/\/koiliako.com\/ca\/wp-json\/wp\/v2\/media?parent=461"}],"wp:term":[{"taxonomy":"product_brand","embeddable":true,"href":"https:\/\/koiliako.com\/ca\/wp-json\/wp\/v2\/product_brand?post=461"},{"taxonomy":"product_cat","embeddable":true,"href":"https:\/\/koiliako.com\/ca\/wp-json\/wp\/v2\/product_cat?post=461"},{"taxonomy":"product_tag","embeddable":true,"href":"https:\/\/koiliako.com\/ca\/wp-json\/wp\/v2\/product_tag?post=461"}],"curies":[{"name":"wp","href":"https:\/\/api.w.org\/{rel}","templated":true}]}}