{"id":462,"date":"2021-01-18T12:57:29","date_gmt":"2021-01-18T11:57:29","guid":{"rendered":"https:\/\/koiliako.com\/producto\/rummo-spaghetti-no3-sense-gluten-400g\/"},"modified":"2025-09-18T09:02:07","modified_gmt":"2025-09-18T07:02:07","slug":"rummo-spaghetti-no3-sense-gluten-400g","status":"publish","type":"product","link":"https:\/\/koiliako.com\/ca\/producte\/rummo-spaghetti-no3-sense-gluten-400g\/","title":{"rendered":"SPAGHETTI N\u00ba3 SENSE GLUTEN (400g) Rummo"},"content":{"rendered":"<p><a href=\"https:\/\/koiliako.com\/ca\/categoria-producte\/pasta-ca\/\">SPAGHETTI N\u00ba3<\/a> SENSE GLUTEN (400g) de Rummo. Fets amb farina de blat de moro i farina d&#8217;arr\u00f2s integral. Pasta sense gluten amb forma de cilindre prim i llarg. M\u00e8tode de procesat al vapor que s&#8217;obt\u00e9 una massa suau i equilibrada. S&#8217;adapten perfectament a qualsevol salsa. OGM Free (fets amb ingredients no transg\u00e8nics).<\/p>\n","protected":false},"excerpt":{"rendered":"<p>Espaguetis sense gluten, perfectes per a la combinaci\u00f3 amb verdures fresques, un rajol\u00ed d&#8217;oli d&#8217;oliva, all i bitxo. Tamb\u00e9 per a les receptes tradicionals com la carbonara, bolonyesa o napolitana. \u00a1Dona-li un cop d&#8217;ull al nostre <a href=\"https:\/\/koiliako.com\/blog-koilia-ko\/\">blog<\/a> i fes delicioses receptes!<\/p>\n","protected":false},"featured_media":2400,"template":"","meta":{"_et_pb_use_builder":"","_et_pb_old_content":"","_et_gb_content_width":"","inline_featured_image":false},"product_brand":[],"product_cat":[26,131],"product_tag":[208,156,350],"class_list":{"0":"post-462","1":"product","2":"type-product","3":"status-publish","4":"has-post-thumbnail","6":"product_cat-pasta-ca","7":"product_cat-spaghetti-ca","8":"product_tag-nens-es","9":"product_tag-pasta-llarga","10":"product_tag-rummo-ca","12":"first","13":"instock","14":"taxable","15":"shipping-taxable","16":"purchasable","17":"product-type-simple","18":"add-to-wishlist-after_add_to_cart"},"yoast_head":"<!-- This site is optimized with the Yoast SEO plugin v25.3.1 - https:\/\/yoast.com\/wordpress\/plugins\/seo\/ -->\n<title>SPAGHETTI N\u00ba3 SENSE GLUTEN (400g) de Rummo - Koiliako<\/title>\n<meta name=\"description\" content=\"Comprar SPAGHETTI N\u00ba3 SENSE GLUTEN (400g) de Rummo. Perfectes per a la combinaci\u00f3 amb verdures fresques, aceite d&#039;oliva, all i bitxo.\" \/>\n<meta name=\"robots\" content=\"index, follow, max-snippet:-1, max-image-preview:large, max-video-preview:-1\" \/>\n<link rel=\"canonical\" href=\"https:\/\/koiliako.com\/ca\/producte\/rummo-spaghetti-no3-sense-gluten-400g\/\" \/>\n<meta property=\"og:locale\" content=\"ca_ES\" \/>\n<meta property=\"og:type\" content=\"article\" \/>\n<meta property=\"og:title\" content=\"SPAGHETTI N\u00ba3 SENSE GLUTEN (400g) de Rummo - Koiliako\" \/>\n<meta property=\"og:description\" content=\"Comprar SPAGHETTI N\u00ba3 SENSE GLUTEN (400g) de Rummo. Perfectes per a la combinaci\u00f3 amb verdures fresques, aceite d&#039;oliva, all i bitxo.\" \/>\n<meta property=\"og:url\" content=\"https:\/\/koiliako.com\/ca\/producte\/rummo-spaghetti-no3-sense-gluten-400g\/\" \/>\n<meta property=\"og:site_name\" content=\"Koilia ko\" \/>\n<meta property=\"article:publisher\" content=\"https:\/\/www.facebook.com\/koiliako.shop\" \/>\n<meta property=\"article:modified_time\" content=\"2025-09-18T07:02:07+00:00\" \/>\n<meta property=\"og:image\" content=\"https:\/\/koiliako.com\/wp-content\/uploads\/2021\/01\/Spaghetti-Rummo-1.jpg\" \/>\n\t<meta property=\"og:image:width\" content=\"1666\" \/>\n\t<meta property=\"og:image:height\" content=\"1667\" \/>\n\t<meta property=\"og:image:type\" content=\"image\/jpeg\" \/>\n<meta name=\"twitter:card\" content=\"summary_large_image\" \/>\n<script type=\"application\/ld+json\" class=\"yoast-schema-graph\">{\"@context\":\"https:\/\/schema.org\",\"@graph\":[{\"@type\":\"WebPage\",\"@id\":\"https:\/\/koiliako.com\/ca\/producte\/rummo-spaghetti-no3-sense-gluten-400g\/\",\"url\":\"https:\/\/koiliako.com\/ca\/producte\/rummo-spaghetti-no3-sense-gluten-400g\/\",\"name\":\"SPAGHETTI N\u00ba3 SENSE GLUTEN (400g) de Rummo - Koiliako\",\"isPartOf\":{\"@id\":\"https:\/\/koiliako.com\/ca\/#website\"},\"primaryImageOfPage\":{\"@id\":\"https:\/\/koiliako.com\/ca\/producte\/rummo-spaghetti-no3-sense-gluten-400g\/#primaryimage\"},\"image\":{\"@id\":\"https:\/\/koiliako.com\/ca\/producte\/rummo-spaghetti-no3-sense-gluten-400g\/#primaryimage\"},\"thumbnailUrl\":\"https:\/\/koiliako.com\/wp-content\/uploads\/2021\/01\/Spaghetti-Rummo-1.jpg\",\"datePublished\":\"2021-01-18T11:57:29+00:00\",\"dateModified\":\"2025-09-18T07:02:07+00:00\",\"description\":\"Comprar SPAGHETTI N\u00ba3 SENSE GLUTEN (400g) de Rummo. Perfectes per a la combinaci\u00f3 amb verdures fresques, aceite d'oliva, all i bitxo.\",\"breadcrumb\":{\"@id\":\"https:\/\/koiliako.com\/ca\/producte\/rummo-spaghetti-no3-sense-gluten-400g\/#breadcrumb\"},\"inLanguage\":\"ca\",\"potentialAction\":[{\"@type\":\"ReadAction\",\"target\":[\"https:\/\/koiliako.com\/ca\/producte\/rummo-spaghetti-no3-sense-gluten-400g\/\"]}]},{\"@type\":\"ImageObject\",\"inLanguage\":\"ca\",\"@id\":\"https:\/\/koiliako.com\/ca\/producte\/rummo-spaghetti-no3-sense-gluten-400g\/#primaryimage\",\"url\":\"https:\/\/koiliako.com\/wp-content\/uploads\/2021\/01\/Spaghetti-Rummo-1.jpg\",\"contentUrl\":\"https:\/\/koiliako.com\/wp-content\/uploads\/2021\/01\/Spaghetti-Rummo-1.jpg\",\"width\":1666,\"height\":1667,\"caption\":\"Spaghetti sense gluten de Rummo\"},{\"@type\":\"BreadcrumbList\",\"@id\":\"https:\/\/koiliako.com\/ca\/producte\/rummo-spaghetti-no3-sense-gluten-400g\/#breadcrumb\",\"itemListElement\":[{\"@type\":\"ListItem\",\"position\":1,\"name\":\"Portada\",\"item\":\"https:\/\/koiliako.com\/ca\/home\/\"},{\"@type\":\"ListItem\",\"position\":2,\"name\":\"Tienda\",\"item\":\"https:\/\/koiliako.com\/tienda-online-de-productos-sin-gluten-koiliako\/\"},{\"@type\":\"ListItem\",\"position\":3,\"name\":\"SPAGHETTI N\u00ba3 SENSE GLUTEN (400g) Rummo\"}]},{\"@type\":\"WebSite\",\"@id\":\"https:\/\/koiliako.com\/ca\/#website\",\"url\":\"https:\/\/koiliako.com\/ca\/\",\"name\":\"Koilia ko\",\"description\":\"La teva botiga de pastes i sales sense gluten\",\"publisher\":{\"@id\":\"https:\/\/koiliako.com\/ca\/#organization\"},\"potentialAction\":[{\"@type\":\"SearchAction\",\"target\":{\"@type\":\"EntryPoint\",\"urlTemplate\":\"https:\/\/koiliako.com\/ca\/?s={search_term_string}\"},\"query-input\":{\"@type\":\"PropertyValueSpecification\",\"valueRequired\":true,\"valueName\":\"search_term_string\"}}],\"inLanguage\":\"ca\"},{\"@type\":\"Organization\",\"@id\":\"https:\/\/koiliako.com\/ca\/#organization\",\"name\":\"Koiliako\",\"url\":\"https:\/\/koiliako.com\/ca\/\",\"logo\":{\"@type\":\"ImageObject\",\"inLanguage\":\"ca\",\"@id\":\"https:\/\/koiliako.com\/ca\/#\/schema\/logo\/image\/\",\"url\":\"https:\/\/koiliako.com\/wp-content\/uploads\/2021\/11\/LOGO-KOILIAKOS-FINAL-scaled.jpg\",\"contentUrl\":\"https:\/\/koiliako.com\/wp-content\/uploads\/2021\/11\/LOGO-KOILIAKOS-FINAL-scaled.jpg\",\"width\":2560,\"height\":1810,\"caption\":\"Koiliako\"},\"image\":{\"@id\":\"https:\/\/koiliako.com\/ca\/#\/schema\/logo\/image\/\"},\"sameAs\":[\"https:\/\/www.facebook.com\/koiliako.shop\",\"https:\/\/www.instagram.com\/koiliako.shop\/\"]}]}<\/script>\n<!-- \/ Yoast SEO plugin. -->","yoast_head_json":{"title":"SPAGHETTI N\u00ba3 SENSE GLUTEN (400g) de Rummo - Koiliako","description":"Comprar SPAGHETTI N\u00ba3 SENSE GLUTEN (400g) de Rummo. Perfectes per a la combinaci\u00f3 amb verdures fresques, aceite d'oliva, all i bitxo.","robots":{"index":"index","follow":"follow","max-snippet":"max-snippet:-1","max-image-preview":"max-image-preview:large","max-video-preview":"max-video-preview:-1"},"canonical":"https:\/\/koiliako.com\/ca\/producte\/rummo-spaghetti-no3-sense-gluten-400g\/","og_locale":"ca_ES","og_type":"article","og_title":"SPAGHETTI N\u00ba3 SENSE GLUTEN (400g) de Rummo - Koiliako","og_description":"Comprar SPAGHETTI N\u00ba3 SENSE GLUTEN (400g) de Rummo. Perfectes per a la combinaci\u00f3 amb verdures fresques, aceite d'oliva, all i bitxo.","og_url":"https:\/\/koiliako.com\/ca\/producte\/rummo-spaghetti-no3-sense-gluten-400g\/","og_site_name":"Koilia ko","article_publisher":"https:\/\/www.facebook.com\/koiliako.shop","article_modified_time":"2025-09-18T07:02:07+00:00","og_image":[{"width":1666,"height":1667,"url":"https:\/\/koiliako.com\/wp-content\/uploads\/2021\/01\/Spaghetti-Rummo-1.jpg","type":"image\/jpeg"}],"twitter_card":"summary_large_image","schema":{"@context":"https:\/\/schema.org","@graph":[{"@type":"WebPage","@id":"https:\/\/koiliako.com\/ca\/producte\/rummo-spaghetti-no3-sense-gluten-400g\/","url":"https:\/\/koiliako.com\/ca\/producte\/rummo-spaghetti-no3-sense-gluten-400g\/","name":"SPAGHETTI N\u00ba3 SENSE GLUTEN (400g) de Rummo - Koiliako","isPartOf":{"@id":"https:\/\/koiliako.com\/ca\/#website"},"primaryImageOfPage":{"@id":"https:\/\/koiliako.com\/ca\/producte\/rummo-spaghetti-no3-sense-gluten-400g\/#primaryimage"},"image":{"@id":"https:\/\/koiliako.com\/ca\/producte\/rummo-spaghetti-no3-sense-gluten-400g\/#primaryimage"},"thumbnailUrl":"https:\/\/koiliako.com\/wp-content\/uploads\/2021\/01\/Spaghetti-Rummo-1.jpg","datePublished":"2021-01-18T11:57:29+00:00","dateModified":"2025-09-18T07:02:07+00:00","description":"Comprar SPAGHETTI N\u00ba3 SENSE GLUTEN (400g) de Rummo. Perfectes per a la combinaci\u00f3 amb verdures fresques, aceite d'oliva, all i bitxo.","breadcrumb":{"@id":"https:\/\/koiliako.com\/ca\/producte\/rummo-spaghetti-no3-sense-gluten-400g\/#breadcrumb"},"inLanguage":"ca","potentialAction":[{"@type":"ReadAction","target":["https:\/\/koiliako.com\/ca\/producte\/rummo-spaghetti-no3-sense-gluten-400g\/"]}]},{"@type":"ImageObject","inLanguage":"ca","@id":"https:\/\/koiliako.com\/ca\/producte\/rummo-spaghetti-no3-sense-gluten-400g\/#primaryimage","url":"https:\/\/koiliako.com\/wp-content\/uploads\/2021\/01\/Spaghetti-Rummo-1.jpg","contentUrl":"https:\/\/koiliako.com\/wp-content\/uploads\/2021\/01\/Spaghetti-Rummo-1.jpg","width":1666,"height":1667,"caption":"Spaghetti sense gluten de Rummo"},{"@type":"BreadcrumbList","@id":"https:\/\/koiliako.com\/ca\/producte\/rummo-spaghetti-no3-sense-gluten-400g\/#breadcrumb","itemListElement":[{"@type":"ListItem","position":1,"name":"Portada","item":"https:\/\/koiliako.com\/ca\/home\/"},{"@type":"ListItem","position":2,"name":"Tienda","item":"https:\/\/koiliako.com\/tienda-online-de-productos-sin-gluten-koiliako\/"},{"@type":"ListItem","position":3,"name":"SPAGHETTI N\u00ba3 SENSE GLUTEN (400g) Rummo"}]},{"@type":"WebSite","@id":"https:\/\/koiliako.com\/ca\/#website","url":"https:\/\/koiliako.com\/ca\/","name":"Koilia ko","description":"La teva botiga de pastes i sales sense gluten","publisher":{"@id":"https:\/\/koiliako.com\/ca\/#organization"},"potentialAction":[{"@type":"SearchAction","target":{"@type":"EntryPoint","urlTemplate":"https:\/\/koiliako.com\/ca\/?s={search_term_string}"},"query-input":{"@type":"PropertyValueSpecification","valueRequired":true,"valueName":"search_term_string"}}],"inLanguage":"ca"},{"@type":"Organization","@id":"https:\/\/koiliako.com\/ca\/#organization","name":"Koiliako","url":"https:\/\/koiliako.com\/ca\/","logo":{"@type":"ImageObject","inLanguage":"ca","@id":"https:\/\/koiliako.com\/ca\/#\/schema\/logo\/image\/","url":"https:\/\/koiliako.com\/wp-content\/uploads\/2021\/11\/LOGO-KOILIAKOS-FINAL-scaled.jpg","contentUrl":"https:\/\/koiliako.com\/wp-content\/uploads\/2021\/11\/LOGO-KOILIAKOS-FINAL-scaled.jpg","width":2560,"height":1810,"caption":"Koiliako"},"image":{"@id":"https:\/\/koiliako.com\/ca\/#\/schema\/logo\/image\/"},"sameAs":["https:\/\/www.facebook.com\/koiliako.shop","https:\/\/www.instagram.com\/koiliako.shop\/"]}]}},"_links":{"self":[{"href":"https:\/\/koiliako.com\/ca\/wp-json\/wp\/v2\/product\/462","targetHints":{"allow":["GET"]}}],"collection":[{"href":"https:\/\/koiliako.com\/ca\/wp-json\/wp\/v2\/product"}],"about":[{"href":"https:\/\/koiliako.com\/ca\/wp-json\/wp\/v2\/types\/product"}],"wp:featuredmedia":[{"embeddable":true,"href":"https:\/\/koiliako.com\/ca\/wp-json\/wp\/v2\/media\/2400"}],"wp:attachment":[{"href":"https:\/\/koiliako.com\/ca\/wp-json\/wp\/v2\/media?parent=462"}],"wp:term":[{"taxonomy":"product_brand","embeddable":true,"href":"https:\/\/koiliako.com\/ca\/wp-json\/wp\/v2\/product_brand?post=462"},{"taxonomy":"product_cat","embeddable":true,"href":"https:\/\/koiliako.com\/ca\/wp-json\/wp\/v2\/product_cat?post=462"},{"taxonomy":"product_tag","embeddable":true,"href":"https:\/\/koiliako.com\/ca\/wp-json\/wp\/v2\/product_tag?post=462"}],"curies":[{"name":"wp","href":"https:\/\/api.w.org\/{rel}","templated":true}]}}