{"id":468,"date":"2021-01-18T12:53:46","date_gmt":"2021-01-18T11:53:46","guid":{"rendered":"https:\/\/koiliako.com\/producto\/coppola-salsa-pesto-genovese-sense-gluten-180g\/"},"modified":"2024-01-07T20:11:15","modified_gmt":"2024-01-07T19:11:15","slug":"coppola-salsa-pesto-genovese-sense-gluten-180g","status":"publish","type":"product","link":"https:\/\/koiliako.com\/ca\/producte\/coppola-salsa-pesto-genovese-sense-gluten-180g\/","title":{"rendered":"Coppola Salsa Pesto Genovese sense gluten 180g"},"content":{"rendered":"<p>Pesto Genovese sense gluten de Coppola, \u00e9s salsa d&#8217;alf\u00e0brega picada, all, oli d&#8217;oliva verge extra, pinyons i formatge. Procedent de la regi\u00f3 de Liguria. \u00c9s la recepta del pesto per excel\u00b7l\u00e8ncia, deliciosa sobre la mozzarella, a la truita, com a condiment en un plat de pasta o tambi\u00e9 per a decorar el pit de pollastre abans de fregir-lo. 46% alf\u00e0brega Italiana. Envasat en tarr\u00f3 de vidre amb tapa lliure de BPA. Lliure de pl\u00e0stics.<\/p>\n","protected":false},"excerpt":{"rendered":"<p>Salsa Pesto Genovese sense gluten. Salsa d&#8217;alf\u00e0brega picada, all, oli d&#8217;oliva verge extra, pinyons i formatge. Ideal per a agregar a qualsevol plat de pasta, a la truita o per a decorar lel pit de pollastre.<\/p>\n","protected":false},"featured_media":797,"template":"","meta":{"_et_pb_use_builder":"","_et_pb_old_content":"","_et_gb_content_width":"","inline_featured_image":false},"product_brand":[],"product_cat":[141,135],"product_tag":[346,514,337,327],"class_list":{"0":"post-468","1":"product","2":"type-product","3":"status-publish","4":"has-post-thumbnail","6":"product_cat-pesto-genovese-ca","7":"product_cat-salsa-ca","8":"product_tag-coppola-ca","9":"product_tag-pesto-ca","10":"product_tag-pesto-genovese-ca","11":"product_tag-salsa-ca","13":"first","14":"outofstock","15":"taxable","16":"shipping-taxable","17":"purchasable","18":"product-type-simple","19":"add-to-wishlist-after_add_to_cart"},"yoast_head":"<!-- This site is optimized with the Yoast SEO plugin v25.3.1 - https:\/\/yoast.com\/wordpress\/plugins\/seo\/ -->\n<title>Salsa Pesto Genovese sense gluten Coppola (180g) - Koiliako<\/title>\n<meta name=\"description\" content=\"Comprar Salsa Pesto Genovese sense gluten de la marca Coppola. 180g. Salsa d&#039;alf\u00e0brega picada, all, oli d&#039;oliva verge extra, pinyons i formatge.\" \/>\n<meta name=\"robots\" content=\"index, follow, max-snippet:-1, max-image-preview:large, max-video-preview:-1\" \/>\n<link rel=\"canonical\" href=\"https:\/\/koiliako.com\/ca\/producte\/coppola-salsa-pesto-genovese-sense-gluten-180g\/\" \/>\n<meta property=\"og:locale\" content=\"ca_ES\" \/>\n<meta property=\"og:type\" content=\"article\" \/>\n<meta property=\"og:title\" content=\"Salsa Pesto Genovese sense gluten Coppola (180g) - Koiliako\" \/>\n<meta property=\"og:description\" content=\"Comprar Salsa Pesto Genovese sense gluten de la marca Coppola. 180g. Salsa d&#039;alf\u00e0brega picada, all, oli d&#039;oliva verge extra, pinyons i formatge.\" \/>\n<meta property=\"og:url\" content=\"https:\/\/koiliako.com\/ca\/producte\/coppola-salsa-pesto-genovese-sense-gluten-180g\/\" \/>\n<meta property=\"og:site_name\" content=\"Koilia ko\" \/>\n<meta property=\"article:publisher\" content=\"https:\/\/www.facebook.com\/koiliako.shop\" \/>\n<meta property=\"article:modified_time\" content=\"2024-01-07T19:11:15+00:00\" \/>\n<meta property=\"og:image\" content=\"https:\/\/koiliako.com\/wp-content\/uploads\/2021\/01\/06Coppola-Salsa-Pesto-Genovese.jpg\" \/>\n\t<meta property=\"og:image:width\" content=\"1500\" \/>\n\t<meta property=\"og:image:height\" content=\"1500\" \/>\n\t<meta property=\"og:image:type\" content=\"image\/jpeg\" \/>\n<meta name=\"twitter:card\" content=\"summary_large_image\" \/>\n<script type=\"application\/ld+json\" class=\"yoast-schema-graph\">{\"@context\":\"https:\/\/schema.org\",\"@graph\":[{\"@type\":\"WebPage\",\"@id\":\"https:\/\/koiliako.com\/ca\/producte\/coppola-salsa-pesto-genovese-sense-gluten-180g\/\",\"url\":\"https:\/\/koiliako.com\/ca\/producte\/coppola-salsa-pesto-genovese-sense-gluten-180g\/\",\"name\":\"Salsa Pesto Genovese sense gluten Coppola (180g) - Koiliako\",\"isPartOf\":{\"@id\":\"https:\/\/koiliako.com\/ca\/#website\"},\"primaryImageOfPage\":{\"@id\":\"https:\/\/koiliako.com\/ca\/producte\/coppola-salsa-pesto-genovese-sense-gluten-180g\/#primaryimage\"},\"image\":{\"@id\":\"https:\/\/koiliako.com\/ca\/producte\/coppola-salsa-pesto-genovese-sense-gluten-180g\/#primaryimage\"},\"thumbnailUrl\":\"https:\/\/koiliako.com\/wp-content\/uploads\/2021\/01\/06Coppola-Salsa-Pesto-Genovese.jpg\",\"datePublished\":\"2021-01-18T11:53:46+00:00\",\"dateModified\":\"2024-01-07T19:11:15+00:00\",\"description\":\"Comprar Salsa Pesto Genovese sense gluten de la marca Coppola. 180g. Salsa d'alf\u00e0brega picada, all, oli d'oliva verge extra, pinyons i formatge.\",\"breadcrumb\":{\"@id\":\"https:\/\/koiliako.com\/ca\/producte\/coppola-salsa-pesto-genovese-sense-gluten-180g\/#breadcrumb\"},\"inLanguage\":\"ca\",\"potentialAction\":[{\"@type\":\"ReadAction\",\"target\":[\"https:\/\/koiliako.com\/ca\/producte\/coppola-salsa-pesto-genovese-sense-gluten-180g\/\"]}]},{\"@type\":\"ImageObject\",\"inLanguage\":\"ca\",\"@id\":\"https:\/\/koiliako.com\/ca\/producte\/coppola-salsa-pesto-genovese-sense-gluten-180g\/#primaryimage\",\"url\":\"https:\/\/koiliako.com\/wp-content\/uploads\/2021\/01\/06Coppola-Salsa-Pesto-Genovese.jpg\",\"contentUrl\":\"https:\/\/koiliako.com\/wp-content\/uploads\/2021\/01\/06Coppola-Salsa-Pesto-Genovese.jpg\",\"width\":1500,\"height\":1500},{\"@type\":\"BreadcrumbList\",\"@id\":\"https:\/\/koiliako.com\/ca\/producte\/coppola-salsa-pesto-genovese-sense-gluten-180g\/#breadcrumb\",\"itemListElement\":[{\"@type\":\"ListItem\",\"position\":1,\"name\":\"Portada\",\"item\":\"https:\/\/koiliako.com\/ca\/home\/\"},{\"@type\":\"ListItem\",\"position\":2,\"name\":\"Tienda\",\"item\":\"https:\/\/koiliako.com\/tienda-online-de-productos-sin-gluten-koiliako\/\"},{\"@type\":\"ListItem\",\"position\":3,\"name\":\"Coppola Salsa Pesto Genovese sense gluten 180g\"}]},{\"@type\":\"WebSite\",\"@id\":\"https:\/\/koiliako.com\/ca\/#website\",\"url\":\"https:\/\/koiliako.com\/ca\/\",\"name\":\"Koilia ko\",\"description\":\"La teva botiga de pastes i sales sense gluten\",\"publisher\":{\"@id\":\"https:\/\/koiliako.com\/ca\/#organization\"},\"potentialAction\":[{\"@type\":\"SearchAction\",\"target\":{\"@type\":\"EntryPoint\",\"urlTemplate\":\"https:\/\/koiliako.com\/ca\/?s={search_term_string}\"},\"query-input\":{\"@type\":\"PropertyValueSpecification\",\"valueRequired\":true,\"valueName\":\"search_term_string\"}}],\"inLanguage\":\"ca\"},{\"@type\":\"Organization\",\"@id\":\"https:\/\/koiliako.com\/ca\/#organization\",\"name\":\"Koiliako\",\"url\":\"https:\/\/koiliako.com\/ca\/\",\"logo\":{\"@type\":\"ImageObject\",\"inLanguage\":\"ca\",\"@id\":\"https:\/\/koiliako.com\/ca\/#\/schema\/logo\/image\/\",\"url\":\"https:\/\/koiliako.com\/wp-content\/uploads\/2021\/11\/LOGO-KOILIAKOS-FINAL-scaled.jpg\",\"contentUrl\":\"https:\/\/koiliako.com\/wp-content\/uploads\/2021\/11\/LOGO-KOILIAKOS-FINAL-scaled.jpg\",\"width\":2560,\"height\":1810,\"caption\":\"Koiliako\"},\"image\":{\"@id\":\"https:\/\/koiliako.com\/ca\/#\/schema\/logo\/image\/\"},\"sameAs\":[\"https:\/\/www.facebook.com\/koiliako.shop\",\"https:\/\/www.instagram.com\/koiliako.shop\/\"]}]}<\/script>\n<!-- \/ Yoast SEO plugin. -->","yoast_head_json":{"title":"Salsa Pesto Genovese sense gluten Coppola (180g) - Koiliako","description":"Comprar Salsa Pesto Genovese sense gluten de la marca Coppola. 180g. Salsa d'alf\u00e0brega picada, all, oli d'oliva verge extra, pinyons i formatge.","robots":{"index":"index","follow":"follow","max-snippet":"max-snippet:-1","max-image-preview":"max-image-preview:large","max-video-preview":"max-video-preview:-1"},"canonical":"https:\/\/koiliako.com\/ca\/producte\/coppola-salsa-pesto-genovese-sense-gluten-180g\/","og_locale":"ca_ES","og_type":"article","og_title":"Salsa Pesto Genovese sense gluten Coppola (180g) - Koiliako","og_description":"Comprar Salsa Pesto Genovese sense gluten de la marca Coppola. 180g. Salsa d'alf\u00e0brega picada, all, oli d'oliva verge extra, pinyons i formatge.","og_url":"https:\/\/koiliako.com\/ca\/producte\/coppola-salsa-pesto-genovese-sense-gluten-180g\/","og_site_name":"Koilia ko","article_publisher":"https:\/\/www.facebook.com\/koiliako.shop","article_modified_time":"2024-01-07T19:11:15+00:00","og_image":[{"width":1500,"height":1500,"url":"https:\/\/koiliako.com\/wp-content\/uploads\/2021\/01\/06Coppola-Salsa-Pesto-Genovese.jpg","type":"image\/jpeg"}],"twitter_card":"summary_large_image","schema":{"@context":"https:\/\/schema.org","@graph":[{"@type":"WebPage","@id":"https:\/\/koiliako.com\/ca\/producte\/coppola-salsa-pesto-genovese-sense-gluten-180g\/","url":"https:\/\/koiliako.com\/ca\/producte\/coppola-salsa-pesto-genovese-sense-gluten-180g\/","name":"Salsa Pesto Genovese sense gluten Coppola (180g) - Koiliako","isPartOf":{"@id":"https:\/\/koiliako.com\/ca\/#website"},"primaryImageOfPage":{"@id":"https:\/\/koiliako.com\/ca\/producte\/coppola-salsa-pesto-genovese-sense-gluten-180g\/#primaryimage"},"image":{"@id":"https:\/\/koiliako.com\/ca\/producte\/coppola-salsa-pesto-genovese-sense-gluten-180g\/#primaryimage"},"thumbnailUrl":"https:\/\/koiliako.com\/wp-content\/uploads\/2021\/01\/06Coppola-Salsa-Pesto-Genovese.jpg","datePublished":"2021-01-18T11:53:46+00:00","dateModified":"2024-01-07T19:11:15+00:00","description":"Comprar Salsa Pesto Genovese sense gluten de la marca Coppola. 180g. Salsa d'alf\u00e0brega picada, all, oli d'oliva verge extra, pinyons i formatge.","breadcrumb":{"@id":"https:\/\/koiliako.com\/ca\/producte\/coppola-salsa-pesto-genovese-sense-gluten-180g\/#breadcrumb"},"inLanguage":"ca","potentialAction":[{"@type":"ReadAction","target":["https:\/\/koiliako.com\/ca\/producte\/coppola-salsa-pesto-genovese-sense-gluten-180g\/"]}]},{"@type":"ImageObject","inLanguage":"ca","@id":"https:\/\/koiliako.com\/ca\/producte\/coppola-salsa-pesto-genovese-sense-gluten-180g\/#primaryimage","url":"https:\/\/koiliako.com\/wp-content\/uploads\/2021\/01\/06Coppola-Salsa-Pesto-Genovese.jpg","contentUrl":"https:\/\/koiliako.com\/wp-content\/uploads\/2021\/01\/06Coppola-Salsa-Pesto-Genovese.jpg","width":1500,"height":1500},{"@type":"BreadcrumbList","@id":"https:\/\/koiliako.com\/ca\/producte\/coppola-salsa-pesto-genovese-sense-gluten-180g\/#breadcrumb","itemListElement":[{"@type":"ListItem","position":1,"name":"Portada","item":"https:\/\/koiliako.com\/ca\/home\/"},{"@type":"ListItem","position":2,"name":"Tienda","item":"https:\/\/koiliako.com\/tienda-online-de-productos-sin-gluten-koiliako\/"},{"@type":"ListItem","position":3,"name":"Coppola Salsa Pesto Genovese sense gluten 180g"}]},{"@type":"WebSite","@id":"https:\/\/koiliako.com\/ca\/#website","url":"https:\/\/koiliako.com\/ca\/","name":"Koilia ko","description":"La teva botiga de pastes i sales sense gluten","publisher":{"@id":"https:\/\/koiliako.com\/ca\/#organization"},"potentialAction":[{"@type":"SearchAction","target":{"@type":"EntryPoint","urlTemplate":"https:\/\/koiliako.com\/ca\/?s={search_term_string}"},"query-input":{"@type":"PropertyValueSpecification","valueRequired":true,"valueName":"search_term_string"}}],"inLanguage":"ca"},{"@type":"Organization","@id":"https:\/\/koiliako.com\/ca\/#organization","name":"Koiliako","url":"https:\/\/koiliako.com\/ca\/","logo":{"@type":"ImageObject","inLanguage":"ca","@id":"https:\/\/koiliako.com\/ca\/#\/schema\/logo\/image\/","url":"https:\/\/koiliako.com\/wp-content\/uploads\/2021\/11\/LOGO-KOILIAKOS-FINAL-scaled.jpg","contentUrl":"https:\/\/koiliako.com\/wp-content\/uploads\/2021\/11\/LOGO-KOILIAKOS-FINAL-scaled.jpg","width":2560,"height":1810,"caption":"Koiliako"},"image":{"@id":"https:\/\/koiliako.com\/ca\/#\/schema\/logo\/image\/"},"sameAs":["https:\/\/www.facebook.com\/koiliako.shop","https:\/\/www.instagram.com\/koiliako.shop\/"]}]}},"_links":{"self":[{"href":"https:\/\/koiliako.com\/ca\/wp-json\/wp\/v2\/product\/468","targetHints":{"allow":["GET"]}}],"collection":[{"href":"https:\/\/koiliako.com\/ca\/wp-json\/wp\/v2\/product"}],"about":[{"href":"https:\/\/koiliako.com\/ca\/wp-json\/wp\/v2\/types\/product"}],"wp:featuredmedia":[{"embeddable":true,"href":"https:\/\/koiliako.com\/ca\/wp-json\/wp\/v2\/media\/797"}],"wp:attachment":[{"href":"https:\/\/koiliako.com\/ca\/wp-json\/wp\/v2\/media?parent=468"}],"wp:term":[{"taxonomy":"product_brand","embeddable":true,"href":"https:\/\/koiliako.com\/ca\/wp-json\/wp\/v2\/product_brand?post=468"},{"taxonomy":"product_cat","embeddable":true,"href":"https:\/\/koiliako.com\/ca\/wp-json\/wp\/v2\/product_cat?post=468"},{"taxonomy":"product_tag","embeddable":true,"href":"https:\/\/koiliako.com\/ca\/wp-json\/wp\/v2\/product_tag?post=468"}],"curies":[{"name":"wp","href":"https:\/\/api.w.org\/{rel}","templated":true}]}}