{"id":470,"date":"2021-01-18T12:52:44","date_gmt":"2021-01-18T11:52:44","guid":{"rendered":"https:\/\/koiliako.com\/producto\/coppola-salsa-bolognese-sense-gluten-350g\/"},"modified":"2022-09-13T21:07:35","modified_gmt":"2022-09-13T19:07:35","slug":"coppola-salsa-bolognese-sense-gluten-350g","status":"publish","type":"product","link":"https:\/\/koiliako.com\/ca\/producte\/coppola-salsa-bolognese-sense-gluten-350g\/","title":{"rendered":"Coppola Salsa Bolognese sense gluten 350g"},"content":{"rendered":"<p>Bolognese Sauce\u00a0sense gluten de Coppola, \u00e9s salsa de tom\u00e0quet amb base de carn saltada. La salsa es prepara amb verdures saltades i carn picada. Original de la zona del voltant de Bolonya. La salsa utilitzada per a acompanyar pasta plana com: tagliatelle o pappardelle i per a preparar lasanya. \u00c9s perfecta pels spaghetti. Sense sucres ni edulcorants Afegits. El nostre secret? 76% tom\u00e0quets italians de la millor qualitat, res m\u00e9s. Certificat sense gluten, sense l\u00e0ctics ni mid\u00f3. Envasat en tarr\u00f3 de vidre amb tapa lliure de BPA. Lliure de pl\u00e0stics.<\/p>\n","protected":false},"excerpt":{"rendered":"<p>Salsa Bolonyesa sense gluten. Salsa de tom\u00e0quet amb verdures saltades i carn picada. Perfecta per a tota mena de pasta, especialment: tagliatelle, spaghetti, lasagne i penne.<\/p>\n","protected":false},"featured_media":802,"template":"","meta":{"_et_pb_use_builder":"","_et_pb_old_content":"","_et_gb_content_width":"","inline_featured_image":false},"product_brand":[],"product_cat":[137,135],"product_tag":[346,208,327],"class_list":{"0":"post-470","1":"product","2":"type-product","3":"status-publish","4":"has-post-thumbnail","6":"product_cat-bolognese-ca","7":"product_cat-salsa-ca","8":"product_tag-coppola-ca","9":"product_tag-nens-es","10":"product_tag-salsa-ca","12":"first","13":"outofstock","14":"taxable","15":"shipping-taxable","16":"purchasable","17":"product-type-simple","18":"add-to-wishlist-after_add_to_cart"},"yoast_head":"<!-- This site is optimized with the Yoast SEO plugin v25.3.1 - https:\/\/yoast.com\/wordpress\/plugins\/seo\/ -->\n<title>Salsa Bolognese sense gluten Coppola (350g) - Koiliako<\/title>\n<meta name=\"description\" content=\"Comprar Salsa Bolognese sense gluten de la marca Coppola. 350g. Salsa de tom\u00e0quet amb verdures saltejades i carn picada, fant\u00e0stica amb pasta curta i llarga.\" \/>\n<meta name=\"robots\" content=\"index, follow, max-snippet:-1, max-image-preview:large, max-video-preview:-1\" \/>\n<link rel=\"canonical\" href=\"https:\/\/koiliako.com\/ca\/producte\/coppola-salsa-bolognese-sense-gluten-350g\/\" \/>\n<meta property=\"og:locale\" content=\"ca_ES\" \/>\n<meta property=\"og:type\" content=\"article\" \/>\n<meta property=\"og:title\" content=\"Salsa Bolognese sense gluten Coppola (350g) - Koiliako\" \/>\n<meta property=\"og:description\" content=\"Comprar Salsa Bolognese sense gluten de la marca Coppola. 350g. Salsa de tom\u00e0quet amb verdures saltejades i carn picada, fant\u00e0stica amb pasta curta i llarga.\" \/>\n<meta property=\"og:url\" content=\"https:\/\/koiliako.com\/ca\/producte\/coppola-salsa-bolognese-sense-gluten-350g\/\" \/>\n<meta property=\"og:site_name\" content=\"Koilia ko\" \/>\n<meta property=\"article:publisher\" content=\"https:\/\/www.facebook.com\/koiliako.shop\" \/>\n<meta property=\"article:modified_time\" content=\"2022-09-13T19:07:35+00:00\" \/>\n<meta property=\"og:image\" content=\"https:\/\/koiliako.com\/wp-content\/uploads\/2021\/01\/06Coppola-Salsa-Bolognese.jpg\" \/>\n\t<meta property=\"og:image:width\" content=\"1500\" \/>\n\t<meta property=\"og:image:height\" content=\"1500\" \/>\n\t<meta property=\"og:image:type\" content=\"image\/jpeg\" \/>\n<meta name=\"twitter:card\" content=\"summary_large_image\" \/>\n<script type=\"application\/ld+json\" class=\"yoast-schema-graph\">{\"@context\":\"https:\/\/schema.org\",\"@graph\":[{\"@type\":\"WebPage\",\"@id\":\"https:\/\/koiliako.com\/ca\/producte\/coppola-salsa-bolognese-sense-gluten-350g\/\",\"url\":\"https:\/\/koiliako.com\/ca\/producte\/coppola-salsa-bolognese-sense-gluten-350g\/\",\"name\":\"Salsa Bolognese sense gluten Coppola (350g) - Koiliako\",\"isPartOf\":{\"@id\":\"https:\/\/koiliako.com\/ca\/#website\"},\"primaryImageOfPage\":{\"@id\":\"https:\/\/koiliako.com\/ca\/producte\/coppola-salsa-bolognese-sense-gluten-350g\/#primaryimage\"},\"image\":{\"@id\":\"https:\/\/koiliako.com\/ca\/producte\/coppola-salsa-bolognese-sense-gluten-350g\/#primaryimage\"},\"thumbnailUrl\":\"https:\/\/koiliako.com\/wp-content\/uploads\/2021\/01\/06Coppola-Salsa-Bolognese.jpg\",\"datePublished\":\"2021-01-18T11:52:44+00:00\",\"dateModified\":\"2022-09-13T19:07:35+00:00\",\"description\":\"Comprar Salsa Bolognese sense gluten de la marca Coppola. 350g. Salsa de tom\u00e0quet amb verdures saltejades i carn picada, fant\u00e0stica amb pasta curta i llarga.\",\"breadcrumb\":{\"@id\":\"https:\/\/koiliako.com\/ca\/producte\/coppola-salsa-bolognese-sense-gluten-350g\/#breadcrumb\"},\"inLanguage\":\"ca\",\"potentialAction\":[{\"@type\":\"ReadAction\",\"target\":[\"https:\/\/koiliako.com\/ca\/producte\/coppola-salsa-bolognese-sense-gluten-350g\/\"]}]},{\"@type\":\"ImageObject\",\"inLanguage\":\"ca\",\"@id\":\"https:\/\/koiliako.com\/ca\/producte\/coppola-salsa-bolognese-sense-gluten-350g\/#primaryimage\",\"url\":\"https:\/\/koiliako.com\/wp-content\/uploads\/2021\/01\/06Coppola-Salsa-Bolognese.jpg\",\"contentUrl\":\"https:\/\/koiliako.com\/wp-content\/uploads\/2021\/01\/06Coppola-Salsa-Bolognese.jpg\",\"width\":1500,\"height\":1500},{\"@type\":\"BreadcrumbList\",\"@id\":\"https:\/\/koiliako.com\/ca\/producte\/coppola-salsa-bolognese-sense-gluten-350g\/#breadcrumb\",\"itemListElement\":[{\"@type\":\"ListItem\",\"position\":1,\"name\":\"Portada\",\"item\":\"https:\/\/koiliako.com\/ca\/home\/\"},{\"@type\":\"ListItem\",\"position\":2,\"name\":\"Tienda\",\"item\":\"https:\/\/koiliako.com\/tienda-online-de-productos-sin-gluten-koiliako\/\"},{\"@type\":\"ListItem\",\"position\":3,\"name\":\"Coppola Salsa Bolognese sense gluten 350g\"}]},{\"@type\":\"WebSite\",\"@id\":\"https:\/\/koiliako.com\/ca\/#website\",\"url\":\"https:\/\/koiliako.com\/ca\/\",\"name\":\"Koilia ko\",\"description\":\"La teva botiga de pastes i sales sense gluten\",\"publisher\":{\"@id\":\"https:\/\/koiliako.com\/ca\/#organization\"},\"potentialAction\":[{\"@type\":\"SearchAction\",\"target\":{\"@type\":\"EntryPoint\",\"urlTemplate\":\"https:\/\/koiliako.com\/ca\/?s={search_term_string}\"},\"query-input\":{\"@type\":\"PropertyValueSpecification\",\"valueRequired\":true,\"valueName\":\"search_term_string\"}}],\"inLanguage\":\"ca\"},{\"@type\":\"Organization\",\"@id\":\"https:\/\/koiliako.com\/ca\/#organization\",\"name\":\"Koiliako\",\"url\":\"https:\/\/koiliako.com\/ca\/\",\"logo\":{\"@type\":\"ImageObject\",\"inLanguage\":\"ca\",\"@id\":\"https:\/\/koiliako.com\/ca\/#\/schema\/logo\/image\/\",\"url\":\"https:\/\/koiliako.com\/wp-content\/uploads\/2021\/11\/LOGO-KOILIAKOS-FINAL-scaled.jpg\",\"contentUrl\":\"https:\/\/koiliako.com\/wp-content\/uploads\/2021\/11\/LOGO-KOILIAKOS-FINAL-scaled.jpg\",\"width\":2560,\"height\":1810,\"caption\":\"Koiliako\"},\"image\":{\"@id\":\"https:\/\/koiliako.com\/ca\/#\/schema\/logo\/image\/\"},\"sameAs\":[\"https:\/\/www.facebook.com\/koiliako.shop\",\"https:\/\/www.instagram.com\/koiliako.shop\/\"]}]}<\/script>\n<!-- \/ Yoast SEO plugin. -->","yoast_head_json":{"title":"Salsa Bolognese sense gluten Coppola (350g) - Koiliako","description":"Comprar Salsa Bolognese sense gluten de la marca Coppola. 350g. Salsa de tom\u00e0quet amb verdures saltejades i carn picada, fant\u00e0stica amb pasta curta i llarga.","robots":{"index":"index","follow":"follow","max-snippet":"max-snippet:-1","max-image-preview":"max-image-preview:large","max-video-preview":"max-video-preview:-1"},"canonical":"https:\/\/koiliako.com\/ca\/producte\/coppola-salsa-bolognese-sense-gluten-350g\/","og_locale":"ca_ES","og_type":"article","og_title":"Salsa Bolognese sense gluten Coppola (350g) - Koiliako","og_description":"Comprar Salsa Bolognese sense gluten de la marca Coppola. 350g. Salsa de tom\u00e0quet amb verdures saltejades i carn picada, fant\u00e0stica amb pasta curta i llarga.","og_url":"https:\/\/koiliako.com\/ca\/producte\/coppola-salsa-bolognese-sense-gluten-350g\/","og_site_name":"Koilia ko","article_publisher":"https:\/\/www.facebook.com\/koiliako.shop","article_modified_time":"2022-09-13T19:07:35+00:00","og_image":[{"width":1500,"height":1500,"url":"https:\/\/koiliako.com\/wp-content\/uploads\/2021\/01\/06Coppola-Salsa-Bolognese.jpg","type":"image\/jpeg"}],"twitter_card":"summary_large_image","schema":{"@context":"https:\/\/schema.org","@graph":[{"@type":"WebPage","@id":"https:\/\/koiliako.com\/ca\/producte\/coppola-salsa-bolognese-sense-gluten-350g\/","url":"https:\/\/koiliako.com\/ca\/producte\/coppola-salsa-bolognese-sense-gluten-350g\/","name":"Salsa Bolognese sense gluten Coppola (350g) - Koiliako","isPartOf":{"@id":"https:\/\/koiliako.com\/ca\/#website"},"primaryImageOfPage":{"@id":"https:\/\/koiliako.com\/ca\/producte\/coppola-salsa-bolognese-sense-gluten-350g\/#primaryimage"},"image":{"@id":"https:\/\/koiliako.com\/ca\/producte\/coppola-salsa-bolognese-sense-gluten-350g\/#primaryimage"},"thumbnailUrl":"https:\/\/koiliako.com\/wp-content\/uploads\/2021\/01\/06Coppola-Salsa-Bolognese.jpg","datePublished":"2021-01-18T11:52:44+00:00","dateModified":"2022-09-13T19:07:35+00:00","description":"Comprar Salsa Bolognese sense gluten de la marca Coppola. 350g. Salsa de tom\u00e0quet amb verdures saltejades i carn picada, fant\u00e0stica amb pasta curta i llarga.","breadcrumb":{"@id":"https:\/\/koiliako.com\/ca\/producte\/coppola-salsa-bolognese-sense-gluten-350g\/#breadcrumb"},"inLanguage":"ca","potentialAction":[{"@type":"ReadAction","target":["https:\/\/koiliako.com\/ca\/producte\/coppola-salsa-bolognese-sense-gluten-350g\/"]}]},{"@type":"ImageObject","inLanguage":"ca","@id":"https:\/\/koiliako.com\/ca\/producte\/coppola-salsa-bolognese-sense-gluten-350g\/#primaryimage","url":"https:\/\/koiliako.com\/wp-content\/uploads\/2021\/01\/06Coppola-Salsa-Bolognese.jpg","contentUrl":"https:\/\/koiliako.com\/wp-content\/uploads\/2021\/01\/06Coppola-Salsa-Bolognese.jpg","width":1500,"height":1500},{"@type":"BreadcrumbList","@id":"https:\/\/koiliako.com\/ca\/producte\/coppola-salsa-bolognese-sense-gluten-350g\/#breadcrumb","itemListElement":[{"@type":"ListItem","position":1,"name":"Portada","item":"https:\/\/koiliako.com\/ca\/home\/"},{"@type":"ListItem","position":2,"name":"Tienda","item":"https:\/\/koiliako.com\/tienda-online-de-productos-sin-gluten-koiliako\/"},{"@type":"ListItem","position":3,"name":"Coppola Salsa Bolognese sense gluten 350g"}]},{"@type":"WebSite","@id":"https:\/\/koiliako.com\/ca\/#website","url":"https:\/\/koiliako.com\/ca\/","name":"Koilia ko","description":"La teva botiga de pastes i sales sense gluten","publisher":{"@id":"https:\/\/koiliako.com\/ca\/#organization"},"potentialAction":[{"@type":"SearchAction","target":{"@type":"EntryPoint","urlTemplate":"https:\/\/koiliako.com\/ca\/?s={search_term_string}"},"query-input":{"@type":"PropertyValueSpecification","valueRequired":true,"valueName":"search_term_string"}}],"inLanguage":"ca"},{"@type":"Organization","@id":"https:\/\/koiliako.com\/ca\/#organization","name":"Koiliako","url":"https:\/\/koiliako.com\/ca\/","logo":{"@type":"ImageObject","inLanguage":"ca","@id":"https:\/\/koiliako.com\/ca\/#\/schema\/logo\/image\/","url":"https:\/\/koiliako.com\/wp-content\/uploads\/2021\/11\/LOGO-KOILIAKOS-FINAL-scaled.jpg","contentUrl":"https:\/\/koiliako.com\/wp-content\/uploads\/2021\/11\/LOGO-KOILIAKOS-FINAL-scaled.jpg","width":2560,"height":1810,"caption":"Koiliako"},"image":{"@id":"https:\/\/koiliako.com\/ca\/#\/schema\/logo\/image\/"},"sameAs":["https:\/\/www.facebook.com\/koiliako.shop","https:\/\/www.instagram.com\/koiliako.shop\/"]}]}},"_links":{"self":[{"href":"https:\/\/koiliako.com\/ca\/wp-json\/wp\/v2\/product\/470","targetHints":{"allow":["GET"]}}],"collection":[{"href":"https:\/\/koiliako.com\/ca\/wp-json\/wp\/v2\/product"}],"about":[{"href":"https:\/\/koiliako.com\/ca\/wp-json\/wp\/v2\/types\/product"}],"wp:featuredmedia":[{"embeddable":true,"href":"https:\/\/koiliako.com\/ca\/wp-json\/wp\/v2\/media\/802"}],"wp:attachment":[{"href":"https:\/\/koiliako.com\/ca\/wp-json\/wp\/v2\/media?parent=470"}],"wp:term":[{"taxonomy":"product_brand","embeddable":true,"href":"https:\/\/koiliako.com\/ca\/wp-json\/wp\/v2\/product_brand?post=470"},{"taxonomy":"product_cat","embeddable":true,"href":"https:\/\/koiliako.com\/ca\/wp-json\/wp\/v2\/product_cat?post=470"},{"taxonomy":"product_tag","embeddable":true,"href":"https:\/\/koiliako.com\/ca\/wp-json\/wp\/v2\/product_tag?post=470"}],"curies":[{"name":"wp","href":"https:\/\/api.w.org\/{rel}","templated":true}]}}