{"id":473,"date":"2021-01-18T12:51:01","date_gmt":"2021-01-18T11:51:01","guid":{"rendered":"https:\/\/koiliako.com\/producto\/coppola-salsa-classico-sense-gluten-350g\/"},"modified":"2022-06-30T17:14:35","modified_gmt":"2022-06-30T15:14:35","slug":"coppola-salsa-classico-sense-gluten-350g","status":"publish","type":"product","link":"https:\/\/koiliako.com\/ca\/producte\/coppola-salsa-classico-sense-gluten-350g\/","title":{"rendered":"SALSA CLASSICO SENSE GLUTEN (350g) Coppola"},"content":{"rendered":"<p><a href=\"http:\/\/koiliako.com\/categoria-producto\/salsas-sin-gluten\/\">SALSA CLASSICO<\/a> SENSE GLUTEN (350g) de Coppola. Salsa de tom\u00e0quet amb alf\u00e0brega. Aquesta \u00e9s la salsa de tom\u00e0quet italiana per excel\u00b7l\u00e8ncia, senzilla i gustosa. La cl\u00e0ssica, \u00e9s genial amb tots dos tipus de pasta, curta com penne, o llarga com spaghetti. Sense sucre ni edulcorants afagits. \u00bfEl nostre secret? 94% tom\u00e0quets italians d&#8217;alta qualitat i res m\u00e9s. Premiat amb 1 estrella en lels GREAT TASTE AWARDS. Els jutges van comentar: &#8220;Aquetsa salsa t\u00e9 consistencia i un bon\u00edssim sabor a tom\u00e0quet i es pot trobar suaus trossos d&#8217;alf\u00e0brega a la salsa. L&#8217;alta qualitat dels tom\u00e0quets i la seva natural dol\u00e7or \u00e9s conseq\u00fc\u00e8ncia de no haber d&#8217;afegir sucre extra. Excel\u00b7lent color i trossos. El gust del tom\u00e0quet brilla a trav\u00e9s de la salsa&#8221;. Certificat sense gluten, sense l\u00e0ctics ni mid\u00f3. Envasat en un pot de vidre amb tapa lliure de BPA. Lliure de pl\u00e0stics.<\/p>\n","protected":false},"excerpt":{"rendered":"<p>Salsa Cl\u00e0ssica sense gluten. Salsa de tom\u00e0quet amb alf\u00e0brega, perfecte amb pasta curta com penne, fusilli, o llarga com spaghetti, tagliatelle o linguine.<\/p>\n","protected":false},"featured_media":808,"template":"","meta":{"_et_pb_use_builder":"","_et_pb_old_content":"","_et_gb_content_width":"","inline_featured_image":false},"product_brand":[],"product_cat":[138,135],"product_tag":[517,346],"class_list":{"0":"post-473","1":"product","2":"type-product","3":"status-publish","4":"has-post-thumbnail","6":"product_cat-classico-ca","7":"product_cat-salsa-ca","8":"product_tag-classica-ca","9":"product_tag-coppola-ca","11":"first","12":"outofstock","13":"taxable","14":"shipping-taxable","15":"purchasable","16":"product-type-simple","17":"add-to-wishlist-after_add_to_cart"},"yoast_head":"<!-- This site is optimized with the Yoast SEO plugin v25.3.1 - https:\/\/yoast.com\/wordpress\/plugins\/seo\/ -->\n<title>SALSA CLASSICO SENSE GLUTEN (350g) de Coppola - Koiliako<\/title>\n<meta name=\"description\" content=\"Comprar SALSA CLASSICO SENSE GLUTEN (350g) de Coppola. Salsa de tom\u00e0quet amb alf\u00e0brega, perfecte amb pasta curta o llarga.\" \/>\n<meta name=\"robots\" content=\"index, follow, max-snippet:-1, max-image-preview:large, max-video-preview:-1\" \/>\n<link rel=\"canonical\" href=\"https:\/\/koiliako.com\/ca\/producte\/coppola-salsa-classico-sense-gluten-350g\/\" \/>\n<meta property=\"og:locale\" content=\"ca_ES\" \/>\n<meta property=\"og:type\" content=\"article\" \/>\n<meta property=\"og:title\" content=\"SALSA CLASSICO SENSE GLUTEN (350g) de Coppola - Koiliako\" \/>\n<meta property=\"og:description\" content=\"Comprar SALSA CLASSICO SENSE GLUTEN (350g) de Coppola. Salsa de tom\u00e0quet amb alf\u00e0brega, perfecte amb pasta curta o llarga.\" \/>\n<meta property=\"og:url\" content=\"https:\/\/koiliako.com\/ca\/producte\/coppola-salsa-classico-sense-gluten-350g\/\" \/>\n<meta property=\"og:site_name\" content=\"Koilia ko\" \/>\n<meta property=\"article:publisher\" content=\"https:\/\/www.facebook.com\/koiliako.shop\" \/>\n<meta property=\"article:modified_time\" content=\"2022-06-30T15:14:35+00:00\" \/>\n<meta property=\"og:image\" content=\"https:\/\/koiliako.com\/wp-content\/uploads\/2021\/01\/06Coppola-Salsa-Classico.jpg\" \/>\n\t<meta property=\"og:image:width\" content=\"1500\" \/>\n\t<meta property=\"og:image:height\" content=\"1500\" \/>\n\t<meta property=\"og:image:type\" content=\"image\/jpeg\" \/>\n<meta name=\"twitter:card\" content=\"summary_large_image\" \/>\n<meta name=\"twitter:label1\" content=\"Temps estimat de lectura\" \/>\n\t<meta name=\"twitter:data1\" content=\"1 minut\" \/>\n<script type=\"application\/ld+json\" class=\"yoast-schema-graph\">{\"@context\":\"https:\/\/schema.org\",\"@graph\":[{\"@type\":\"WebPage\",\"@id\":\"https:\/\/koiliako.com\/ca\/producte\/coppola-salsa-classico-sense-gluten-350g\/\",\"url\":\"https:\/\/koiliako.com\/ca\/producte\/coppola-salsa-classico-sense-gluten-350g\/\",\"name\":\"SALSA CLASSICO SENSE GLUTEN (350g) de Coppola - Koiliako\",\"isPartOf\":{\"@id\":\"https:\/\/koiliako.com\/ca\/#website\"},\"primaryImageOfPage\":{\"@id\":\"https:\/\/koiliako.com\/ca\/producte\/coppola-salsa-classico-sense-gluten-350g\/#primaryimage\"},\"image\":{\"@id\":\"https:\/\/koiliako.com\/ca\/producte\/coppola-salsa-classico-sense-gluten-350g\/#primaryimage\"},\"thumbnailUrl\":\"https:\/\/koiliako.com\/wp-content\/uploads\/2021\/01\/06Coppola-Salsa-Classico.jpg\",\"datePublished\":\"2021-01-18T11:51:01+00:00\",\"dateModified\":\"2022-06-30T15:14:35+00:00\",\"description\":\"Comprar SALSA CLASSICO SENSE GLUTEN (350g) de Coppola. Salsa de tom\u00e0quet amb alf\u00e0brega, perfecte amb pasta curta o llarga.\",\"breadcrumb\":{\"@id\":\"https:\/\/koiliako.com\/ca\/producte\/coppola-salsa-classico-sense-gluten-350g\/#breadcrumb\"},\"inLanguage\":\"ca\",\"potentialAction\":[{\"@type\":\"ReadAction\",\"target\":[\"https:\/\/koiliako.com\/ca\/producte\/coppola-salsa-classico-sense-gluten-350g\/\"]}]},{\"@type\":\"ImageObject\",\"inLanguage\":\"ca\",\"@id\":\"https:\/\/koiliako.com\/ca\/producte\/coppola-salsa-classico-sense-gluten-350g\/#primaryimage\",\"url\":\"https:\/\/koiliako.com\/wp-content\/uploads\/2021\/01\/06Coppola-Salsa-Classico.jpg\",\"contentUrl\":\"https:\/\/koiliako.com\/wp-content\/uploads\/2021\/01\/06Coppola-Salsa-Classico.jpg\",\"width\":1500,\"height\":1500},{\"@type\":\"BreadcrumbList\",\"@id\":\"https:\/\/koiliako.com\/ca\/producte\/coppola-salsa-classico-sense-gluten-350g\/#breadcrumb\",\"itemListElement\":[{\"@type\":\"ListItem\",\"position\":1,\"name\":\"Portada\",\"item\":\"https:\/\/koiliako.com\/ca\/home\/\"},{\"@type\":\"ListItem\",\"position\":2,\"name\":\"Tienda\",\"item\":\"https:\/\/koiliako.com\/tienda-online-de-productos-sin-gluten-koiliako\/\"},{\"@type\":\"ListItem\",\"position\":3,\"name\":\"SALSA CLASSICO SENSE GLUTEN (350g) Coppola\"}]},{\"@type\":\"WebSite\",\"@id\":\"https:\/\/koiliako.com\/ca\/#website\",\"url\":\"https:\/\/koiliako.com\/ca\/\",\"name\":\"Koilia ko\",\"description\":\"La teva botiga de pastes i sales sense gluten\",\"publisher\":{\"@id\":\"https:\/\/koiliako.com\/ca\/#organization\"},\"potentialAction\":[{\"@type\":\"SearchAction\",\"target\":{\"@type\":\"EntryPoint\",\"urlTemplate\":\"https:\/\/koiliako.com\/ca\/?s={search_term_string}\"},\"query-input\":{\"@type\":\"PropertyValueSpecification\",\"valueRequired\":true,\"valueName\":\"search_term_string\"}}],\"inLanguage\":\"ca\"},{\"@type\":\"Organization\",\"@id\":\"https:\/\/koiliako.com\/ca\/#organization\",\"name\":\"Koiliako\",\"url\":\"https:\/\/koiliako.com\/ca\/\",\"logo\":{\"@type\":\"ImageObject\",\"inLanguage\":\"ca\",\"@id\":\"https:\/\/koiliako.com\/ca\/#\/schema\/logo\/image\/\",\"url\":\"https:\/\/koiliako.com\/wp-content\/uploads\/2021\/11\/LOGO-KOILIAKOS-FINAL-scaled.jpg\",\"contentUrl\":\"https:\/\/koiliako.com\/wp-content\/uploads\/2021\/11\/LOGO-KOILIAKOS-FINAL-scaled.jpg\",\"width\":2560,\"height\":1810,\"caption\":\"Koiliako\"},\"image\":{\"@id\":\"https:\/\/koiliako.com\/ca\/#\/schema\/logo\/image\/\"},\"sameAs\":[\"https:\/\/www.facebook.com\/koiliako.shop\",\"https:\/\/www.instagram.com\/koiliako.shop\/\"]}]}<\/script>\n<!-- \/ Yoast SEO plugin. -->","yoast_head_json":{"title":"SALSA CLASSICO SENSE GLUTEN (350g) de Coppola - Koiliako","description":"Comprar SALSA CLASSICO SENSE GLUTEN (350g) de Coppola. Salsa de tom\u00e0quet amb alf\u00e0brega, perfecte amb pasta curta o llarga.","robots":{"index":"index","follow":"follow","max-snippet":"max-snippet:-1","max-image-preview":"max-image-preview:large","max-video-preview":"max-video-preview:-1"},"canonical":"https:\/\/koiliako.com\/ca\/producte\/coppola-salsa-classico-sense-gluten-350g\/","og_locale":"ca_ES","og_type":"article","og_title":"SALSA CLASSICO SENSE GLUTEN (350g) de Coppola - Koiliako","og_description":"Comprar SALSA CLASSICO SENSE GLUTEN (350g) de Coppola. Salsa de tom\u00e0quet amb alf\u00e0brega, perfecte amb pasta curta o llarga.","og_url":"https:\/\/koiliako.com\/ca\/producte\/coppola-salsa-classico-sense-gluten-350g\/","og_site_name":"Koilia ko","article_publisher":"https:\/\/www.facebook.com\/koiliako.shop","article_modified_time":"2022-06-30T15:14:35+00:00","og_image":[{"width":1500,"height":1500,"url":"https:\/\/koiliako.com\/wp-content\/uploads\/2021\/01\/06Coppola-Salsa-Classico.jpg","type":"image\/jpeg"}],"twitter_card":"summary_large_image","twitter_misc":{"Temps estimat de lectura":"1 minut"},"schema":{"@context":"https:\/\/schema.org","@graph":[{"@type":"WebPage","@id":"https:\/\/koiliako.com\/ca\/producte\/coppola-salsa-classico-sense-gluten-350g\/","url":"https:\/\/koiliako.com\/ca\/producte\/coppola-salsa-classico-sense-gluten-350g\/","name":"SALSA CLASSICO SENSE GLUTEN (350g) de Coppola - Koiliako","isPartOf":{"@id":"https:\/\/koiliako.com\/ca\/#website"},"primaryImageOfPage":{"@id":"https:\/\/koiliako.com\/ca\/producte\/coppola-salsa-classico-sense-gluten-350g\/#primaryimage"},"image":{"@id":"https:\/\/koiliako.com\/ca\/producte\/coppola-salsa-classico-sense-gluten-350g\/#primaryimage"},"thumbnailUrl":"https:\/\/koiliako.com\/wp-content\/uploads\/2021\/01\/06Coppola-Salsa-Classico.jpg","datePublished":"2021-01-18T11:51:01+00:00","dateModified":"2022-06-30T15:14:35+00:00","description":"Comprar SALSA CLASSICO SENSE GLUTEN (350g) de Coppola. Salsa de tom\u00e0quet amb alf\u00e0brega, perfecte amb pasta curta o llarga.","breadcrumb":{"@id":"https:\/\/koiliako.com\/ca\/producte\/coppola-salsa-classico-sense-gluten-350g\/#breadcrumb"},"inLanguage":"ca","potentialAction":[{"@type":"ReadAction","target":["https:\/\/koiliako.com\/ca\/producte\/coppola-salsa-classico-sense-gluten-350g\/"]}]},{"@type":"ImageObject","inLanguage":"ca","@id":"https:\/\/koiliako.com\/ca\/producte\/coppola-salsa-classico-sense-gluten-350g\/#primaryimage","url":"https:\/\/koiliako.com\/wp-content\/uploads\/2021\/01\/06Coppola-Salsa-Classico.jpg","contentUrl":"https:\/\/koiliako.com\/wp-content\/uploads\/2021\/01\/06Coppola-Salsa-Classico.jpg","width":1500,"height":1500},{"@type":"BreadcrumbList","@id":"https:\/\/koiliako.com\/ca\/producte\/coppola-salsa-classico-sense-gluten-350g\/#breadcrumb","itemListElement":[{"@type":"ListItem","position":1,"name":"Portada","item":"https:\/\/koiliako.com\/ca\/home\/"},{"@type":"ListItem","position":2,"name":"Tienda","item":"https:\/\/koiliako.com\/tienda-online-de-productos-sin-gluten-koiliako\/"},{"@type":"ListItem","position":3,"name":"SALSA CLASSICO SENSE GLUTEN (350g) Coppola"}]},{"@type":"WebSite","@id":"https:\/\/koiliako.com\/ca\/#website","url":"https:\/\/koiliako.com\/ca\/","name":"Koilia ko","description":"La teva botiga de pastes i sales sense gluten","publisher":{"@id":"https:\/\/koiliako.com\/ca\/#organization"},"potentialAction":[{"@type":"SearchAction","target":{"@type":"EntryPoint","urlTemplate":"https:\/\/koiliako.com\/ca\/?s={search_term_string}"},"query-input":{"@type":"PropertyValueSpecification","valueRequired":true,"valueName":"search_term_string"}}],"inLanguage":"ca"},{"@type":"Organization","@id":"https:\/\/koiliako.com\/ca\/#organization","name":"Koiliako","url":"https:\/\/koiliako.com\/ca\/","logo":{"@type":"ImageObject","inLanguage":"ca","@id":"https:\/\/koiliako.com\/ca\/#\/schema\/logo\/image\/","url":"https:\/\/koiliako.com\/wp-content\/uploads\/2021\/11\/LOGO-KOILIAKOS-FINAL-scaled.jpg","contentUrl":"https:\/\/koiliako.com\/wp-content\/uploads\/2021\/11\/LOGO-KOILIAKOS-FINAL-scaled.jpg","width":2560,"height":1810,"caption":"Koiliako"},"image":{"@id":"https:\/\/koiliako.com\/ca\/#\/schema\/logo\/image\/"},"sameAs":["https:\/\/www.facebook.com\/koiliako.shop","https:\/\/www.instagram.com\/koiliako.shop\/"]}]}},"_links":{"self":[{"href":"https:\/\/koiliako.com\/ca\/wp-json\/wp\/v2\/product\/473","targetHints":{"allow":["GET"]}}],"collection":[{"href":"https:\/\/koiliako.com\/ca\/wp-json\/wp\/v2\/product"}],"about":[{"href":"https:\/\/koiliako.com\/ca\/wp-json\/wp\/v2\/types\/product"}],"wp:featuredmedia":[{"embeddable":true,"href":"https:\/\/koiliako.com\/ca\/wp-json\/wp\/v2\/media\/808"}],"wp:attachment":[{"href":"https:\/\/koiliako.com\/ca\/wp-json\/wp\/v2\/media?parent=473"}],"wp:term":[{"taxonomy":"product_brand","embeddable":true,"href":"https:\/\/koiliako.com\/ca\/wp-json\/wp\/v2\/product_brand?post=473"},{"taxonomy":"product_cat","embeddable":true,"href":"https:\/\/koiliako.com\/ca\/wp-json\/wp\/v2\/product_cat?post=473"},{"taxonomy":"product_tag","embeddable":true,"href":"https:\/\/koiliako.com\/ca\/wp-json\/wp\/v2\/product_tag?post=473"}],"curies":[{"name":"wp","href":"https:\/\/api.w.org\/{rel}","templated":true}]}}