{"id":474,"date":"2021-01-18T12:50:28","date_gmt":"2021-01-18T11:50:28","guid":{"rendered":"https:\/\/koiliako.com\/producto\/coppola-salsa-napoletana-sense-gluten-350g\/"},"modified":"2022-06-30T17:44:33","modified_gmt":"2022-06-30T15:44:33","slug":"coppola-salsa-napoletana-sense-gluten-350g","status":"publish","type":"product","link":"https:\/\/koiliako.com\/ca\/producte\/coppola-salsa-napoletana-sense-gluten-350g\/","title":{"rendered":"SALSA NAPOLETANA SENSE GLUTEN (350g) Coppola"},"content":{"rendered":"<p><a href=\"http:\/\/koiliako.com\/categoria-producto\/salsas-sin-gluten\/\">SALSA NAPOLETANA<\/a> SENSE GLUTEN (350g) de Coppola. \u00c9s la cl\u00e0ssica salsa de tom\u00e0quet amb vegetals saltejats. Aquesta salsa \u00e9s la salsa base que a N\u00e0pols es serveix amb pasta curta com el rigatoni o el penne. Sense sucre ni edulcorants afagits. Elaborada amb tom\u00e0quets italians de la millor qualitat i res m\u00e9s. Certificat sense gluten, tot natural, sense l\u00e0ctics ni mid\u00f3. Envasat en un pot de vidre amb tapa lliure de BPA. Lliure de pl\u00e0stics.<\/p>\n","protected":false},"excerpt":{"rendered":"<p>Salsa Napolitana sense gluten. Cl\u00e0ssica salsa de tom\u00e0quet amb base de vegetals tallats que es saltegen. Excel\u00b7lent per a servir amb pasta curta com el rigatoni, el penne, el tubetti rigati o el mezze maniche rigate.<\/p>\n","protected":false},"featured_media":810,"template":"","meta":{"_et_pb_use_builder":"","_et_pb_old_content":"","_et_gb_content_width":"","inline_featured_image":false},"product_brand":[],"product_cat":[140,135],"product_tag":[518,346,519,520],"class_list":{"0":"post-474","1":"product","2":"type-product","3":"status-publish","4":"has-post-thumbnail","6":"product_cat-napoletana-ca","7":"product_cat-salsa-ca","8":"product_tag-basica-ca","9":"product_tag-coppola-ca","10":"product_tag-napoletana-ca","11":"product_tag-verdures-ca","13":"first","14":"outofstock","15":"taxable","16":"shipping-taxable","17":"purchasable","18":"product-type-simple","19":"add-to-wishlist-after_add_to_cart"},"yoast_head":"<!-- This site is optimized with the Yoast SEO plugin v25.3.1 - https:\/\/yoast.com\/wordpress\/plugins\/seo\/ -->\n<title>SALSA NAPOLETANA SENSE GLUTEN (350g) de Coppola - Koiliako<\/title>\n<meta name=\"description\" content=\"Comprar SALSA NAPOLETANA SENSE GLUTEN (350g) de Coppola. Cl\u00e0ssica salsa de tom\u00e0quet amb base de vegetals tallats que es saltegen.\" \/>\n<meta name=\"robots\" content=\"index, follow, max-snippet:-1, max-image-preview:large, max-video-preview:-1\" \/>\n<link rel=\"canonical\" href=\"https:\/\/koiliako.com\/ca\/producte\/coppola-salsa-napoletana-sense-gluten-350g\/\" \/>\n<meta property=\"og:locale\" content=\"ca_ES\" \/>\n<meta property=\"og:type\" content=\"article\" \/>\n<meta property=\"og:title\" content=\"SALSA NAPOLETANA SENSE GLUTEN (350g) de Coppola - Koiliako\" \/>\n<meta property=\"og:description\" content=\"Comprar SALSA NAPOLETANA SENSE GLUTEN (350g) de Coppola. Cl\u00e0ssica salsa de tom\u00e0quet amb base de vegetals tallats que es saltegen.\" \/>\n<meta property=\"og:url\" content=\"https:\/\/koiliako.com\/ca\/producte\/coppola-salsa-napoletana-sense-gluten-350g\/\" \/>\n<meta property=\"og:site_name\" content=\"Koilia ko\" \/>\n<meta property=\"article:publisher\" content=\"https:\/\/www.facebook.com\/koiliako.shop\" \/>\n<meta property=\"article:modified_time\" content=\"2022-06-30T15:44:33+00:00\" \/>\n<meta property=\"og:image\" content=\"https:\/\/koiliako.com\/wp-content\/uploads\/2021\/01\/06Coppola-Salsa-Napoletana.jpg\" \/>\n\t<meta property=\"og:image:width\" content=\"1500\" \/>\n\t<meta property=\"og:image:height\" content=\"1500\" \/>\n\t<meta property=\"og:image:type\" content=\"image\/jpeg\" \/>\n<meta name=\"twitter:card\" content=\"summary_large_image\" \/>\n<script type=\"application\/ld+json\" class=\"yoast-schema-graph\">{\"@context\":\"https:\/\/schema.org\",\"@graph\":[{\"@type\":\"WebPage\",\"@id\":\"https:\/\/koiliako.com\/ca\/producte\/coppola-salsa-napoletana-sense-gluten-350g\/\",\"url\":\"https:\/\/koiliako.com\/ca\/producte\/coppola-salsa-napoletana-sense-gluten-350g\/\",\"name\":\"SALSA NAPOLETANA SENSE GLUTEN (350g) de Coppola - Koiliako\",\"isPartOf\":{\"@id\":\"https:\/\/koiliako.com\/ca\/#website\"},\"primaryImageOfPage\":{\"@id\":\"https:\/\/koiliako.com\/ca\/producte\/coppola-salsa-napoletana-sense-gluten-350g\/#primaryimage\"},\"image\":{\"@id\":\"https:\/\/koiliako.com\/ca\/producte\/coppola-salsa-napoletana-sense-gluten-350g\/#primaryimage\"},\"thumbnailUrl\":\"https:\/\/koiliako.com\/wp-content\/uploads\/2021\/01\/06Coppola-Salsa-Napoletana.jpg\",\"datePublished\":\"2021-01-18T11:50:28+00:00\",\"dateModified\":\"2022-06-30T15:44:33+00:00\",\"description\":\"Comprar SALSA NAPOLETANA SENSE GLUTEN (350g) de Coppola. Cl\u00e0ssica salsa de tom\u00e0quet amb base de vegetals tallats que es saltegen.\",\"breadcrumb\":{\"@id\":\"https:\/\/koiliako.com\/ca\/producte\/coppola-salsa-napoletana-sense-gluten-350g\/#breadcrumb\"},\"inLanguage\":\"ca\",\"potentialAction\":[{\"@type\":\"ReadAction\",\"target\":[\"https:\/\/koiliako.com\/ca\/producte\/coppola-salsa-napoletana-sense-gluten-350g\/\"]}]},{\"@type\":\"ImageObject\",\"inLanguage\":\"ca\",\"@id\":\"https:\/\/koiliako.com\/ca\/producte\/coppola-salsa-napoletana-sense-gluten-350g\/#primaryimage\",\"url\":\"https:\/\/koiliako.com\/wp-content\/uploads\/2021\/01\/06Coppola-Salsa-Napoletana.jpg\",\"contentUrl\":\"https:\/\/koiliako.com\/wp-content\/uploads\/2021\/01\/06Coppola-Salsa-Napoletana.jpg\",\"width\":1500,\"height\":1500},{\"@type\":\"BreadcrumbList\",\"@id\":\"https:\/\/koiliako.com\/ca\/producte\/coppola-salsa-napoletana-sense-gluten-350g\/#breadcrumb\",\"itemListElement\":[{\"@type\":\"ListItem\",\"position\":1,\"name\":\"Portada\",\"item\":\"https:\/\/koiliako.com\/ca\/home\/\"},{\"@type\":\"ListItem\",\"position\":2,\"name\":\"Tienda\",\"item\":\"https:\/\/koiliako.com\/tienda-online-de-productos-sin-gluten-koiliako\/\"},{\"@type\":\"ListItem\",\"position\":3,\"name\":\"SALSA NAPOLETANA SENSE GLUTEN (350g) Coppola\"}]},{\"@type\":\"WebSite\",\"@id\":\"https:\/\/koiliako.com\/ca\/#website\",\"url\":\"https:\/\/koiliako.com\/ca\/\",\"name\":\"Koilia ko\",\"description\":\"La teva botiga de pastes i sales sense gluten\",\"publisher\":{\"@id\":\"https:\/\/koiliako.com\/ca\/#organization\"},\"potentialAction\":[{\"@type\":\"SearchAction\",\"target\":{\"@type\":\"EntryPoint\",\"urlTemplate\":\"https:\/\/koiliako.com\/ca\/?s={search_term_string}\"},\"query-input\":{\"@type\":\"PropertyValueSpecification\",\"valueRequired\":true,\"valueName\":\"search_term_string\"}}],\"inLanguage\":\"ca\"},{\"@type\":\"Organization\",\"@id\":\"https:\/\/koiliako.com\/ca\/#organization\",\"name\":\"Koiliako\",\"url\":\"https:\/\/koiliako.com\/ca\/\",\"logo\":{\"@type\":\"ImageObject\",\"inLanguage\":\"ca\",\"@id\":\"https:\/\/koiliako.com\/ca\/#\/schema\/logo\/image\/\",\"url\":\"https:\/\/koiliako.com\/wp-content\/uploads\/2021\/11\/LOGO-KOILIAKOS-FINAL-scaled.jpg\",\"contentUrl\":\"https:\/\/koiliako.com\/wp-content\/uploads\/2021\/11\/LOGO-KOILIAKOS-FINAL-scaled.jpg\",\"width\":2560,\"height\":1810,\"caption\":\"Koiliako\"},\"image\":{\"@id\":\"https:\/\/koiliako.com\/ca\/#\/schema\/logo\/image\/\"},\"sameAs\":[\"https:\/\/www.facebook.com\/koiliako.shop\",\"https:\/\/www.instagram.com\/koiliako.shop\/\"]}]}<\/script>\n<!-- \/ Yoast SEO plugin. -->","yoast_head_json":{"title":"SALSA NAPOLETANA SENSE GLUTEN (350g) de Coppola - Koiliako","description":"Comprar SALSA NAPOLETANA SENSE GLUTEN (350g) de Coppola. Cl\u00e0ssica salsa de tom\u00e0quet amb base de vegetals tallats que es saltegen.","robots":{"index":"index","follow":"follow","max-snippet":"max-snippet:-1","max-image-preview":"max-image-preview:large","max-video-preview":"max-video-preview:-1"},"canonical":"https:\/\/koiliako.com\/ca\/producte\/coppola-salsa-napoletana-sense-gluten-350g\/","og_locale":"ca_ES","og_type":"article","og_title":"SALSA NAPOLETANA SENSE GLUTEN (350g) de Coppola - Koiliako","og_description":"Comprar SALSA NAPOLETANA SENSE GLUTEN (350g) de Coppola. Cl\u00e0ssica salsa de tom\u00e0quet amb base de vegetals tallats que es saltegen.","og_url":"https:\/\/koiliako.com\/ca\/producte\/coppola-salsa-napoletana-sense-gluten-350g\/","og_site_name":"Koilia ko","article_publisher":"https:\/\/www.facebook.com\/koiliako.shop","article_modified_time":"2022-06-30T15:44:33+00:00","og_image":[{"width":1500,"height":1500,"url":"https:\/\/koiliako.com\/wp-content\/uploads\/2021\/01\/06Coppola-Salsa-Napoletana.jpg","type":"image\/jpeg"}],"twitter_card":"summary_large_image","schema":{"@context":"https:\/\/schema.org","@graph":[{"@type":"WebPage","@id":"https:\/\/koiliako.com\/ca\/producte\/coppola-salsa-napoletana-sense-gluten-350g\/","url":"https:\/\/koiliako.com\/ca\/producte\/coppola-salsa-napoletana-sense-gluten-350g\/","name":"SALSA NAPOLETANA SENSE GLUTEN (350g) de Coppola - Koiliako","isPartOf":{"@id":"https:\/\/koiliako.com\/ca\/#website"},"primaryImageOfPage":{"@id":"https:\/\/koiliako.com\/ca\/producte\/coppola-salsa-napoletana-sense-gluten-350g\/#primaryimage"},"image":{"@id":"https:\/\/koiliako.com\/ca\/producte\/coppola-salsa-napoletana-sense-gluten-350g\/#primaryimage"},"thumbnailUrl":"https:\/\/koiliako.com\/wp-content\/uploads\/2021\/01\/06Coppola-Salsa-Napoletana.jpg","datePublished":"2021-01-18T11:50:28+00:00","dateModified":"2022-06-30T15:44:33+00:00","description":"Comprar SALSA NAPOLETANA SENSE GLUTEN (350g) de Coppola. Cl\u00e0ssica salsa de tom\u00e0quet amb base de vegetals tallats que es saltegen.","breadcrumb":{"@id":"https:\/\/koiliako.com\/ca\/producte\/coppola-salsa-napoletana-sense-gluten-350g\/#breadcrumb"},"inLanguage":"ca","potentialAction":[{"@type":"ReadAction","target":["https:\/\/koiliako.com\/ca\/producte\/coppola-salsa-napoletana-sense-gluten-350g\/"]}]},{"@type":"ImageObject","inLanguage":"ca","@id":"https:\/\/koiliako.com\/ca\/producte\/coppola-salsa-napoletana-sense-gluten-350g\/#primaryimage","url":"https:\/\/koiliako.com\/wp-content\/uploads\/2021\/01\/06Coppola-Salsa-Napoletana.jpg","contentUrl":"https:\/\/koiliako.com\/wp-content\/uploads\/2021\/01\/06Coppola-Salsa-Napoletana.jpg","width":1500,"height":1500},{"@type":"BreadcrumbList","@id":"https:\/\/koiliako.com\/ca\/producte\/coppola-salsa-napoletana-sense-gluten-350g\/#breadcrumb","itemListElement":[{"@type":"ListItem","position":1,"name":"Portada","item":"https:\/\/koiliako.com\/ca\/home\/"},{"@type":"ListItem","position":2,"name":"Tienda","item":"https:\/\/koiliako.com\/tienda-online-de-productos-sin-gluten-koiliako\/"},{"@type":"ListItem","position":3,"name":"SALSA NAPOLETANA SENSE GLUTEN (350g) Coppola"}]},{"@type":"WebSite","@id":"https:\/\/koiliako.com\/ca\/#website","url":"https:\/\/koiliako.com\/ca\/","name":"Koilia ko","description":"La teva botiga de pastes i sales sense gluten","publisher":{"@id":"https:\/\/koiliako.com\/ca\/#organization"},"potentialAction":[{"@type":"SearchAction","target":{"@type":"EntryPoint","urlTemplate":"https:\/\/koiliako.com\/ca\/?s={search_term_string}"},"query-input":{"@type":"PropertyValueSpecification","valueRequired":true,"valueName":"search_term_string"}}],"inLanguage":"ca"},{"@type":"Organization","@id":"https:\/\/koiliako.com\/ca\/#organization","name":"Koiliako","url":"https:\/\/koiliako.com\/ca\/","logo":{"@type":"ImageObject","inLanguage":"ca","@id":"https:\/\/koiliako.com\/ca\/#\/schema\/logo\/image\/","url":"https:\/\/koiliako.com\/wp-content\/uploads\/2021\/11\/LOGO-KOILIAKOS-FINAL-scaled.jpg","contentUrl":"https:\/\/koiliako.com\/wp-content\/uploads\/2021\/11\/LOGO-KOILIAKOS-FINAL-scaled.jpg","width":2560,"height":1810,"caption":"Koiliako"},"image":{"@id":"https:\/\/koiliako.com\/ca\/#\/schema\/logo\/image\/"},"sameAs":["https:\/\/www.facebook.com\/koiliako.shop","https:\/\/www.instagram.com\/koiliako.shop\/"]}]}},"_links":{"self":[{"href":"https:\/\/koiliako.com\/ca\/wp-json\/wp\/v2\/product\/474","targetHints":{"allow":["GET"]}}],"collection":[{"href":"https:\/\/koiliako.com\/ca\/wp-json\/wp\/v2\/product"}],"about":[{"href":"https:\/\/koiliako.com\/ca\/wp-json\/wp\/v2\/types\/product"}],"wp:featuredmedia":[{"embeddable":true,"href":"https:\/\/koiliako.com\/ca\/wp-json\/wp\/v2\/media\/810"}],"wp:attachment":[{"href":"https:\/\/koiliako.com\/ca\/wp-json\/wp\/v2\/media?parent=474"}],"wp:term":[{"taxonomy":"product_brand","embeddable":true,"href":"https:\/\/koiliako.com\/ca\/wp-json\/wp\/v2\/product_brand?post=474"},{"taxonomy":"product_cat","embeddable":true,"href":"https:\/\/koiliako.com\/ca\/wp-json\/wp\/v2\/product_cat?post=474"},{"taxonomy":"product_tag","embeddable":true,"href":"https:\/\/koiliako.com\/ca\/wp-json\/wp\/v2\/product_tag?post=474"}],"curies":[{"name":"wp","href":"https:\/\/api.w.org\/{rel}","templated":true}]}}