{"id":479,"date":"2021-01-18T12:46:33","date_gmt":"2021-01-18T11:46:33","guid":{"rendered":"https:\/\/koiliako.com\/producto\/maidea-tubetti-rigati-sense-gluten-500g\/"},"modified":"2023-09-28T07:52:18","modified_gmt":"2023-09-28T05:52:18","slug":"maidea-tubetti-rigati-sense-gluten-500g","status":"publish","type":"product","link":"https:\/\/koiliako.com\/ca\/producte\/maidea-tubetti-rigati-sense-gluten-500g\/","title":{"rendered":"TUBETTI RIGATI SENSE GLUTEN (500g) Maidea"},"content":{"rendered":"<p><a href=\"https:\/\/koiliako.com\/categoria-producto\/pasta-sin-gluten\/\">TUBETTI RIGATI<\/a> SENSE GLUTEN (500g) de Maidea. Fets amb farina de blat de moro, farina d&#8217;arr\u00f2s i aigua. Pasta diet\u00e8tica de qualitat artesanal trefilada al bronze, en forma de tub petit amb ratlles. La selecci\u00f3 de les millors farines de blat de moro i arr\u00f2s sense gluten assegura un sabor refinat i equilibrat. Una gran font de fibres. Es recomanen per a la preparaci\u00f3 de potatges de llegums, per a sopes o tamb\u00e9 per a barrejar amb salses lleugeres amb tom\u00e0quet i alf\u00e0brega.<\/p>\n","protected":false},"excerpt":{"rendered":"<p>Pasta sense gluten amb forma de tub petit amb ratlles. Ideals per a sopes i salses lleugeres. \u00a1Dona-li un cop d&#8217;ull al nostre <a href=\"https:\/\/koiliako.com\/blog-koilia-ko\/\">blog<\/a> i fes delicioses receptes!<\/p>\n","protected":false},"featured_media":2458,"template":"","meta":{"_et_pb_use_builder":"","_et_pb_old_content":"","_et_gb_content_width":"","inline_featured_image":false},"product_brand":[],"product_cat":[26,134],"product_tag":[180,208,164,209],"class_list":{"0":"post-479","1":"product","2":"type-product","3":"status-publish","4":"has-post-thumbnail","6":"product_cat-pasta-ca","7":"product_cat-tubetti-rigati-ca","8":"product_tag-maidea-ca","9":"product_tag-nens-es","10":"product_tag-pasta-curta","11":"product_tag-sopes-ca","13":"first","14":"outofstock","15":"taxable","16":"shipping-taxable","17":"purchasable","18":"product-type-simple","19":"add-to-wishlist-after_add_to_cart"},"yoast_head":"<!-- This site is optimized with the Yoast SEO plugin v25.3.1 - https:\/\/yoast.com\/wordpress\/plugins\/seo\/ -->\n<title>TUBETTI RIGATI SENSE GLUTEN (500g) de Maidea - Koiliako<\/title>\n<meta name=\"description\" content=\"Comprar TUBETTI RIGATI SENSE GLUTEN (500g) de Maidea. Amb forma de tub petit amb ratlles. Ideals per a sopes i salses lleugeres.\" \/>\n<meta name=\"robots\" content=\"index, follow, max-snippet:-1, max-image-preview:large, max-video-preview:-1\" \/>\n<link rel=\"canonical\" href=\"https:\/\/koiliako.com\/ca\/producte\/maidea-tubetti-rigati-sense-gluten-500g\/\" \/>\n<meta property=\"og:locale\" content=\"ca_ES\" \/>\n<meta property=\"og:type\" content=\"article\" \/>\n<meta property=\"og:title\" content=\"TUBETTI RIGATI SENSE GLUTEN (500g) de Maidea - Koiliako\" \/>\n<meta property=\"og:description\" content=\"Comprar TUBETTI RIGATI SENSE GLUTEN (500g) de Maidea. Amb forma de tub petit amb ratlles. Ideals per a sopes i salses lleugeres.\" \/>\n<meta property=\"og:url\" content=\"https:\/\/koiliako.com\/ca\/producte\/maidea-tubetti-rigati-sense-gluten-500g\/\" \/>\n<meta property=\"og:site_name\" content=\"Koilia ko\" \/>\n<meta property=\"article:publisher\" content=\"https:\/\/www.facebook.com\/koiliako.shop\" \/>\n<meta property=\"article:modified_time\" content=\"2023-09-28T05:52:18+00:00\" \/>\n<meta property=\"og:image\" content=\"https:\/\/koiliako.com\/wp-content\/uploads\/2021\/01\/tubetti-rigati-maidea-1.jpg\" \/>\n\t<meta property=\"og:image:width\" content=\"1746\" \/>\n\t<meta property=\"og:image:height\" content=\"1674\" \/>\n\t<meta property=\"og:image:type\" content=\"image\/jpeg\" \/>\n<meta name=\"twitter:card\" content=\"summary_large_image\" \/>\n<script type=\"application\/ld+json\" class=\"yoast-schema-graph\">{\"@context\":\"https:\/\/schema.org\",\"@graph\":[{\"@type\":\"WebPage\",\"@id\":\"https:\/\/koiliako.com\/ca\/producte\/maidea-tubetti-rigati-sense-gluten-500g\/\",\"url\":\"https:\/\/koiliako.com\/ca\/producte\/maidea-tubetti-rigati-sense-gluten-500g\/\",\"name\":\"TUBETTI RIGATI SENSE GLUTEN (500g) de Maidea - Koiliako\",\"isPartOf\":{\"@id\":\"https:\/\/koiliako.com\/ca\/#website\"},\"primaryImageOfPage\":{\"@id\":\"https:\/\/koiliako.com\/ca\/producte\/maidea-tubetti-rigati-sense-gluten-500g\/#primaryimage\"},\"image\":{\"@id\":\"https:\/\/koiliako.com\/ca\/producte\/maidea-tubetti-rigati-sense-gluten-500g\/#primaryimage\"},\"thumbnailUrl\":\"https:\/\/koiliako.com\/wp-content\/uploads\/2021\/01\/tubetti-rigati-maidea-1.jpg\",\"datePublished\":\"2021-01-18T11:46:33+00:00\",\"dateModified\":\"2023-09-28T05:52:18+00:00\",\"description\":\"Comprar TUBETTI RIGATI SENSE GLUTEN (500g) de Maidea. Amb forma de tub petit amb ratlles. Ideals per a sopes i salses lleugeres.\",\"breadcrumb\":{\"@id\":\"https:\/\/koiliako.com\/ca\/producte\/maidea-tubetti-rigati-sense-gluten-500g\/#breadcrumb\"},\"inLanguage\":\"ca\",\"potentialAction\":[{\"@type\":\"ReadAction\",\"target\":[\"https:\/\/koiliako.com\/ca\/producte\/maidea-tubetti-rigati-sense-gluten-500g\/\"]}]},{\"@type\":\"ImageObject\",\"inLanguage\":\"ca\",\"@id\":\"https:\/\/koiliako.com\/ca\/producte\/maidea-tubetti-rigati-sense-gluten-500g\/#primaryimage\",\"url\":\"https:\/\/koiliako.com\/wp-content\/uploads\/2021\/01\/tubetti-rigati-maidea-1.jpg\",\"contentUrl\":\"https:\/\/koiliako.com\/wp-content\/uploads\/2021\/01\/tubetti-rigati-maidea-1.jpg\",\"width\":1746,\"height\":1674,\"caption\":\"Tubetti Rigati sense gluten\"},{\"@type\":\"BreadcrumbList\",\"@id\":\"https:\/\/koiliako.com\/ca\/producte\/maidea-tubetti-rigati-sense-gluten-500g\/#breadcrumb\",\"itemListElement\":[{\"@type\":\"ListItem\",\"position\":1,\"name\":\"Portada\",\"item\":\"https:\/\/koiliako.com\/ca\/home\/\"},{\"@type\":\"ListItem\",\"position\":2,\"name\":\"Tienda\",\"item\":\"https:\/\/koiliako.com\/tienda-online-de-productos-sin-gluten-koiliako\/\"},{\"@type\":\"ListItem\",\"position\":3,\"name\":\"TUBETTI RIGATI SENSE GLUTEN (500g) Maidea\"}]},{\"@type\":\"WebSite\",\"@id\":\"https:\/\/koiliako.com\/ca\/#website\",\"url\":\"https:\/\/koiliako.com\/ca\/\",\"name\":\"Koilia ko\",\"description\":\"La teva botiga de pastes i sales sense gluten\",\"publisher\":{\"@id\":\"https:\/\/koiliako.com\/ca\/#organization\"},\"potentialAction\":[{\"@type\":\"SearchAction\",\"target\":{\"@type\":\"EntryPoint\",\"urlTemplate\":\"https:\/\/koiliako.com\/ca\/?s={search_term_string}\"},\"query-input\":{\"@type\":\"PropertyValueSpecification\",\"valueRequired\":true,\"valueName\":\"search_term_string\"}}],\"inLanguage\":\"ca\"},{\"@type\":\"Organization\",\"@id\":\"https:\/\/koiliako.com\/ca\/#organization\",\"name\":\"Koiliako\",\"url\":\"https:\/\/koiliako.com\/ca\/\",\"logo\":{\"@type\":\"ImageObject\",\"inLanguage\":\"ca\",\"@id\":\"https:\/\/koiliako.com\/ca\/#\/schema\/logo\/image\/\",\"url\":\"https:\/\/koiliako.com\/wp-content\/uploads\/2021\/11\/LOGO-KOILIAKOS-FINAL-scaled.jpg\",\"contentUrl\":\"https:\/\/koiliako.com\/wp-content\/uploads\/2021\/11\/LOGO-KOILIAKOS-FINAL-scaled.jpg\",\"width\":2560,\"height\":1810,\"caption\":\"Koiliako\"},\"image\":{\"@id\":\"https:\/\/koiliako.com\/ca\/#\/schema\/logo\/image\/\"},\"sameAs\":[\"https:\/\/www.facebook.com\/koiliako.shop\",\"https:\/\/www.instagram.com\/koiliako.shop\/\"]}]}<\/script>\n<!-- \/ Yoast SEO plugin. -->","yoast_head_json":{"title":"TUBETTI RIGATI SENSE GLUTEN (500g) de Maidea - Koiliako","description":"Comprar TUBETTI RIGATI SENSE GLUTEN (500g) de Maidea. Amb forma de tub petit amb ratlles. Ideals per a sopes i salses lleugeres.","robots":{"index":"index","follow":"follow","max-snippet":"max-snippet:-1","max-image-preview":"max-image-preview:large","max-video-preview":"max-video-preview:-1"},"canonical":"https:\/\/koiliako.com\/ca\/producte\/maidea-tubetti-rigati-sense-gluten-500g\/","og_locale":"ca_ES","og_type":"article","og_title":"TUBETTI RIGATI SENSE GLUTEN (500g) de Maidea - Koiliako","og_description":"Comprar TUBETTI RIGATI SENSE GLUTEN (500g) de Maidea. Amb forma de tub petit amb ratlles. Ideals per a sopes i salses lleugeres.","og_url":"https:\/\/koiliako.com\/ca\/producte\/maidea-tubetti-rigati-sense-gluten-500g\/","og_site_name":"Koilia ko","article_publisher":"https:\/\/www.facebook.com\/koiliako.shop","article_modified_time":"2023-09-28T05:52:18+00:00","og_image":[{"width":1746,"height":1674,"url":"https:\/\/koiliako.com\/wp-content\/uploads\/2021\/01\/tubetti-rigati-maidea-1.jpg","type":"image\/jpeg"}],"twitter_card":"summary_large_image","schema":{"@context":"https:\/\/schema.org","@graph":[{"@type":"WebPage","@id":"https:\/\/koiliako.com\/ca\/producte\/maidea-tubetti-rigati-sense-gluten-500g\/","url":"https:\/\/koiliako.com\/ca\/producte\/maidea-tubetti-rigati-sense-gluten-500g\/","name":"TUBETTI RIGATI SENSE GLUTEN (500g) de Maidea - Koiliako","isPartOf":{"@id":"https:\/\/koiliako.com\/ca\/#website"},"primaryImageOfPage":{"@id":"https:\/\/koiliako.com\/ca\/producte\/maidea-tubetti-rigati-sense-gluten-500g\/#primaryimage"},"image":{"@id":"https:\/\/koiliako.com\/ca\/producte\/maidea-tubetti-rigati-sense-gluten-500g\/#primaryimage"},"thumbnailUrl":"https:\/\/koiliako.com\/wp-content\/uploads\/2021\/01\/tubetti-rigati-maidea-1.jpg","datePublished":"2021-01-18T11:46:33+00:00","dateModified":"2023-09-28T05:52:18+00:00","description":"Comprar TUBETTI RIGATI SENSE GLUTEN (500g) de Maidea. Amb forma de tub petit amb ratlles. Ideals per a sopes i salses lleugeres.","breadcrumb":{"@id":"https:\/\/koiliako.com\/ca\/producte\/maidea-tubetti-rigati-sense-gluten-500g\/#breadcrumb"},"inLanguage":"ca","potentialAction":[{"@type":"ReadAction","target":["https:\/\/koiliako.com\/ca\/producte\/maidea-tubetti-rigati-sense-gluten-500g\/"]}]},{"@type":"ImageObject","inLanguage":"ca","@id":"https:\/\/koiliako.com\/ca\/producte\/maidea-tubetti-rigati-sense-gluten-500g\/#primaryimage","url":"https:\/\/koiliako.com\/wp-content\/uploads\/2021\/01\/tubetti-rigati-maidea-1.jpg","contentUrl":"https:\/\/koiliako.com\/wp-content\/uploads\/2021\/01\/tubetti-rigati-maidea-1.jpg","width":1746,"height":1674,"caption":"Tubetti Rigati sense gluten"},{"@type":"BreadcrumbList","@id":"https:\/\/koiliako.com\/ca\/producte\/maidea-tubetti-rigati-sense-gluten-500g\/#breadcrumb","itemListElement":[{"@type":"ListItem","position":1,"name":"Portada","item":"https:\/\/koiliako.com\/ca\/home\/"},{"@type":"ListItem","position":2,"name":"Tienda","item":"https:\/\/koiliako.com\/tienda-online-de-productos-sin-gluten-koiliako\/"},{"@type":"ListItem","position":3,"name":"TUBETTI RIGATI SENSE GLUTEN (500g) Maidea"}]},{"@type":"WebSite","@id":"https:\/\/koiliako.com\/ca\/#website","url":"https:\/\/koiliako.com\/ca\/","name":"Koilia ko","description":"La teva botiga de pastes i sales sense gluten","publisher":{"@id":"https:\/\/koiliako.com\/ca\/#organization"},"potentialAction":[{"@type":"SearchAction","target":{"@type":"EntryPoint","urlTemplate":"https:\/\/koiliako.com\/ca\/?s={search_term_string}"},"query-input":{"@type":"PropertyValueSpecification","valueRequired":true,"valueName":"search_term_string"}}],"inLanguage":"ca"},{"@type":"Organization","@id":"https:\/\/koiliako.com\/ca\/#organization","name":"Koiliako","url":"https:\/\/koiliako.com\/ca\/","logo":{"@type":"ImageObject","inLanguage":"ca","@id":"https:\/\/koiliako.com\/ca\/#\/schema\/logo\/image\/","url":"https:\/\/koiliako.com\/wp-content\/uploads\/2021\/11\/LOGO-KOILIAKOS-FINAL-scaled.jpg","contentUrl":"https:\/\/koiliako.com\/wp-content\/uploads\/2021\/11\/LOGO-KOILIAKOS-FINAL-scaled.jpg","width":2560,"height":1810,"caption":"Koiliako"},"image":{"@id":"https:\/\/koiliako.com\/ca\/#\/schema\/logo\/image\/"},"sameAs":["https:\/\/www.facebook.com\/koiliako.shop","https:\/\/www.instagram.com\/koiliako.shop\/"]}]}},"_links":{"self":[{"href":"https:\/\/koiliako.com\/ca\/wp-json\/wp\/v2\/product\/479","targetHints":{"allow":["GET"]}}],"collection":[{"href":"https:\/\/koiliako.com\/ca\/wp-json\/wp\/v2\/product"}],"about":[{"href":"https:\/\/koiliako.com\/ca\/wp-json\/wp\/v2\/types\/product"}],"wp:featuredmedia":[{"embeddable":true,"href":"https:\/\/koiliako.com\/ca\/wp-json\/wp\/v2\/media\/2458"}],"wp:attachment":[{"href":"https:\/\/koiliako.com\/ca\/wp-json\/wp\/v2\/media?parent=479"}],"wp:term":[{"taxonomy":"product_brand","embeddable":true,"href":"https:\/\/koiliako.com\/ca\/wp-json\/wp\/v2\/product_brand?post=479"},{"taxonomy":"product_cat","embeddable":true,"href":"https:\/\/koiliako.com\/ca\/wp-json\/wp\/v2\/product_cat?post=479"},{"taxonomy":"product_tag","embeddable":true,"href":"https:\/\/koiliako.com\/ca\/wp-json\/wp\/v2\/product_tag?post=479"}],"curies":[{"name":"wp","href":"https:\/\/api.w.org\/{rel}","templated":true}]}}