{"id":484,"date":"2021-01-18T12:44:44","date_gmt":"2021-01-18T11:44:44","guid":{"rendered":"https:\/\/koiliako.com\/producto\/maidea-fusilli-sense-gluten-500g\/"},"modified":"2025-11-19T19:12:37","modified_gmt":"2025-11-19T18:12:37","slug":"maidea-fusilli-sense-gluten-500g","status":"publish","type":"product","link":"https:\/\/koiliako.com\/ca\/producte\/maidea-fusilli-sense-gluten-500g\/","title":{"rendered":"Maidea Fusilli sense gluten 500g"},"content":{"rendered":"<p>Fusilli sense gluten de Maidea, fets amb farina de blat de moro, farina d&#8217;arr\u00f2s i aigua. Pasta diet\u00e8tica de qualitat artesanal trefilada al bronze en forma d&#8217;espiral. La selecci\u00f3 de les millors farines de blat de moro i arr\u00f2s sense gluten assegura un sabor refinat i equilibrat. Una gran font de fibres. Perfecte per a salses simples i amanides fresques.<\/p>\n","protected":false},"excerpt":{"rendered":"<p>Espirals sense gluten de blat de moro i arr\u00f2s amb una gran font de fibres.<\/p>\n","protected":false},"featured_media":2480,"template":"","meta":{"_et_pb_use_builder":"","_et_pb_old_content":"","_et_gb_content_width":"","inline_featured_image":false},"product_brand":[],"product_cat":[122,26],"product_tag":[207,180,164,150],"class_list":{"0":"post-484","1":"product","2":"type-product","3":"status-publish","4":"has-post-thumbnail","6":"product_cat-fusilli-ca","7":"product_cat-pasta-ca","8":"product_tag-amanides-ca","9":"product_tag-maidea-ca","10":"product_tag-pasta-curta","11":"product_tag-pasta-freda","13":"first","14":"outofstock","15":"taxable","16":"shipping-taxable","17":"purchasable","18":"product-type-simple","19":"add-to-wishlist-after_add_to_cart"},"yoast_head":"<!-- This site is optimized with the Yoast SEO plugin v25.3.1 - https:\/\/yoast.com\/wordpress\/plugins\/seo\/ -->\n<title>Fusilli sense gluten Maidea (500g) - Koiliako<\/title>\n<meta name=\"description\" content=\"Comprar Fusilli sense gluten de la marca Maidea. 500g. Espirals sense gluten de blat de moro i arr\u00f2s amb una gran font de fibres.\" \/>\n<meta name=\"robots\" content=\"index, follow, max-snippet:-1, max-image-preview:large, max-video-preview:-1\" \/>\n<link rel=\"canonical\" href=\"https:\/\/koiliako.com\/ca\/producte\/maidea-fusilli-sense-gluten-500g\/\" \/>\n<meta property=\"og:locale\" content=\"ca_ES\" \/>\n<meta property=\"og:type\" content=\"article\" \/>\n<meta property=\"og:title\" content=\"Fusilli sense gluten Maidea (500g) - Koiliako\" \/>\n<meta property=\"og:description\" content=\"Comprar Fusilli sense gluten de la marca Maidea. 500g. Espirals sense gluten de blat de moro i arr\u00f2s amb una gran font de fibres.\" \/>\n<meta property=\"og:url\" content=\"https:\/\/koiliako.com\/ca\/producte\/maidea-fusilli-sense-gluten-500g\/\" \/>\n<meta property=\"og:site_name\" content=\"Koilia ko\" \/>\n<meta property=\"article:publisher\" content=\"https:\/\/www.facebook.com\/koiliako.shop\" \/>\n<meta property=\"article:modified_time\" content=\"2025-11-19T18:12:37+00:00\" \/>\n<meta property=\"og:image\" content=\"https:\/\/koiliako.com\/wp-content\/uploads\/2021\/01\/fusilli-Maidea-2.jpg\" \/>\n\t<meta property=\"og:image:width\" content=\"1500\" \/>\n\t<meta property=\"og:image:height\" content=\"1500\" \/>\n\t<meta property=\"og:image:type\" content=\"image\/jpeg\" \/>\n<meta name=\"twitter:card\" content=\"summary_large_image\" \/>\n<script type=\"application\/ld+json\" class=\"yoast-schema-graph\">{\"@context\":\"https:\/\/schema.org\",\"@graph\":[{\"@type\":\"WebPage\",\"@id\":\"https:\/\/koiliako.com\/ca\/producte\/maidea-fusilli-sense-gluten-500g\/\",\"url\":\"https:\/\/koiliako.com\/ca\/producte\/maidea-fusilli-sense-gluten-500g\/\",\"name\":\"Fusilli sense gluten Maidea (500g) - Koiliako\",\"isPartOf\":{\"@id\":\"https:\/\/koiliako.com\/ca\/#website\"},\"primaryImageOfPage\":{\"@id\":\"https:\/\/koiliako.com\/ca\/producte\/maidea-fusilli-sense-gluten-500g\/#primaryimage\"},\"image\":{\"@id\":\"https:\/\/koiliako.com\/ca\/producte\/maidea-fusilli-sense-gluten-500g\/#primaryimage\"},\"thumbnailUrl\":\"https:\/\/koiliako.com\/wp-content\/uploads\/2021\/01\/fusilli-Maidea-2.jpg\",\"datePublished\":\"2021-01-18T11:44:44+00:00\",\"dateModified\":\"2025-11-19T18:12:37+00:00\",\"description\":\"Comprar Fusilli sense gluten de la marca Maidea. 500g. Espirals sense gluten de blat de moro i arr\u00f2s amb una gran font de fibres.\",\"breadcrumb\":{\"@id\":\"https:\/\/koiliako.com\/ca\/producte\/maidea-fusilli-sense-gluten-500g\/#breadcrumb\"},\"inLanguage\":\"ca\",\"potentialAction\":[{\"@type\":\"ReadAction\",\"target\":[\"https:\/\/koiliako.com\/ca\/producte\/maidea-fusilli-sense-gluten-500g\/\"]}]},{\"@type\":\"ImageObject\",\"inLanguage\":\"ca\",\"@id\":\"https:\/\/koiliako.com\/ca\/producte\/maidea-fusilli-sense-gluten-500g\/#primaryimage\",\"url\":\"https:\/\/koiliako.com\/wp-content\/uploads\/2021\/01\/fusilli-Maidea-2.jpg\",\"contentUrl\":\"https:\/\/koiliako.com\/wp-content\/uploads\/2021\/01\/fusilli-Maidea-2.jpg\",\"width\":1500,\"height\":1500,\"caption\":\"Fusilli sin gluten de Maidea\"},{\"@type\":\"BreadcrumbList\",\"@id\":\"https:\/\/koiliako.com\/ca\/producte\/maidea-fusilli-sense-gluten-500g\/#breadcrumb\",\"itemListElement\":[{\"@type\":\"ListItem\",\"position\":1,\"name\":\"Portada\",\"item\":\"https:\/\/koiliako.com\/ca\/home\/\"},{\"@type\":\"ListItem\",\"position\":2,\"name\":\"Tienda\",\"item\":\"https:\/\/koiliako.com\/tienda-online-de-productos-sin-gluten-koiliako\/\"},{\"@type\":\"ListItem\",\"position\":3,\"name\":\"Maidea Fusilli sense gluten 500g\"}]},{\"@type\":\"WebSite\",\"@id\":\"https:\/\/koiliako.com\/ca\/#website\",\"url\":\"https:\/\/koiliako.com\/ca\/\",\"name\":\"Koilia ko\",\"description\":\"La teva botiga de pastes i sales sense gluten\",\"publisher\":{\"@id\":\"https:\/\/koiliako.com\/ca\/#organization\"},\"potentialAction\":[{\"@type\":\"SearchAction\",\"target\":{\"@type\":\"EntryPoint\",\"urlTemplate\":\"https:\/\/koiliako.com\/ca\/?s={search_term_string}\"},\"query-input\":{\"@type\":\"PropertyValueSpecification\",\"valueRequired\":true,\"valueName\":\"search_term_string\"}}],\"inLanguage\":\"ca\"},{\"@type\":\"Organization\",\"@id\":\"https:\/\/koiliako.com\/ca\/#organization\",\"name\":\"Koiliako\",\"url\":\"https:\/\/koiliako.com\/ca\/\",\"logo\":{\"@type\":\"ImageObject\",\"inLanguage\":\"ca\",\"@id\":\"https:\/\/koiliako.com\/ca\/#\/schema\/logo\/image\/\",\"url\":\"https:\/\/koiliako.com\/wp-content\/uploads\/2021\/11\/LOGO-KOILIAKOS-FINAL-scaled.jpg\",\"contentUrl\":\"https:\/\/koiliako.com\/wp-content\/uploads\/2021\/11\/LOGO-KOILIAKOS-FINAL-scaled.jpg\",\"width\":2560,\"height\":1810,\"caption\":\"Koiliako\"},\"image\":{\"@id\":\"https:\/\/koiliako.com\/ca\/#\/schema\/logo\/image\/\"},\"sameAs\":[\"https:\/\/www.facebook.com\/koiliako.shop\",\"https:\/\/www.instagram.com\/koiliako.shop\/\"]}]}<\/script>\n<!-- \/ Yoast SEO plugin. -->","yoast_head_json":{"title":"Fusilli sense gluten Maidea (500g) - Koiliako","description":"Comprar Fusilli sense gluten de la marca Maidea. 500g. Espirals sense gluten de blat de moro i arr\u00f2s amb una gran font de fibres.","robots":{"index":"index","follow":"follow","max-snippet":"max-snippet:-1","max-image-preview":"max-image-preview:large","max-video-preview":"max-video-preview:-1"},"canonical":"https:\/\/koiliako.com\/ca\/producte\/maidea-fusilli-sense-gluten-500g\/","og_locale":"ca_ES","og_type":"article","og_title":"Fusilli sense gluten Maidea (500g) - Koiliako","og_description":"Comprar Fusilli sense gluten de la marca Maidea. 500g. Espirals sense gluten de blat de moro i arr\u00f2s amb una gran font de fibres.","og_url":"https:\/\/koiliako.com\/ca\/producte\/maidea-fusilli-sense-gluten-500g\/","og_site_name":"Koilia ko","article_publisher":"https:\/\/www.facebook.com\/koiliako.shop","article_modified_time":"2025-11-19T18:12:37+00:00","og_image":[{"width":1500,"height":1500,"url":"https:\/\/koiliako.com\/wp-content\/uploads\/2021\/01\/fusilli-Maidea-2.jpg","type":"image\/jpeg"}],"twitter_card":"summary_large_image","schema":{"@context":"https:\/\/schema.org","@graph":[{"@type":"WebPage","@id":"https:\/\/koiliako.com\/ca\/producte\/maidea-fusilli-sense-gluten-500g\/","url":"https:\/\/koiliako.com\/ca\/producte\/maidea-fusilli-sense-gluten-500g\/","name":"Fusilli sense gluten Maidea (500g) - Koiliako","isPartOf":{"@id":"https:\/\/koiliako.com\/ca\/#website"},"primaryImageOfPage":{"@id":"https:\/\/koiliako.com\/ca\/producte\/maidea-fusilli-sense-gluten-500g\/#primaryimage"},"image":{"@id":"https:\/\/koiliako.com\/ca\/producte\/maidea-fusilli-sense-gluten-500g\/#primaryimage"},"thumbnailUrl":"https:\/\/koiliako.com\/wp-content\/uploads\/2021\/01\/fusilli-Maidea-2.jpg","datePublished":"2021-01-18T11:44:44+00:00","dateModified":"2025-11-19T18:12:37+00:00","description":"Comprar Fusilli sense gluten de la marca Maidea. 500g. Espirals sense gluten de blat de moro i arr\u00f2s amb una gran font de fibres.","breadcrumb":{"@id":"https:\/\/koiliako.com\/ca\/producte\/maidea-fusilli-sense-gluten-500g\/#breadcrumb"},"inLanguage":"ca","potentialAction":[{"@type":"ReadAction","target":["https:\/\/koiliako.com\/ca\/producte\/maidea-fusilli-sense-gluten-500g\/"]}]},{"@type":"ImageObject","inLanguage":"ca","@id":"https:\/\/koiliako.com\/ca\/producte\/maidea-fusilli-sense-gluten-500g\/#primaryimage","url":"https:\/\/koiliako.com\/wp-content\/uploads\/2021\/01\/fusilli-Maidea-2.jpg","contentUrl":"https:\/\/koiliako.com\/wp-content\/uploads\/2021\/01\/fusilli-Maidea-2.jpg","width":1500,"height":1500,"caption":"Fusilli sin gluten de Maidea"},{"@type":"BreadcrumbList","@id":"https:\/\/koiliako.com\/ca\/producte\/maidea-fusilli-sense-gluten-500g\/#breadcrumb","itemListElement":[{"@type":"ListItem","position":1,"name":"Portada","item":"https:\/\/koiliako.com\/ca\/home\/"},{"@type":"ListItem","position":2,"name":"Tienda","item":"https:\/\/koiliako.com\/tienda-online-de-productos-sin-gluten-koiliako\/"},{"@type":"ListItem","position":3,"name":"Maidea Fusilli sense gluten 500g"}]},{"@type":"WebSite","@id":"https:\/\/koiliako.com\/ca\/#website","url":"https:\/\/koiliako.com\/ca\/","name":"Koilia ko","description":"La teva botiga de pastes i sales sense gluten","publisher":{"@id":"https:\/\/koiliako.com\/ca\/#organization"},"potentialAction":[{"@type":"SearchAction","target":{"@type":"EntryPoint","urlTemplate":"https:\/\/koiliako.com\/ca\/?s={search_term_string}"},"query-input":{"@type":"PropertyValueSpecification","valueRequired":true,"valueName":"search_term_string"}}],"inLanguage":"ca"},{"@type":"Organization","@id":"https:\/\/koiliako.com\/ca\/#organization","name":"Koiliako","url":"https:\/\/koiliako.com\/ca\/","logo":{"@type":"ImageObject","inLanguage":"ca","@id":"https:\/\/koiliako.com\/ca\/#\/schema\/logo\/image\/","url":"https:\/\/koiliako.com\/wp-content\/uploads\/2021\/11\/LOGO-KOILIAKOS-FINAL-scaled.jpg","contentUrl":"https:\/\/koiliako.com\/wp-content\/uploads\/2021\/11\/LOGO-KOILIAKOS-FINAL-scaled.jpg","width":2560,"height":1810,"caption":"Koiliako"},"image":{"@id":"https:\/\/koiliako.com\/ca\/#\/schema\/logo\/image\/"},"sameAs":["https:\/\/www.facebook.com\/koiliako.shop","https:\/\/www.instagram.com\/koiliako.shop\/"]}]}},"_links":{"self":[{"href":"https:\/\/koiliako.com\/ca\/wp-json\/wp\/v2\/product\/484","targetHints":{"allow":["GET"]}}],"collection":[{"href":"https:\/\/koiliako.com\/ca\/wp-json\/wp\/v2\/product"}],"about":[{"href":"https:\/\/koiliako.com\/ca\/wp-json\/wp\/v2\/types\/product"}],"wp:featuredmedia":[{"embeddable":true,"href":"https:\/\/koiliako.com\/ca\/wp-json\/wp\/v2\/media\/2480"}],"wp:attachment":[{"href":"https:\/\/koiliako.com\/ca\/wp-json\/wp\/v2\/media?parent=484"}],"wp:term":[{"taxonomy":"product_brand","embeddable":true,"href":"https:\/\/koiliako.com\/ca\/wp-json\/wp\/v2\/product_brand?post=484"},{"taxonomy":"product_cat","embeddable":true,"href":"https:\/\/koiliako.com\/ca\/wp-json\/wp\/v2\/product_cat?post=484"},{"taxonomy":"product_tag","embeddable":true,"href":"https:\/\/koiliako.com\/ca\/wp-json\/wp\/v2\/product_tag?post=484"}],"curies":[{"name":"wp","href":"https:\/\/api.w.org\/{rel}","templated":true}]}}