{"id":487,"date":"2021-01-18T12:43:37","date_gmt":"2021-01-18T11:43:37","guid":{"rendered":"https:\/\/koiliako.com\/producto\/maidea-mezze-maniche-rigate-sense-gluten-500g\/"},"modified":"2025-09-18T09:02:08","modified_gmt":"2025-09-18T07:02:08","slug":"maidea-mezze-maniche-rigate-sin-gluten-500g","status":"publish","type":"product","link":"https:\/\/koiliako.com\/ca\/producte\/maidea-mezze-maniche-rigate-sin-gluten-500g\/","title":{"rendered":"Maidea Mezze Maniche Rigate sin gluten 500g"},"content":{"rendered":"<p>Mezze Maniche Rigate sin gluten Maidea (500g) &#8211; Koiliako Pasta de qualitat artesanal trefilada al bronze, en forma de tub mitj\u00e0 amb ratlles. La selecci\u00f3n de las mejores harinas de ma\u00edz y arroz sin gluten, asegura un sabor elegante y delicado. Realcen les salses amb cos.<\/p>\n","protected":false},"excerpt":{"rendered":"<p>Pasta sin gluten en forma de tubo mediano con ranuras. S\u00f3n ideals acompanyats amb carn o peix, o salses contundents.<\/p>\n","protected":false},"featured_media":2468,"template":"","meta":{"_et_pb_use_builder":"","_et_pb_old_content":"","_et_gb_content_width":"","inline_featured_image":false},"product_brand":[],"product_cat":[125,26],"product_tag":[180,164],"class_list":{"0":"post-487","1":"product","2":"type-product","3":"status-publish","4":"has-post-thumbnail","6":"product_cat-mezze-maniche-rigate-ca","7":"product_cat-pasta-ca","8":"product_tag-maidea-ca","9":"product_tag-pasta-curta","11":"first","12":"outofstock","13":"taxable","14":"shipping-taxable","15":"purchasable","16":"product-type-simple","17":"add-to-wishlist-after_add_to_cart"},"yoast_head":"<!-- This site is optimized with the Yoast SEO plugin v25.3.1 - https:\/\/yoast.com\/wordpress\/plugins\/seo\/ -->\n<title>Mezze Maniche Rigate sin gluten Maidea (500g) - Koiliako<\/title>\n<meta name=\"description\" content=\"Comprar Mezze Maniche Rigate sin gluten de la marca Maidea. 500g. S\u00f3n ideals acompanyats amb carne, peix o salses contundents.\" \/>\n<meta name=\"robots\" content=\"index, follow, max-snippet:-1, max-image-preview:large, max-video-preview:-1\" \/>\n<link rel=\"canonical\" href=\"https:\/\/koiliako.com\/ca\/producte\/maidea-mezze-maniche-rigate-sin-gluten-500g\/\" \/>\n<meta property=\"og:locale\" content=\"ca_ES\" \/>\n<meta property=\"og:type\" content=\"article\" \/>\n<meta property=\"og:title\" content=\"Mezze Maniche Rigate sin gluten Maidea (500g) - Koiliako\" \/>\n<meta property=\"og:description\" content=\"Comprar Mezze Maniche Rigate sin gluten de la marca Maidea. 500g. S\u00f3n ideals acompanyats amb carne, peix o salses contundents.\" \/>\n<meta property=\"og:url\" content=\"https:\/\/koiliako.com\/ca\/producte\/maidea-mezze-maniche-rigate-sin-gluten-500g\/\" \/>\n<meta property=\"og:site_name\" content=\"Koilia ko\" \/>\n<meta property=\"article:publisher\" content=\"https:\/\/www.facebook.com\/koiliako.shop\" \/>\n<meta property=\"article:modified_time\" content=\"2025-09-18T07:02:08+00:00\" \/>\n<meta property=\"og:image\" content=\"https:\/\/koiliako.com\/wp-content\/uploads\/2021\/01\/mezzi-maniche-rigate-maidea.jpg\" \/>\n\t<meta property=\"og:image:width\" content=\"1746\" \/>\n\t<meta property=\"og:image:height\" content=\"1674\" \/>\n\t<meta property=\"og:image:type\" content=\"image\/jpeg\" \/>\n<meta name=\"twitter:card\" content=\"summary_large_image\" \/>\n<script type=\"application\/ld+json\" class=\"yoast-schema-graph\">{\"@context\":\"https:\/\/schema.org\",\"@graph\":[{\"@type\":\"WebPage\",\"@id\":\"https:\/\/koiliako.com\/ca\/producte\/maidea-mezze-maniche-rigate-sin-gluten-500g\/\",\"url\":\"https:\/\/koiliako.com\/ca\/producte\/maidea-mezze-maniche-rigate-sin-gluten-500g\/\",\"name\":\"Mezze Maniche Rigate sin gluten Maidea (500g) - Koiliako\",\"isPartOf\":{\"@id\":\"https:\/\/koiliako.com\/ca\/#website\"},\"primaryImageOfPage\":{\"@id\":\"https:\/\/koiliako.com\/ca\/producte\/maidea-mezze-maniche-rigate-sin-gluten-500g\/#primaryimage\"},\"image\":{\"@id\":\"https:\/\/koiliako.com\/ca\/producte\/maidea-mezze-maniche-rigate-sin-gluten-500g\/#primaryimage\"},\"thumbnailUrl\":\"https:\/\/koiliako.com\/wp-content\/uploads\/2021\/01\/mezzi-maniche-rigate-maidea.jpg\",\"datePublished\":\"2021-01-18T11:43:37+00:00\",\"dateModified\":\"2025-09-18T07:02:08+00:00\",\"description\":\"Comprar Mezze Maniche Rigate sin gluten de la marca Maidea. 500g. S\u00f3n ideals acompanyats amb carne, peix o salses contundents.\",\"breadcrumb\":{\"@id\":\"https:\/\/koiliako.com\/ca\/producte\/maidea-mezze-maniche-rigate-sin-gluten-500g\/#breadcrumb\"},\"inLanguage\":\"ca\",\"potentialAction\":[{\"@type\":\"ReadAction\",\"target\":[\"https:\/\/koiliako.com\/ca\/producte\/maidea-mezze-maniche-rigate-sin-gluten-500g\/\"]}]},{\"@type\":\"ImageObject\",\"inLanguage\":\"ca\",\"@id\":\"https:\/\/koiliako.com\/ca\/producte\/maidea-mezze-maniche-rigate-sin-gluten-500g\/#primaryimage\",\"url\":\"https:\/\/koiliako.com\/wp-content\/uploads\/2021\/01\/mezzi-maniche-rigate-maidea.jpg\",\"contentUrl\":\"https:\/\/koiliako.com\/wp-content\/uploads\/2021\/01\/mezzi-maniche-rigate-maidea.jpg\",\"width\":1746,\"height\":1674,\"caption\":\"Mezze maniche rigate sin gluten de Maidea\"},{\"@type\":\"BreadcrumbList\",\"@id\":\"https:\/\/koiliako.com\/ca\/producte\/maidea-mezze-maniche-rigate-sin-gluten-500g\/#breadcrumb\",\"itemListElement\":[{\"@type\":\"ListItem\",\"position\":1,\"name\":\"Portada\",\"item\":\"https:\/\/koiliako.com\/ca\/home\/\"},{\"@type\":\"ListItem\",\"position\":2,\"name\":\"Tienda\",\"item\":\"https:\/\/koiliako.com\/tienda-online-de-productos-sin-gluten-koiliako\/\"},{\"@type\":\"ListItem\",\"position\":3,\"name\":\"Maidea Mezze Maniche Rigate sin gluten 500g\"}]},{\"@type\":\"WebSite\",\"@id\":\"https:\/\/koiliako.com\/ca\/#website\",\"url\":\"https:\/\/koiliako.com\/ca\/\",\"name\":\"Koilia ko\",\"description\":\"La teva botiga de pastes i sales sense gluten\",\"publisher\":{\"@id\":\"https:\/\/koiliako.com\/ca\/#organization\"},\"potentialAction\":[{\"@type\":\"SearchAction\",\"target\":{\"@type\":\"EntryPoint\",\"urlTemplate\":\"https:\/\/koiliako.com\/ca\/?s={search_term_string}\"},\"query-input\":{\"@type\":\"PropertyValueSpecification\",\"valueRequired\":true,\"valueName\":\"search_term_string\"}}],\"inLanguage\":\"ca\"},{\"@type\":\"Organization\",\"@id\":\"https:\/\/koiliako.com\/ca\/#organization\",\"name\":\"Koiliako\",\"url\":\"https:\/\/koiliako.com\/ca\/\",\"logo\":{\"@type\":\"ImageObject\",\"inLanguage\":\"ca\",\"@id\":\"https:\/\/koiliako.com\/ca\/#\/schema\/logo\/image\/\",\"url\":\"https:\/\/koiliako.com\/wp-content\/uploads\/2021\/11\/LOGO-KOILIAKOS-FINAL-scaled.jpg\",\"contentUrl\":\"https:\/\/koiliako.com\/wp-content\/uploads\/2021\/11\/LOGO-KOILIAKOS-FINAL-scaled.jpg\",\"width\":2560,\"height\":1810,\"caption\":\"Koiliako\"},\"image\":{\"@id\":\"https:\/\/koiliako.com\/ca\/#\/schema\/logo\/image\/\"},\"sameAs\":[\"https:\/\/www.facebook.com\/koiliako.shop\",\"https:\/\/www.instagram.com\/koiliako.shop\/\"]}]}<\/script>\n<!-- \/ Yoast SEO plugin. -->","yoast_head_json":{"title":"Mezze Maniche Rigate sin gluten Maidea (500g) - Koiliako","description":"Comprar Mezze Maniche Rigate sin gluten de la marca Maidea. 500g. S\u00f3n ideals acompanyats amb carne, peix o salses contundents.","robots":{"index":"index","follow":"follow","max-snippet":"max-snippet:-1","max-image-preview":"max-image-preview:large","max-video-preview":"max-video-preview:-1"},"canonical":"https:\/\/koiliako.com\/ca\/producte\/maidea-mezze-maniche-rigate-sin-gluten-500g\/","og_locale":"ca_ES","og_type":"article","og_title":"Mezze Maniche Rigate sin gluten Maidea (500g) - Koiliako","og_description":"Comprar Mezze Maniche Rigate sin gluten de la marca Maidea. 500g. S\u00f3n ideals acompanyats amb carne, peix o salses contundents.","og_url":"https:\/\/koiliako.com\/ca\/producte\/maidea-mezze-maniche-rigate-sin-gluten-500g\/","og_site_name":"Koilia ko","article_publisher":"https:\/\/www.facebook.com\/koiliako.shop","article_modified_time":"2025-09-18T07:02:08+00:00","og_image":[{"width":1746,"height":1674,"url":"https:\/\/koiliako.com\/wp-content\/uploads\/2021\/01\/mezzi-maniche-rigate-maidea.jpg","type":"image\/jpeg"}],"twitter_card":"summary_large_image","schema":{"@context":"https:\/\/schema.org","@graph":[{"@type":"WebPage","@id":"https:\/\/koiliako.com\/ca\/producte\/maidea-mezze-maniche-rigate-sin-gluten-500g\/","url":"https:\/\/koiliako.com\/ca\/producte\/maidea-mezze-maniche-rigate-sin-gluten-500g\/","name":"Mezze Maniche Rigate sin gluten Maidea (500g) - Koiliako","isPartOf":{"@id":"https:\/\/koiliako.com\/ca\/#website"},"primaryImageOfPage":{"@id":"https:\/\/koiliako.com\/ca\/producte\/maidea-mezze-maniche-rigate-sin-gluten-500g\/#primaryimage"},"image":{"@id":"https:\/\/koiliako.com\/ca\/producte\/maidea-mezze-maniche-rigate-sin-gluten-500g\/#primaryimage"},"thumbnailUrl":"https:\/\/koiliako.com\/wp-content\/uploads\/2021\/01\/mezzi-maniche-rigate-maidea.jpg","datePublished":"2021-01-18T11:43:37+00:00","dateModified":"2025-09-18T07:02:08+00:00","description":"Comprar Mezze Maniche Rigate sin gluten de la marca Maidea. 500g. S\u00f3n ideals acompanyats amb carne, peix o salses contundents.","breadcrumb":{"@id":"https:\/\/koiliako.com\/ca\/producte\/maidea-mezze-maniche-rigate-sin-gluten-500g\/#breadcrumb"},"inLanguage":"ca","potentialAction":[{"@type":"ReadAction","target":["https:\/\/koiliako.com\/ca\/producte\/maidea-mezze-maniche-rigate-sin-gluten-500g\/"]}]},{"@type":"ImageObject","inLanguage":"ca","@id":"https:\/\/koiliako.com\/ca\/producte\/maidea-mezze-maniche-rigate-sin-gluten-500g\/#primaryimage","url":"https:\/\/koiliako.com\/wp-content\/uploads\/2021\/01\/mezzi-maniche-rigate-maidea.jpg","contentUrl":"https:\/\/koiliako.com\/wp-content\/uploads\/2021\/01\/mezzi-maniche-rigate-maidea.jpg","width":1746,"height":1674,"caption":"Mezze maniche rigate sin gluten de Maidea"},{"@type":"BreadcrumbList","@id":"https:\/\/koiliako.com\/ca\/producte\/maidea-mezze-maniche-rigate-sin-gluten-500g\/#breadcrumb","itemListElement":[{"@type":"ListItem","position":1,"name":"Portada","item":"https:\/\/koiliako.com\/ca\/home\/"},{"@type":"ListItem","position":2,"name":"Tienda","item":"https:\/\/koiliako.com\/tienda-online-de-productos-sin-gluten-koiliako\/"},{"@type":"ListItem","position":3,"name":"Maidea Mezze Maniche Rigate sin gluten 500g"}]},{"@type":"WebSite","@id":"https:\/\/koiliako.com\/ca\/#website","url":"https:\/\/koiliako.com\/ca\/","name":"Koilia ko","description":"La teva botiga de pastes i sales sense gluten","publisher":{"@id":"https:\/\/koiliako.com\/ca\/#organization"},"potentialAction":[{"@type":"SearchAction","target":{"@type":"EntryPoint","urlTemplate":"https:\/\/koiliako.com\/ca\/?s={search_term_string}"},"query-input":{"@type":"PropertyValueSpecification","valueRequired":true,"valueName":"search_term_string"}}],"inLanguage":"ca"},{"@type":"Organization","@id":"https:\/\/koiliako.com\/ca\/#organization","name":"Koiliako","url":"https:\/\/koiliako.com\/ca\/","logo":{"@type":"ImageObject","inLanguage":"ca","@id":"https:\/\/koiliako.com\/ca\/#\/schema\/logo\/image\/","url":"https:\/\/koiliako.com\/wp-content\/uploads\/2021\/11\/LOGO-KOILIAKOS-FINAL-scaled.jpg","contentUrl":"https:\/\/koiliako.com\/wp-content\/uploads\/2021\/11\/LOGO-KOILIAKOS-FINAL-scaled.jpg","width":2560,"height":1810,"caption":"Koiliako"},"image":{"@id":"https:\/\/koiliako.com\/ca\/#\/schema\/logo\/image\/"},"sameAs":["https:\/\/www.facebook.com\/koiliako.shop","https:\/\/www.instagram.com\/koiliako.shop\/"]}]}},"_links":{"self":[{"href":"https:\/\/koiliako.com\/ca\/wp-json\/wp\/v2\/product\/487","targetHints":{"allow":["GET"]}}],"collection":[{"href":"https:\/\/koiliako.com\/ca\/wp-json\/wp\/v2\/product"}],"about":[{"href":"https:\/\/koiliako.com\/ca\/wp-json\/wp\/v2\/types\/product"}],"wp:featuredmedia":[{"embeddable":true,"href":"https:\/\/koiliako.com\/ca\/wp-json\/wp\/v2\/media\/2468"}],"wp:attachment":[{"href":"https:\/\/koiliako.com\/ca\/wp-json\/wp\/v2\/media?parent=487"}],"wp:term":[{"taxonomy":"product_brand","embeddable":true,"href":"https:\/\/koiliako.com\/ca\/wp-json\/wp\/v2\/product_brand?post=487"},{"taxonomy":"product_cat","embeddable":true,"href":"https:\/\/koiliako.com\/ca\/wp-json\/wp\/v2\/product_cat?post=487"},{"taxonomy":"product_tag","embeddable":true,"href":"https:\/\/koiliako.com\/ca\/wp-json\/wp\/v2\/product_tag?post=487"}],"curies":[{"name":"wp","href":"https:\/\/api.w.org\/{rel}","templated":true}]}}