{"id":773,"date":"2021-01-28T09:06:56","date_gmt":"2021-01-28T08:24:53","guid":{"rendered":"https:\/\/koiliako.com\/?post_type=product&#038;p=773"},"modified":"2025-11-19T19:12:37","modified_gmt":"2025-11-19T18:12:37","slug":"rummo-linguine-no13-sense-gluten-400g","status":"publish","type":"product","link":"https:\/\/koiliako.com\/ca\/producte\/rummo-linguine-no13-sense-gluten-400g\/","title":{"rendered":"LINGUINE N\u00ba13 SENSE GLUTEN (400g) Rummo"},"content":{"rendered":"<p><span data-sheets-value=\"{\"1\":2,\"2\":\"Linguine N\u00ba13 sin gluten de Rummo, hechos con harina de ma\u00edz y harina de arroz integral. Pasta sin gluten en forma de lengua (tiras planas largas). M\u00e9todo de procesado al vapor que se obtiene una masa suave y equilibrada. Se adaptan perfectamente a cualquier salsa. OGM Free (hechos con ingredientes no transg\u00e9nicos).\"}\" data-sheets-userformat=\"{\"2\":14849,\"3\":{\"1\":0},\"12\":0,\"14\":{\"1\":2,\"2\":0},\"15\":\"Arial\",\"16\":10}\"><a href=\"https:\/\/koiliako.com\/ca\/categoria-producte\/pasta-ca\/\">LINGUINE N\u00ba13<\/a> SENSE GLUTEN (400g) de Rummo. Fets amb farina de blat de moro i farina d&#8217;arr\u00f2s integral. Pasta sense gluten en forma de llengua (tires planes llargues). M\u00e8tode de procesat al vapor que s&#8217;obt\u00e9 una massa suau i equilibrada. S&#8217;adapten perfectament a qualsevol salsa. OGM Free (fets amb ingredients no transg\u00e8nics).<\/span><\/p>\n","protected":false},"excerpt":{"rendered":"<p><span data-sheets-value=\"{\"1\":2,\"2\":\"Espaguetis planos sin gluten, perfectos para la combinaci\u00f3n con verduras frescas, un chorrito de aceite de oliva, ajo y guindilla. Tambi\u00e9n para las recetas tradicionales como la carbonara, bolo\u00f1esa o napolitana.\"}\" data-sheets-userformat=\"{\"2\":14849,\"3\":{\"1\":0},\"12\":0,\"14\":{\"1\":2,\"2\":0},\"15\":\"Arial\",\"16\":10}\">Espaguetis plans sense gluten, perfectes per a la combinaci\u00f3 amb verdures fresques, un rajol\u00ed d&#8217;oli d&#8217;oliva, all i bitxo. Tamb\u00e9 per a les receptes tradicionals com la carbonara, bolonyesa o napolitana.<\/span><\/p>\n","protected":false},"featured_media":2390,"template":"","meta":{"_et_pb_use_builder":"","_et_pb_old_content":"","_et_gb_content_width":"","inline_featured_image":false},"product_brand":[],"product_cat":[124,26],"product_tag":[208,156,350],"class_list":{"0":"post-773","1":"product","2":"type-product","3":"status-publish","4":"has-post-thumbnail","6":"product_cat-linguine-ca","7":"product_cat-pasta-ca","8":"product_tag-nens-es","9":"product_tag-pasta-llarga","10":"product_tag-rummo-ca","12":"first","13":"instock","14":"taxable","15":"shipping-taxable","16":"purchasable","17":"product-type-simple","18":"add-to-wishlist-after_add_to_cart"},"yoast_head":"<!-- This site is optimized with the Yoast SEO plugin v25.3.1 - https:\/\/yoast.com\/wordpress\/plugins\/seo\/ -->\n<title>LINGUINE N\u00ba13 SENSE GLUTEN (400g) de Rummo - Koiliako<\/title>\n<meta name=\"description\" content=\"Comprar LINGUINE N\u00ba13 SENSE GLUTEN (400g) de Rummo. Espaguetis plans, perfectes per a la combinaci\u00f3 amb verdures fresques,... Veure m\u00e9s!\" \/>\n<meta name=\"robots\" content=\"index, follow, max-snippet:-1, max-image-preview:large, max-video-preview:-1\" \/>\n<link rel=\"canonical\" href=\"https:\/\/koiliako.com\/ca\/producte\/rummo-linguine-no13-sense-gluten-400g\/\" \/>\n<meta property=\"og:locale\" content=\"ca_ES\" \/>\n<meta property=\"og:type\" content=\"article\" \/>\n<meta property=\"og:title\" content=\"LINGUINE N\u00ba13 SENSE GLUTEN (400g) de Rummo - Koiliako\" \/>\n<meta property=\"og:description\" content=\"Comprar LINGUINE N\u00ba13 SENSE GLUTEN (400g) de Rummo. Espaguetis plans, perfectes per a la combinaci\u00f3 amb verdures fresques,... Veure m\u00e9s!\" \/>\n<meta property=\"og:url\" content=\"https:\/\/koiliako.com\/ca\/producte\/rummo-linguine-no13-sense-gluten-400g\/\" \/>\n<meta property=\"og:site_name\" content=\"Koilia ko\" \/>\n<meta property=\"article:publisher\" content=\"https:\/\/www.facebook.com\/koiliako.shop\" \/>\n<meta property=\"article:modified_time\" content=\"2025-11-19T18:12:37+00:00\" \/>\n<meta property=\"og:image\" content=\"https:\/\/koiliako.com\/wp-content\/uploads\/2021\/01\/Linguine-Rummo-2.jpg\" \/>\n\t<meta property=\"og:image:width\" content=\"1666\" \/>\n\t<meta property=\"og:image:height\" content=\"1667\" \/>\n\t<meta property=\"og:image:type\" content=\"image\/jpeg\" \/>\n<meta name=\"twitter:card\" content=\"summary_large_image\" \/>\n<script type=\"application\/ld+json\" class=\"yoast-schema-graph\">{\"@context\":\"https:\/\/schema.org\",\"@graph\":[{\"@type\":\"WebPage\",\"@id\":\"https:\/\/koiliako.com\/ca\/producte\/rummo-linguine-no13-sense-gluten-400g\/\",\"url\":\"https:\/\/koiliako.com\/ca\/producte\/rummo-linguine-no13-sense-gluten-400g\/\",\"name\":\"LINGUINE N\u00ba13 SENSE GLUTEN (400g) de Rummo - Koiliako\",\"isPartOf\":{\"@id\":\"https:\/\/koiliako.com\/ca\/#website\"},\"primaryImageOfPage\":{\"@id\":\"https:\/\/koiliako.com\/ca\/producte\/rummo-linguine-no13-sense-gluten-400g\/#primaryimage\"},\"image\":{\"@id\":\"https:\/\/koiliako.com\/ca\/producte\/rummo-linguine-no13-sense-gluten-400g\/#primaryimage\"},\"thumbnailUrl\":\"https:\/\/koiliako.com\/wp-content\/uploads\/2021\/01\/Linguine-Rummo-2.jpg\",\"datePublished\":\"2021-01-28T08:24:53+00:00\",\"dateModified\":\"2025-11-19T18:12:37+00:00\",\"description\":\"Comprar LINGUINE N\u00ba13 SENSE GLUTEN (400g) de Rummo. Espaguetis plans, perfectes per a la combinaci\u00f3 amb verdures fresques,... Veure m\u00e9s!\",\"breadcrumb\":{\"@id\":\"https:\/\/koiliako.com\/ca\/producte\/rummo-linguine-no13-sense-gluten-400g\/#breadcrumb\"},\"inLanguage\":\"ca\",\"potentialAction\":[{\"@type\":\"ReadAction\",\"target\":[\"https:\/\/koiliako.com\/ca\/producte\/rummo-linguine-no13-sense-gluten-400g\/\"]}]},{\"@type\":\"ImageObject\",\"inLanguage\":\"ca\",\"@id\":\"https:\/\/koiliako.com\/ca\/producte\/rummo-linguine-no13-sense-gluten-400g\/#primaryimage\",\"url\":\"https:\/\/koiliako.com\/wp-content\/uploads\/2021\/01\/Linguine-Rummo-2.jpg\",\"contentUrl\":\"https:\/\/koiliako.com\/wp-content\/uploads\/2021\/01\/Linguine-Rummo-2.jpg\",\"width\":1666,\"height\":1667,\"caption\":\"Linguine sense gluten Rummo\"},{\"@type\":\"BreadcrumbList\",\"@id\":\"https:\/\/koiliako.com\/ca\/producte\/rummo-linguine-no13-sense-gluten-400g\/#breadcrumb\",\"itemListElement\":[{\"@type\":\"ListItem\",\"position\":1,\"name\":\"Portada\",\"item\":\"https:\/\/koiliako.com\/ca\/home\/\"},{\"@type\":\"ListItem\",\"position\":2,\"name\":\"Tienda\",\"item\":\"https:\/\/koiliako.com\/tienda-online-de-productos-sin-gluten-koiliako\/\"},{\"@type\":\"ListItem\",\"position\":3,\"name\":\"LINGUINE N\u00ba13 SENSE GLUTEN (400g) Rummo\"}]},{\"@type\":\"WebSite\",\"@id\":\"https:\/\/koiliako.com\/ca\/#website\",\"url\":\"https:\/\/koiliako.com\/ca\/\",\"name\":\"Koilia ko\",\"description\":\"La teva botiga de pastes i sales sense gluten\",\"publisher\":{\"@id\":\"https:\/\/koiliako.com\/ca\/#organization\"},\"potentialAction\":[{\"@type\":\"SearchAction\",\"target\":{\"@type\":\"EntryPoint\",\"urlTemplate\":\"https:\/\/koiliako.com\/ca\/?s={search_term_string}\"},\"query-input\":{\"@type\":\"PropertyValueSpecification\",\"valueRequired\":true,\"valueName\":\"search_term_string\"}}],\"inLanguage\":\"ca\"},{\"@type\":\"Organization\",\"@id\":\"https:\/\/koiliako.com\/ca\/#organization\",\"name\":\"Koiliako\",\"url\":\"https:\/\/koiliako.com\/ca\/\",\"logo\":{\"@type\":\"ImageObject\",\"inLanguage\":\"ca\",\"@id\":\"https:\/\/koiliako.com\/ca\/#\/schema\/logo\/image\/\",\"url\":\"https:\/\/koiliako.com\/wp-content\/uploads\/2021\/11\/LOGO-KOILIAKOS-FINAL-scaled.jpg\",\"contentUrl\":\"https:\/\/koiliako.com\/wp-content\/uploads\/2021\/11\/LOGO-KOILIAKOS-FINAL-scaled.jpg\",\"width\":2560,\"height\":1810,\"caption\":\"Koiliako\"},\"image\":{\"@id\":\"https:\/\/koiliako.com\/ca\/#\/schema\/logo\/image\/\"},\"sameAs\":[\"https:\/\/www.facebook.com\/koiliako.shop\",\"https:\/\/www.instagram.com\/koiliako.shop\/\"]}]}<\/script>\n<!-- \/ Yoast SEO plugin. -->","yoast_head_json":{"title":"LINGUINE N\u00ba13 SENSE GLUTEN (400g) de Rummo - Koiliako","description":"Comprar LINGUINE N\u00ba13 SENSE GLUTEN (400g) de Rummo. Espaguetis plans, perfectes per a la combinaci\u00f3 amb verdures fresques,... Veure m\u00e9s!","robots":{"index":"index","follow":"follow","max-snippet":"max-snippet:-1","max-image-preview":"max-image-preview:large","max-video-preview":"max-video-preview:-1"},"canonical":"https:\/\/koiliako.com\/ca\/producte\/rummo-linguine-no13-sense-gluten-400g\/","og_locale":"ca_ES","og_type":"article","og_title":"LINGUINE N\u00ba13 SENSE GLUTEN (400g) de Rummo - Koiliako","og_description":"Comprar LINGUINE N\u00ba13 SENSE GLUTEN (400g) de Rummo. Espaguetis plans, perfectes per a la combinaci\u00f3 amb verdures fresques,... Veure m\u00e9s!","og_url":"https:\/\/koiliako.com\/ca\/producte\/rummo-linguine-no13-sense-gluten-400g\/","og_site_name":"Koilia ko","article_publisher":"https:\/\/www.facebook.com\/koiliako.shop","article_modified_time":"2025-11-19T18:12:37+00:00","og_image":[{"width":1666,"height":1667,"url":"https:\/\/koiliako.com\/wp-content\/uploads\/2021\/01\/Linguine-Rummo-2.jpg","type":"image\/jpeg"}],"twitter_card":"summary_large_image","schema":{"@context":"https:\/\/schema.org","@graph":[{"@type":"WebPage","@id":"https:\/\/koiliako.com\/ca\/producte\/rummo-linguine-no13-sense-gluten-400g\/","url":"https:\/\/koiliako.com\/ca\/producte\/rummo-linguine-no13-sense-gluten-400g\/","name":"LINGUINE N\u00ba13 SENSE GLUTEN (400g) de Rummo - Koiliako","isPartOf":{"@id":"https:\/\/koiliako.com\/ca\/#website"},"primaryImageOfPage":{"@id":"https:\/\/koiliako.com\/ca\/producte\/rummo-linguine-no13-sense-gluten-400g\/#primaryimage"},"image":{"@id":"https:\/\/koiliako.com\/ca\/producte\/rummo-linguine-no13-sense-gluten-400g\/#primaryimage"},"thumbnailUrl":"https:\/\/koiliako.com\/wp-content\/uploads\/2021\/01\/Linguine-Rummo-2.jpg","datePublished":"2021-01-28T08:24:53+00:00","dateModified":"2025-11-19T18:12:37+00:00","description":"Comprar LINGUINE N\u00ba13 SENSE GLUTEN (400g) de Rummo. Espaguetis plans, perfectes per a la combinaci\u00f3 amb verdures fresques,... Veure m\u00e9s!","breadcrumb":{"@id":"https:\/\/koiliako.com\/ca\/producte\/rummo-linguine-no13-sense-gluten-400g\/#breadcrumb"},"inLanguage":"ca","potentialAction":[{"@type":"ReadAction","target":["https:\/\/koiliako.com\/ca\/producte\/rummo-linguine-no13-sense-gluten-400g\/"]}]},{"@type":"ImageObject","inLanguage":"ca","@id":"https:\/\/koiliako.com\/ca\/producte\/rummo-linguine-no13-sense-gluten-400g\/#primaryimage","url":"https:\/\/koiliako.com\/wp-content\/uploads\/2021\/01\/Linguine-Rummo-2.jpg","contentUrl":"https:\/\/koiliako.com\/wp-content\/uploads\/2021\/01\/Linguine-Rummo-2.jpg","width":1666,"height":1667,"caption":"Linguine sense gluten Rummo"},{"@type":"BreadcrumbList","@id":"https:\/\/koiliako.com\/ca\/producte\/rummo-linguine-no13-sense-gluten-400g\/#breadcrumb","itemListElement":[{"@type":"ListItem","position":1,"name":"Portada","item":"https:\/\/koiliako.com\/ca\/home\/"},{"@type":"ListItem","position":2,"name":"Tienda","item":"https:\/\/koiliako.com\/tienda-online-de-productos-sin-gluten-koiliako\/"},{"@type":"ListItem","position":3,"name":"LINGUINE N\u00ba13 SENSE GLUTEN (400g) Rummo"}]},{"@type":"WebSite","@id":"https:\/\/koiliako.com\/ca\/#website","url":"https:\/\/koiliako.com\/ca\/","name":"Koilia ko","description":"La teva botiga de pastes i sales sense gluten","publisher":{"@id":"https:\/\/koiliako.com\/ca\/#organization"},"potentialAction":[{"@type":"SearchAction","target":{"@type":"EntryPoint","urlTemplate":"https:\/\/koiliako.com\/ca\/?s={search_term_string}"},"query-input":{"@type":"PropertyValueSpecification","valueRequired":true,"valueName":"search_term_string"}}],"inLanguage":"ca"},{"@type":"Organization","@id":"https:\/\/koiliako.com\/ca\/#organization","name":"Koiliako","url":"https:\/\/koiliako.com\/ca\/","logo":{"@type":"ImageObject","inLanguage":"ca","@id":"https:\/\/koiliako.com\/ca\/#\/schema\/logo\/image\/","url":"https:\/\/koiliako.com\/wp-content\/uploads\/2021\/11\/LOGO-KOILIAKOS-FINAL-scaled.jpg","contentUrl":"https:\/\/koiliako.com\/wp-content\/uploads\/2021\/11\/LOGO-KOILIAKOS-FINAL-scaled.jpg","width":2560,"height":1810,"caption":"Koiliako"},"image":{"@id":"https:\/\/koiliako.com\/ca\/#\/schema\/logo\/image\/"},"sameAs":["https:\/\/www.facebook.com\/koiliako.shop","https:\/\/www.instagram.com\/koiliako.shop\/"]}]}},"_links":{"self":[{"href":"https:\/\/koiliako.com\/ca\/wp-json\/wp\/v2\/product\/773","targetHints":{"allow":["GET"]}}],"collection":[{"href":"https:\/\/koiliako.com\/ca\/wp-json\/wp\/v2\/product"}],"about":[{"href":"https:\/\/koiliako.com\/ca\/wp-json\/wp\/v2\/types\/product"}],"wp:featuredmedia":[{"embeddable":true,"href":"https:\/\/koiliako.com\/ca\/wp-json\/wp\/v2\/media\/2390"}],"wp:attachment":[{"href":"https:\/\/koiliako.com\/ca\/wp-json\/wp\/v2\/media?parent=773"}],"wp:term":[{"taxonomy":"product_brand","embeddable":true,"href":"https:\/\/koiliako.com\/ca\/wp-json\/wp\/v2\/product_brand?post=773"},{"taxonomy":"product_cat","embeddable":true,"href":"https:\/\/koiliako.com\/ca\/wp-json\/wp\/v2\/product_cat?post=773"},{"taxonomy":"product_tag","embeddable":true,"href":"https:\/\/koiliako.com\/ca\/wp-json\/wp\/v2\/product_tag?post=773"}],"curies":[{"name":"wp","href":"https:\/\/api.w.org\/{rel}","templated":true}]}}